{"id":811,"date":"2019-09-16T10:38:09","date_gmt":"2019-09-16T08:38:09","guid":{"rendered":"http:\/\/kark.de\/wordpress\/?page_id=811"},"modified":"2023-07-31T16:11:33","modified_gmt":"2023-07-31T14:11:33","slug":"identificacion","status":"publish","type":"page","link":"https:\/\/www.kark.de\/cms\/es\/identificacion\/","title":{"rendered":"Identificaci\u00f3n"},"content":{"rendered":"<p>Direcci\u00f3n: KARK GmbH<br \/>\nCuxhavener Strasse 60 a<br \/>\n21149 Hamburgo<br \/>\nAlemania<br \/>\nTel\u00e9fono: +49-40-797 004-0<br \/>\nFax: +49-40-797 004-50<br \/>\neMail:\u00a0<a href=\"mailto:info@kark.de\">info@kark.de<\/a><br \/>\nInternet: http:\/\/www.kark.de<\/p>\n<p>Comarca de registro: Distrito de Hamburgo<br \/>\nN\u00famero del registro: HRB 123035<br \/>\nDirector\u00eda representativa: Dipl.-Kaufm. Johannes Buch, Birgit Buch, Alexander Buch<\/p>\n<p>Derechos de autor: \u00a9 2011-2023 Kark GmbH. Todos los derechos reservados<\/p>\n<p>&nbsp;<\/p>\n<h2><strong>Negaci\u00f3n de responsabilidad<\/strong><\/h2>\n<p><strong>1. Contenido de la oferta on-line<\/strong><\/p>\n<p>El autor no asume cualquier responsabilidad respecto a la actualizaci\u00f3n, entereza o calidad de las informaciones puestas a la disposici\u00f3n. Reivindicaciones de responsabilidad, fundamentadas en da\u00f1os materiales o de naturaleza intangible y resultantes del empleo o bien del no empleo de las informaciones presentadas o hasta mismo del empleo de las informaciones conteniendo errores o incompletas, ser\u00e1n rechazadas, una vez que no se compruebe, de la parte del autor, la intenci\u00f3n de perjudicar a alguien. Todas las ofertas se presentan sin compromiso y sin ninguna obligaci\u00f3n. El autor se reserva el derecho de, sin comunicaci\u00f3n espec\u00edfica, cambiar, completar, eliminar o cesar provisionalmente o definitivamente partes de las p\u00e1ginas o la totalidad de la oferta.<\/p>\n<p><strong>2. Referencias y links<\/strong><\/p>\n<p>En el caso de referencias directas o indirectas a p\u00e1ginas de la Internet (&#8222;hyperlinks&#8220;), que se encuentren fuera del l\u00edmite de interferencia del autor, este solo podr\u00eda hacerse responsable si tuviera conocimiento de sus contenidos y si le fuera posible impedir tecnicamente el empleo de tales contenidos si ellos fueren de naturaleza ilegal. El autor declara aqu\u00ed expresamente que, en el momento del arreglo de los links, no eran reconocibles contenidos de naturaleza ilegal en las p\u00e1ginas consideradas. El autor no tiene cualquier interferencia sobre la configuraci\u00f3n actual o futura de los contenidos o sobre la autor\u00eda de las p\u00e1ginas enlazadas. Por eso \u00e9l se aleja expresamente de todos los contenidos de todas las p\u00e1ginas enlazadas que puedan ser cambiadas despu\u00e9s del arreglo de los links. Eso vale para todos los links y referencias establecidos en la esfera de la propia oferta de la Internet, as\u00ed como para registros de terceros en libros de visitantes, reuniones para discusiones y relaciones de direcciones. Solamente aqu\u00e9l que ofrece la p\u00e1gina referida, y no aqu\u00e9l que simplemente indica la publicaci\u00f3n por medio de links, ser\u00e1 el responsable por contenidos ilegales, errores u omisiones y, sobretodo, por da\u00f1os resultantes del empleo o bien del no empleo de informaciones as\u00ed puestas a la disposici\u00f3n.<\/p>\n<p><strong>3. Derechos de autor y de marcas<\/strong><\/p>\n<p>El autor se esfuerzar\u00e1 para, en todas las publicaciones, respetar los derechos de autor de los gr\u00e1ficos, documentos sonoros, secuencias de v\u00eddeo y textos, emplear gr\u00e1ficos, documentos sonoros, secuencias de v\u00eddeo y textos hechos por \u00e9l mismo o recurrir a gr\u00e1ficos, documentos sonoros, secuencias de v\u00eddeo y textos libres de permiso. Todos los s\u00edmbolos y marcas registrados, mencionados en la oferta de la Internet y eventualmente de propiedad de terceros, se encuentran totalmente sometidos a las determinaciones del derecho de marcas en vigor y a los derechos de propiedad de los respectivos propietarios debidamente registrados. La simple referencia de marcas registradas no significa que ellas no est\u00e9n protegidas por derechos de terceros! Los derechos de autor de cosas publicadas, preparadas por el propio autor, se quedan en manos del autor de las p\u00e1ginas. La reproducci\u00f3n o el empleo de tales gr\u00e1ficos, documentos sonoros, secuencias de v\u00eddeo y textos en otras publicaciones electr\u00f3nicas o impresas no ser\u00e1 permitida sin el expreso permiso del autor.<\/p>\n<p><strong>4. Privacidad<\/strong><\/p>\n<p>Una vez que haya la posibilidad de informarse datos personales o de empresas (direcciones postales y electr\u00f3nicas, nombres) en la oferta de la Internet, la divulgaci\u00f3n de estos datos por el usuario ocurre por su libre y espont\u00e1neo deseo. Es permitido el empleo, as\u00ed como el pago de todos los servicios ofrecidos &#8211; una vez que tecnicamente factibles &#8211; a\u00fan que sin indicaci\u00f3n de estos datos o bien bajo indicaci\u00f3n de datos an\u00f3nimos o pseud\u00f3nimo. No es permitido el empleo de los datos divulgados para fines de contacto, como direcciones postales, n\u00fameros de tel\u00e9fono y fax, as\u00ed como direcciones electr\u00f3nicas, de la parte de terceros para la transmisi\u00f3n de informaciones no pedidas formalmente. Se queda expresamente reservado el derecho de adopci\u00f3n de providencias judiciales contra los remitentes de los llamados spams en el caso de violaci\u00f3n de esa prohibici\u00f3n.<\/p>\n<p>En esta Pagina Web se colectan y se archivan datos con la Tecnolog\u00eda de la etracker GmbH (www.etracker.de) para fines de mercadeo y optimizaci\u00f3n. Con estos datos se crean perfiles de uso bajo un seud\u00f3nimo. Para esto se pueden utilizar cookies. Los cookies son peque\u00f1os ficheros de texto que son archivados en la memoria intermedia de los navegadores de Internet de los visitantes de las paginas Web. Los cookies permiten el reconocimiento del Navegador de internet. Estos datos procesados con la tecnolog\u00eda etracker no seran utilizados sin el permiso explicito del interesado ni para identificar personalmente al visitante de esa pagina Web, como tampoco para ser vinculados con datos personales sobre el portador del seud\u00f3nimo. El procesamiento y el archivamiento de datos puede ser revocados en cualquier momento con efectos futuros.<\/p>\n<p><strong>5. Validez legal de esta negaci\u00f3n de responsabilidad<\/strong><\/p>\n<p>Esta negaci\u00f3n de responsabilidad debe considerarse como parte de la oferta de la Internet, a partir de la cual se ha hecho referencia a esta p\u00e1gina. A\u00fan que partes o formulaciones aisladas de este texto no correspondan o no correspondan m\u00e1s o, todav\u00eda, no correspondan totalmente a la situaci\u00f3n legal vigente, las partes restantes del documento se quedan intactas respecto a su contenido y a su validez.<\/p>\n","protected":false},"excerpt":{"rendered":"<p>Direcci\u00f3n: KARK GmbH Cuxhavener Strasse 60 a 21149 Hamburgo Alemania Tel\u00e9fono: +49-40-797 004-0 Fax: +49-40-797 004-50 eMail:\u00a0info@kark.de Internet: http:\/\/www.kark.de Comarca de registro: Distrito de Hamburgo N\u00famero del registro: HRB 123035 Director\u00eda representativa: Dipl.-Kaufm. Johannes Buch, Birgit Buch, Alexander Buch Derechos de autor: \u00a9 2011-2023 Kark GmbH. Todos los derechos reservados &nbsp; Negaci\u00f3n de responsabilidad 1. [&hellip;]<\/p>\n","protected":false},"author":1,"featured_media":0,"parent":0,"menu_order":3,"comment_status":"closed","ping_status":"closed","template":"","meta":{"_acf_changed":false,"site-sidebar-layout":"default","site-content-layout":"default","ast-site-content-layout":"","site-content-style":"default","site-sidebar-style":"default","ast-global-header-display":"","ast-banner-title-visibility":"","ast-main-header-display":"","ast-hfb-above-header-display":"","ast-hfb-below-header-display":"","ast-hfb-mobile-header-display":"","site-post-title":"","ast-breadcrumbs-content":"","ast-featured-img":"","footer-sml-layout":"","theme-transparent-header-meta":"default","adv-header-id-meta":"","stick-header-meta":"","header-above-stick-meta":"","header-main-stick-meta":"","header-below-stick-meta":"","astra-migrate-meta-layouts":"default","ast-page-background-enabled":"default","ast-page-background-meta":{"desktop":{"background-color":"","background-image":"","background-repeat":"repeat","background-position":"center center","background-size":"auto","background-attachment":"scroll","background-type":"","background-media":"","overlay-type":"","overlay-color":"","overlay-gradient":""},"tablet":{"background-color":"","background-image":"","background-repeat":"repeat","background-position":"center center","background-size":"auto","background-attachment":"scroll","background-type":"","background-media":"","overlay-type":"","overlay-color":"","overlay-gradient":""},"mobile":{"background-color":"","background-image":"","background-repeat":"repeat","background-position":"center center","background-size":"auto","background-attachment":"scroll","background-type":"","background-media":"","overlay-type":"","overlay-color":"","overlay-gradient":""}},"ast-content-background-meta":{"desktop":{"background-color":"var(--ast-global-color-5)","background-image":"","background-repeat":"repeat","background-position":"center center","background-size":"auto","background-attachment":"scroll","background-type":"","background-media":"","overlay-type":"","overlay-color":"","overlay-gradient":""},"tablet":{"background-color":"var(--ast-global-color-5)","background-image":"","background-repeat":"repeat","background-position":"center center","background-size":"auto","background-attachment":"scroll","background-type":"","background-media":"","overlay-type":"","overlay-color":"","overlay-gradient":""},"mobile":{"background-color":"var(--ast-global-color-5)","background-image":"","background-repeat":"repeat","background-position":"center center","background-size":"auto","background-attachment":"scroll","background-type":"","background-media":"","overlay-type":"","overlay-color":"","overlay-gradient":""}},"footnotes":""},"class_list":["post-811","page","type-page","status-publish","hentry"],"acf":[],"yoast_head":"<!-- This site is optimized with the Yoast SEO plugin v27.5 - https:\/\/yoast.com\/product\/yoast-seo-wordpress\/ -->\n<title>Identificaci\u00f3n - Kark GmbH<\/title>\n<meta name=\"robots\" content=\"index, follow, max-snippet:-1, max-image-preview:large, max-video-preview:-1\" \/>\n<link rel=\"canonical\" href=\"https:\/\/www.kark.de\/cms\/es\/identificacion\/\" \/>\n<meta property=\"og:locale\" content=\"de_DE\" \/>\n<meta property=\"og:type\" content=\"article\" \/>\n<meta property=\"og:title\" content=\"Identificaci\u00f3n - Kark GmbH\" \/>\n<meta property=\"og:description\" content=\"Direcci\u00f3n: KARK GmbH Cuxhavener Strasse 60 a 21149 Hamburgo Alemania Tel\u00e9fono: +49-40-797 004-0 Fax: +49-40-797 004-50 eMail:\u00a0info@kark.de Internet: http:\/\/www.kark.de Comarca de registro: Distrito de Hamburgo N\u00famero del registro: HRB 123035 Director\u00eda representativa: Dipl.-Kaufm. Johannes Buch, Birgit Buch, Alexander Buch Derechos de autor: \u00a9 2011-2023 Kark GmbH. Todos los derechos reservados &nbsp; Negaci\u00f3n de responsabilidad 1. [&hellip;]\" \/>\n<meta property=\"og:url\" content=\"https:\/\/www.kark.de\/cms\/es\/identificacion\/\" \/>\n<meta property=\"og:site_name\" content=\"Kark GmbH\" \/>\n<meta property=\"article:modified_time\" content=\"2023-07-31T14:11:33+00:00\" \/>\n<meta name=\"twitter:card\" content=\"summary_large_image\" \/>\n<meta name=\"twitter:label1\" content=\"Gesch\u00e4tzte Lesezeit\" \/>\n\t<meta name=\"twitter:data1\" content=\"6\u00a0Minuten\" \/>\n<script type=\"application\/ld+json\" class=\"yoast-schema-graph\">{\"@context\":\"https:\\\/\\\/schema.org\",\"@graph\":[{\"@type\":\"WebPage\",\"@id\":\"https:\\\/\\\/www.kark.de\\\/cms\\\/es\\\/identificacion\\\/\",\"url\":\"https:\\\/\\\/www.kark.de\\\/cms\\\/es\\\/identificacion\\\/\",\"name\":\"Identificaci\u00f3n - Kark GmbH\",\"isPartOf\":{\"@id\":\"https:\\\/\\\/www.kark.de\\\/cms\\\/#website\"},\"datePublished\":\"2019-09-16T08:38:09+00:00\",\"dateModified\":\"2023-07-31T14:11:33+00:00\",\"breadcrumb\":{\"@id\":\"https:\\\/\\\/www.kark.de\\\/cms\\\/es\\\/identificacion\\\/#breadcrumb\"},\"inLanguage\":\"de\",\"potentialAction\":[{\"@type\":\"ReadAction\",\"target\":[\"https:\\\/\\\/www.kark.de\\\/cms\\\/es\\\/identificacion\\\/\"]}]},{\"@type\":\"BreadcrumbList\",\"@id\":\"https:\\\/\\\/www.kark.de\\\/cms\\\/es\\\/identificacion\\\/#breadcrumb\",\"itemListElement\":[{\"@type\":\"ListItem\",\"position\":1,\"name\":\"Startseite\",\"item\":\"https:\\\/\\\/www.kark.de\\\/cms\\\/\"},{\"@type\":\"ListItem\",\"position\":2,\"name\":\"Identificaci\u00f3n\"}]},{\"@type\":\"WebSite\",\"@id\":\"https:\\\/\\\/www.kark.de\\\/cms\\\/#website\",\"url\":\"https:\\\/\\\/www.kark.de\\\/cms\\\/\",\"name\":\"Kark GmbH\",\"description\":\"Eine Website der Kark GmbH\",\"potentialAction\":[{\"@type\":\"SearchAction\",\"target\":{\"@type\":\"EntryPoint\",\"urlTemplate\":\"https:\\\/\\\/www.kark.de\\\/cms\\\/?s={search_term_string}\"},\"query-input\":{\"@type\":\"PropertyValueSpecification\",\"valueRequired\":true,\"valueName\":\"search_term_string\"}}],\"inLanguage\":\"de\"}]}<\/script>\n<!-- \/ Yoast SEO plugin. -->","yoast_head_json":{"title":"Identificaci\u00f3n - Kark GmbH","robots":{"index":"index","follow":"follow","max-snippet":"max-snippet:-1","max-image-preview":"max-image-preview:large","max-video-preview":"max-video-preview:-1"},"canonical":"https:\/\/www.kark.de\/cms\/es\/identificacion\/","og_locale":"de_DE","og_type":"article","og_title":"Identificaci\u00f3n - Kark GmbH","og_description":"Direcci\u00f3n: KARK GmbH Cuxhavener Strasse 60 a 21149 Hamburgo Alemania Tel\u00e9fono: +49-40-797 004-0 Fax: +49-40-797 004-50 eMail:\u00a0info@kark.de Internet: http:\/\/www.kark.de Comarca de registro: Distrito de Hamburgo N\u00famero del registro: HRB 123035 Director\u00eda representativa: Dipl.-Kaufm. Johannes Buch, Birgit Buch, Alexander Buch Derechos de autor: \u00a9 2011-2023 Kark GmbH. Todos los derechos reservados &nbsp; Negaci\u00f3n de responsabilidad 1. [&hellip;]","og_url":"https:\/\/www.kark.de\/cms\/es\/identificacion\/","og_site_name":"Kark GmbH","article_modified_time":"2023-07-31T14:11:33+00:00","twitter_card":"summary_large_image","twitter_misc":{"Gesch\u00e4tzte Lesezeit":"6\u00a0Minuten"},"schema":{"@context":"https:\/\/schema.org","@graph":[{"@type":"WebPage","@id":"https:\/\/www.kark.de\/cms\/es\/identificacion\/","url":"https:\/\/www.kark.de\/cms\/es\/identificacion\/","name":"Identificaci\u00f3n - Kark GmbH","isPartOf":{"@id":"https:\/\/www.kark.de\/cms\/#website"},"datePublished":"2019-09-16T08:38:09+00:00","dateModified":"2023-07-31T14:11:33+00:00","breadcrumb":{"@id":"https:\/\/www.kark.de\/cms\/es\/identificacion\/#breadcrumb"},"inLanguage":"de","potentialAction":[{"@type":"ReadAction","target":["https:\/\/www.kark.de\/cms\/es\/identificacion\/"]}]},{"@type":"BreadcrumbList","@id":"https:\/\/www.kark.de\/cms\/es\/identificacion\/#breadcrumb","itemListElement":[{"@type":"ListItem","position":1,"name":"Startseite","item":"https:\/\/www.kark.de\/cms\/"},{"@type":"ListItem","position":2,"name":"Identificaci\u00f3n"}]},{"@type":"WebSite","@id":"https:\/\/www.kark.de\/cms\/#website","url":"https:\/\/www.kark.de\/cms\/","name":"Kark GmbH","description":"Eine Website der Kark GmbH","potentialAction":[{"@type":"SearchAction","target":{"@type":"EntryPoint","urlTemplate":"https:\/\/www.kark.de\/cms\/?s={search_term_string}"},"query-input":{"@type":"PropertyValueSpecification","valueRequired":true,"valueName":"search_term_string"}}],"inLanguage":"de"}]}},"_links":{"self":[{"href":"https:\/\/www.kark.de\/cms\/wp-json\/wp\/v2\/pages\/811","targetHints":{"allow":["GET"]}}],"collection":[{"href":"https:\/\/www.kark.de\/cms\/wp-json\/wp\/v2\/pages"}],"about":[{"href":"https:\/\/www.kark.de\/cms\/wp-json\/wp\/v2\/types\/page"}],"author":[{"embeddable":true,"href":"https:\/\/www.kark.de\/cms\/wp-json\/wp\/v2\/users\/1"}],"replies":[{"embeddable":true,"href":"https:\/\/www.kark.de\/cms\/wp-json\/wp\/v2\/comments?post=811"}],"version-history":[{"count":3,"href":"https:\/\/www.kark.de\/cms\/wp-json\/wp\/v2\/pages\/811\/revisions"}],"predecessor-version":[{"id":2578,"href":"https:\/\/www.kark.de\/cms\/wp-json\/wp\/v2\/pages\/811\/revisions\/2578"}],"wp:attachment":[{"href":"https:\/\/www.kark.de\/cms\/wp-json\/wp\/v2\/media?parent=811"}],"curies":[{"name":"wp","href":"https:\/\/api.w.org\/{rel}","templated":true}]}}