{"id":6,"date":"2010-12-16T16:13:38","date_gmt":"2010-12-16T15:13:38","guid":{"rendered":"http:\/\/kark.de\/wordpress\/engineering\/"},"modified":"2021-10-04T18:21:50","modified_gmt":"2021-10-04T16:21:50","slug":"engineering","status":"publish","type":"page","link":"https:\/\/www.kark.de\/cms\/maschinenbau-engineering\/engineering\/","title":{"rendered":"Engineering"},"content":{"rendered":"<p>Die Konstruktion ist die Schnittstelle zwischen Theorie und Praxis. Hier werden Neuentwicklungen zur Fertigungsreife gebracht. Dabei arbeiten Konstruktion und Produktion durch den Einsatz modernster 3D- CAD-CAM-Technologie auf h\u00f6chstem Niveau. Fertiggestellte 3D-CAD-Modelle werden direkt in CNC-Programmiersprache umgesetzt. Zeitgleich und automatisiert entstehen dabei auch die notwendigen Programme f\u00fcr unsere 3D-Koordinaten-Messzentren.<\/p>\n<p>Uns geht es nicht nur um das technisch Machbare, sondern auch um das \u00f6konomisch Sinnvolle. Schlie\u00dflich sollen sich jedes Produkt und jede Anlage rechnen. Vor allem f\u00fcr den Kunden. Deshalb wird jeder Kostenfaktor exakt definiert und \u00fcberpr\u00fcft, um die L\u00f6sung zu finden, die die Anspr\u00fcche des Kunden optimal erf\u00fcllt.<\/p>\n<p>Jahrzehntelange Erfahrung schafft Know-How. Dieses m\u00f6chten wir an unsere Kunden weitergeben. Jede Aufgabenstellung wird gr\u00fcndlich analysiert, als Basis f\u00fcr ein umfassendes Beratungskonzept, das wir mit unseren Auftraggebern in die Praxis umsetzen.<\/p>\n<p>F\u00fcr ma\u00dfgeschneiderte L\u00f6sungen in den Bereichen Vorrichtungen, Formen, Maschinen, Anlagen und Werkst\u00fccke, egal ob einfach oder komplex.<\/p>\n","protected":false},"excerpt":{"rendered":"<p>Die Konstruktion ist die Schnittstelle zwischen Theorie und Praxis. Hier werden Neuentwicklungen zur Fertigungsreife gebracht. Dabei arbeiten Konstruktion und Produktion durch den Einsatz modernster 3D- CAD-CAM-Technologie auf h\u00f6chstem Niveau. Fertiggestellte 3D-CAD-Modelle werden direkt in CNC-Programmiersprache umgesetzt. Zeitgleich und automatisiert entstehen dabei auch die notwendigen Programme f\u00fcr unsere 3D-Koordinaten-Messzentren. Uns geht es nicht nur um das [&hellip;]<\/p>\n","protected":false},"author":1,"featured_media":0,"parent":50,"menu_order":5,"comment_status":"closed","ping_status":"closed","template":"","meta":{"_acf_changed":false,"site-sidebar-layout":"default","site-content-layout":"default","ast-site-content-layout":"","site-content-style":"default","site-sidebar-style":"default","ast-global-header-display":"","ast-banner-title-visibility":"","ast-main-header-display":"","ast-hfb-above-header-display":"","ast-hfb-below-header-display":"","ast-hfb-mobile-header-display":"","site-post-title":"","ast-breadcrumbs-content":"","ast-featured-img":"","footer-sml-layout":"","theme-transparent-header-meta":"default","adv-header-id-meta":"","stick-header-meta":"","header-above-stick-meta":"","header-main-stick-meta":"","header-below-stick-meta":"","astra-migrate-meta-layouts":"default","ast-page-background-enabled":"default","ast-page-background-meta":{"desktop":{"background-color":"","background-image":"","background-repeat":"repeat","background-position":"center center","background-size":"auto","background-attachment":"scroll","background-type":"","background-media":"","overlay-type":"","overlay-color":"","overlay-gradient":""},"tablet":{"background-color":"","background-image":"","background-repeat":"repeat","background-position":"center center","background-size":"auto","background-attachment":"scroll","background-type":"","background-media":"","overlay-type":"","overlay-color":"","overlay-gradient":""},"mobile":{"background-color":"","background-image":"","background-repeat":"repeat","background-position":"center center","background-size":"auto","background-attachment":"scroll","background-type":"","background-media":"","overlay-type":"","overlay-color":"","overlay-gradient":""}},"ast-content-background-meta":{"desktop":{"background-color":"var(--ast-global-color-5)","background-image":"","background-repeat":"repeat","background-position":"center center","background-size":"auto","background-attachment":"scroll","background-type":"","background-media":"","overlay-type":"","overlay-color":"","overlay-gradient":""},"tablet":{"background-color":"var(--ast-global-color-5)","background-image":"","background-repeat":"repeat","background-position":"center center","background-size":"auto","background-attachment":"scroll","background-type":"","background-media":"","overlay-type":"","overlay-color":"","overlay-gradient":""},"mobile":{"background-color":"var(--ast-global-color-5)","background-image":"","background-repeat":"repeat","background-position":"center center","background-size":"auto","background-attachment":"scroll","background-type":"","background-media":"","overlay-type":"","overlay-color":"","overlay-gradient":""}},"footnotes":""},"class_list":["post-6","page","type-page","status-publish","hentry"],"acf":[],"yoast_head":"<!-- This site is optimized with the Yoast SEO plugin v27.5 - https:\/\/yoast.com\/product\/yoast-seo-wordpress\/ -->\n<title>Engineering - Kark GmbH<\/title>\n<meta name=\"robots\" content=\"index, follow, max-snippet:-1, max-image-preview:large, max-video-preview:-1\" \/>\n<link rel=\"canonical\" href=\"https:\/\/www.kark.de\/cms\/maschinenbau-engineering\/engineering\/\" \/>\n<meta property=\"og:locale\" content=\"de_DE\" \/>\n<meta property=\"og:type\" content=\"article\" \/>\n<meta property=\"og:title\" content=\"Engineering - Kark GmbH\" \/>\n<meta property=\"og:description\" content=\"Die Konstruktion ist die Schnittstelle zwischen Theorie und Praxis. Hier werden Neuentwicklungen zur Fertigungsreife gebracht. Dabei arbeiten Konstruktion und Produktion durch den Einsatz modernster 3D- CAD-CAM-Technologie auf h\u00f6chstem Niveau. Fertiggestellte 3D-CAD-Modelle werden direkt in CNC-Programmiersprache umgesetzt. Zeitgleich und automatisiert entstehen dabei auch die notwendigen Programme f\u00fcr unsere 3D-Koordinaten-Messzentren. Uns geht es nicht nur um das [&hellip;]\" \/>\n<meta property=\"og:url\" content=\"https:\/\/www.kark.de\/cms\/maschinenbau-engineering\/engineering\/\" \/>\n<meta property=\"og:site_name\" content=\"Kark GmbH\" \/>\n<meta property=\"article:modified_time\" content=\"2021-10-04T16:21:50+00:00\" \/>\n<meta name=\"twitter:card\" content=\"summary_large_image\" \/>\n<meta name=\"twitter:label1\" content=\"Gesch\u00e4tzte Lesezeit\" \/>\n\t<meta name=\"twitter:data1\" content=\"1\u00a0Minute\" \/>\n<script type=\"application\/ld+json\" class=\"yoast-schema-graph\">{\"@context\":\"https:\\\/\\\/schema.org\",\"@graph\":[{\"@type\":\"WebPage\",\"@id\":\"https:\\\/\\\/www.kark.de\\\/cms\\\/maschinenbau-engineering\\\/engineering\\\/\",\"url\":\"https:\\\/\\\/www.kark.de\\\/cms\\\/maschinenbau-engineering\\\/engineering\\\/\",\"name\":\"Engineering - Kark GmbH\",\"isPartOf\":{\"@id\":\"https:\\\/\\\/www.kark.de\\\/cms\\\/#website\"},\"datePublished\":\"2010-12-16T15:13:38+00:00\",\"dateModified\":\"2021-10-04T16:21:50+00:00\",\"breadcrumb\":{\"@id\":\"https:\\\/\\\/www.kark.de\\\/cms\\\/maschinenbau-engineering\\\/engineering\\\/#breadcrumb\"},\"inLanguage\":\"de\",\"potentialAction\":[{\"@type\":\"ReadAction\",\"target\":[\"https:\\\/\\\/www.kark.de\\\/cms\\\/maschinenbau-engineering\\\/engineering\\\/\"]}]},{\"@type\":\"BreadcrumbList\",\"@id\":\"https:\\\/\\\/www.kark.de\\\/cms\\\/maschinenbau-engineering\\\/engineering\\\/#breadcrumb\",\"itemListElement\":[{\"@type\":\"ListItem\",\"position\":1,\"name\":\"Startseite\",\"item\":\"https:\\\/\\\/www.kark.de\\\/cms\\\/\"},{\"@type\":\"ListItem\",\"position\":2,\"name\":\"Maschinenbau &#038; Engineering\",\"item\":\"https:\\\/\\\/www.kark.de\\\/cms\\\/maschinenbau-engineering\\\/\"},{\"@type\":\"ListItem\",\"position\":3,\"name\":\"Engineering\"}]},{\"@type\":\"WebSite\",\"@id\":\"https:\\\/\\\/www.kark.de\\\/cms\\\/#website\",\"url\":\"https:\\\/\\\/www.kark.de\\\/cms\\\/\",\"name\":\"Kark GmbH\",\"description\":\"Eine Website der Kark GmbH\",\"potentialAction\":[{\"@type\":\"SearchAction\",\"target\":{\"@type\":\"EntryPoint\",\"urlTemplate\":\"https:\\\/\\\/www.kark.de\\\/cms\\\/?s={search_term_string}\"},\"query-input\":{\"@type\":\"PropertyValueSpecification\",\"valueRequired\":true,\"valueName\":\"search_term_string\"}}],\"inLanguage\":\"de\"}]}<\/script>\n<!-- \/ Yoast SEO plugin. -->","yoast_head_json":{"title":"Engineering - Kark GmbH","robots":{"index":"index","follow":"follow","max-snippet":"max-snippet:-1","max-image-preview":"max-image-preview:large","max-video-preview":"max-video-preview:-1"},"canonical":"https:\/\/www.kark.de\/cms\/maschinenbau-engineering\/engineering\/","og_locale":"de_DE","og_type":"article","og_title":"Engineering - Kark GmbH","og_description":"Die Konstruktion ist die Schnittstelle zwischen Theorie und Praxis. Hier werden Neuentwicklungen zur Fertigungsreife gebracht. Dabei arbeiten Konstruktion und Produktion durch den Einsatz modernster 3D- CAD-CAM-Technologie auf h\u00f6chstem Niveau. Fertiggestellte 3D-CAD-Modelle werden direkt in CNC-Programmiersprache umgesetzt. Zeitgleich und automatisiert entstehen dabei auch die notwendigen Programme f\u00fcr unsere 3D-Koordinaten-Messzentren. Uns geht es nicht nur um das [&hellip;]","og_url":"https:\/\/www.kark.de\/cms\/maschinenbau-engineering\/engineering\/","og_site_name":"Kark GmbH","article_modified_time":"2021-10-04T16:21:50+00:00","twitter_card":"summary_large_image","twitter_misc":{"Gesch\u00e4tzte Lesezeit":"1\u00a0Minute"},"schema":{"@context":"https:\/\/schema.org","@graph":[{"@type":"WebPage","@id":"https:\/\/www.kark.de\/cms\/maschinenbau-engineering\/engineering\/","url":"https:\/\/www.kark.de\/cms\/maschinenbau-engineering\/engineering\/","name":"Engineering - Kark GmbH","isPartOf":{"@id":"https:\/\/www.kark.de\/cms\/#website"},"datePublished":"2010-12-16T15:13:38+00:00","dateModified":"2021-10-04T16:21:50+00:00","breadcrumb":{"@id":"https:\/\/www.kark.de\/cms\/maschinenbau-engineering\/engineering\/#breadcrumb"},"inLanguage":"de","potentialAction":[{"@type":"ReadAction","target":["https:\/\/www.kark.de\/cms\/maschinenbau-engineering\/engineering\/"]}]},{"@type":"BreadcrumbList","@id":"https:\/\/www.kark.de\/cms\/maschinenbau-engineering\/engineering\/#breadcrumb","itemListElement":[{"@type":"ListItem","position":1,"name":"Startseite","item":"https:\/\/www.kark.de\/cms\/"},{"@type":"ListItem","position":2,"name":"Maschinenbau &#038; Engineering","item":"https:\/\/www.kark.de\/cms\/maschinenbau-engineering\/"},{"@type":"ListItem","position":3,"name":"Engineering"}]},{"@type":"WebSite","@id":"https:\/\/www.kark.de\/cms\/#website","url":"https:\/\/www.kark.de\/cms\/","name":"Kark GmbH","description":"Eine Website der Kark GmbH","potentialAction":[{"@type":"SearchAction","target":{"@type":"EntryPoint","urlTemplate":"https:\/\/www.kark.de\/cms\/?s={search_term_string}"},"query-input":{"@type":"PropertyValueSpecification","valueRequired":true,"valueName":"search_term_string"}}],"inLanguage":"de"}]}},"_links":{"self":[{"href":"https:\/\/www.kark.de\/cms\/wp-json\/wp\/v2\/pages\/6","targetHints":{"allow":["GET"]}}],"collection":[{"href":"https:\/\/www.kark.de\/cms\/wp-json\/wp\/v2\/pages"}],"about":[{"href":"https:\/\/www.kark.de\/cms\/wp-json\/wp\/v2\/types\/page"}],"author":[{"embeddable":true,"href":"https:\/\/www.kark.de\/cms\/wp-json\/wp\/v2\/users\/1"}],"replies":[{"embeddable":true,"href":"https:\/\/www.kark.de\/cms\/wp-json\/wp\/v2\/comments?post=6"}],"version-history":[{"count":4,"href":"https:\/\/www.kark.de\/cms\/wp-json\/wp\/v2\/pages\/6\/revisions"}],"predecessor-version":[{"id":1980,"href":"https:\/\/www.kark.de\/cms\/wp-json\/wp\/v2\/pages\/6\/revisions\/1980"}],"up":[{"embeddable":true,"href":"https:\/\/www.kark.de\/cms\/wp-json\/wp\/v2\/pages\/50"}],"wp:attachment":[{"href":"https:\/\/www.kark.de\/cms\/wp-json\/wp\/v2\/media?parent=6"}],"curies":[{"name":"wp","href":"https:\/\/api.w.org\/{rel}","templated":true}]}}