{"id":5,"date":"2010-12-16T16:12:50","date_gmt":"2010-12-16T15:12:50","guid":{"rendered":"http:\/\/kark.de\/wordpress\/fertigungstechnologie\/"},"modified":"2021-10-04T18:21:35","modified_gmt":"2021-10-04T16:21:35","slug":"fertigungstechnologie","status":"publish","type":"page","link":"https:\/\/www.kark.de\/cms\/maschinenbau-engineering\/fertigungstechnologie\/","title":{"rendered":"Fertigungstechnologie"},"content":{"rendered":"<p>Wir haben die M\u00f6glichkeiten, anspruchsvolle Aufgaben mit modernster Technik schnell und rationell zu l\u00f6sen. Z.B. mit CNC-gesteuertem 6-Achs-Fr\u00e4sbearbeitungszentrum und Bohrwerken mit bis zu 5 Tonnen Belastbarkeit. Mit CNC-gesteuerten Drehbearbeitungszentren, deren Spitzenweiten bei 3500 mm liegen. Mit Universalfr\u00e4smaschinen und modernsten Schwei\u00dfeinrichtungen.<\/p>\n<p>Au\u00dfergew\u00f6hnliche Aufgaben erfordern eine hohe Einsatzbereitschaft. Darauf sind wir vorbereitet. Mit hochqualifizierten und -motivierten Mitarbeitern, die wissen, wie man bei Notf\u00e4llen und Eilauftr\u00e4gen einiges m\u00f6glich macht \u2013 damit selbst \u201cunm\u00f6gliche\u201d Liefertermine eingehalten werden k\u00f6nnen. Die Fertigung eines Einzelst\u00fccks, egal ob einfach oder komplex, passt genau so in unsere Produktion wie eine Kleinserie. Wenn weitere Lieferanten an der Fertigung beteiligt sind, stimmen wir uns sorgf\u00e4ltig mit ihnen ab \u2013 z.B. bei der Warmbehandlung von St\u00e4hlen oder bei der Oberfl\u00e4chenveredelung.<\/p>\n<p>Wir m\u00f6chten, dass unsere Kunden zufrieden sind. Deshalb beraten und betreuen wir sie auch, nachdem der Auftrag abgeschlossen ist. Ganz gleich, ob es um nachtr\u00e4gliche Anpassungen oder um Fragen der Erweiterung bzw. der Umstellung bestehender Anlagen geht. Au\u00dferdem bieten wir unseren Kunden Inspektionen, Wartung und Schulung an.<\/p>\n","protected":false},"excerpt":{"rendered":"<p>Wir haben die M\u00f6glichkeiten, anspruchsvolle Aufgaben mit modernster Technik schnell und rationell zu l\u00f6sen. Z.B. mit CNC-gesteuertem 6-Achs-Fr\u00e4sbearbeitungszentrum und Bohrwerken mit bis zu 5 Tonnen Belastbarkeit. Mit CNC-gesteuerten Drehbearbeitungszentren, deren Spitzenweiten bei 3500 mm liegen. Mit Universalfr\u00e4smaschinen und modernsten Schwei\u00dfeinrichtungen. Au\u00dfergew\u00f6hnliche Aufgaben erfordern eine hohe Einsatzbereitschaft. Darauf sind wir vorbereitet. Mit hochqualifizierten und -motivierten Mitarbeitern, [&hellip;]<\/p>\n","protected":false},"author":1,"featured_media":0,"parent":50,"menu_order":6,"comment_status":"closed","ping_status":"closed","template":"","meta":{"_acf_changed":false,"site-sidebar-layout":"default","site-content-layout":"default","ast-site-content-layout":"","site-content-style":"default","site-sidebar-style":"default","ast-global-header-display":"","ast-banner-title-visibility":"","ast-main-header-display":"","ast-hfb-above-header-display":"","ast-hfb-below-header-display":"","ast-hfb-mobile-header-display":"","site-post-title":"","ast-breadcrumbs-content":"","ast-featured-img":"","footer-sml-layout":"","theme-transparent-header-meta":"default","adv-header-id-meta":"","stick-header-meta":"","header-above-stick-meta":"","header-main-stick-meta":"","header-below-stick-meta":"","astra-migrate-meta-layouts":"default","ast-page-background-enabled":"default","ast-page-background-meta":{"desktop":{"background-color":"","background-image":"","background-repeat":"repeat","background-position":"center center","background-size":"auto","background-attachment":"scroll","background-type":"","background-media":"","overlay-type":"","overlay-color":"","overlay-gradient":""},"tablet":{"background-color":"","background-image":"","background-repeat":"repeat","background-position":"center center","background-size":"auto","background-attachment":"scroll","background-type":"","background-media":"","overlay-type":"","overlay-color":"","overlay-gradient":""},"mobile":{"background-color":"","background-image":"","background-repeat":"repeat","background-position":"center center","background-size":"auto","background-attachment":"scroll","background-type":"","background-media":"","overlay-type":"","overlay-color":"","overlay-gradient":""}},"ast-content-background-meta":{"desktop":{"background-color":"var(--ast-global-color-5)","background-image":"","background-repeat":"repeat","background-position":"center center","background-size":"auto","background-attachment":"scroll","background-type":"","background-media":"","overlay-type":"","overlay-color":"","overlay-gradient":""},"tablet":{"background-color":"var(--ast-global-color-5)","background-image":"","background-repeat":"repeat","background-position":"center center","background-size":"auto","background-attachment":"scroll","background-type":"","background-media":"","overlay-type":"","overlay-color":"","overlay-gradient":""},"mobile":{"background-color":"var(--ast-global-color-5)","background-image":"","background-repeat":"repeat","background-position":"center center","background-size":"auto","background-attachment":"scroll","background-type":"","background-media":"","overlay-type":"","overlay-color":"","overlay-gradient":""}},"footnotes":""},"class_list":["post-5","page","type-page","status-publish","hentry"],"acf":[],"yoast_head":"<!-- This site is optimized with the Yoast SEO plugin v27.5 - https:\/\/yoast.com\/product\/yoast-seo-wordpress\/ -->\n<title>Fertigungstechnologie - Kark GmbH<\/title>\n<meta name=\"robots\" content=\"index, follow, max-snippet:-1, max-image-preview:large, max-video-preview:-1\" \/>\n<link rel=\"canonical\" href=\"https:\/\/www.kark.de\/cms\/maschinenbau-engineering\/fertigungstechnologie\/\" \/>\n<meta property=\"og:locale\" content=\"de_DE\" \/>\n<meta property=\"og:type\" content=\"article\" \/>\n<meta property=\"og:title\" content=\"Fertigungstechnologie - Kark GmbH\" \/>\n<meta property=\"og:description\" content=\"Wir haben die M\u00f6glichkeiten, anspruchsvolle Aufgaben mit modernster Technik schnell und rationell zu l\u00f6sen. Z.B. mit CNC-gesteuertem 6-Achs-Fr\u00e4sbearbeitungszentrum und Bohrwerken mit bis zu 5 Tonnen Belastbarkeit. Mit CNC-gesteuerten Drehbearbeitungszentren, deren Spitzenweiten bei 3500 mm liegen. Mit Universalfr\u00e4smaschinen und modernsten Schwei\u00dfeinrichtungen. Au\u00dfergew\u00f6hnliche Aufgaben erfordern eine hohe Einsatzbereitschaft. Darauf sind wir vorbereitet. Mit hochqualifizierten und -motivierten Mitarbeitern, [&hellip;]\" \/>\n<meta property=\"og:url\" content=\"https:\/\/www.kark.de\/cms\/maschinenbau-engineering\/fertigungstechnologie\/\" \/>\n<meta property=\"og:site_name\" content=\"Kark GmbH\" \/>\n<meta property=\"article:modified_time\" content=\"2021-10-04T16:21:35+00:00\" \/>\n<meta name=\"twitter:card\" content=\"summary_large_image\" \/>\n<meta name=\"twitter:label1\" content=\"Gesch\u00e4tzte Lesezeit\" \/>\n\t<meta name=\"twitter:data1\" content=\"1\u00a0Minute\" \/>\n<script type=\"application\/ld+json\" class=\"yoast-schema-graph\">{\"@context\":\"https:\\\/\\\/schema.org\",\"@graph\":[{\"@type\":\"WebPage\",\"@id\":\"https:\\\/\\\/www.kark.de\\\/cms\\\/maschinenbau-engineering\\\/fertigungstechnologie\\\/\",\"url\":\"https:\\\/\\\/www.kark.de\\\/cms\\\/maschinenbau-engineering\\\/fertigungstechnologie\\\/\",\"name\":\"Fertigungstechnologie - Kark GmbH\",\"isPartOf\":{\"@id\":\"https:\\\/\\\/www.kark.de\\\/cms\\\/#website\"},\"datePublished\":\"2010-12-16T15:12:50+00:00\",\"dateModified\":\"2021-10-04T16:21:35+00:00\",\"breadcrumb\":{\"@id\":\"https:\\\/\\\/www.kark.de\\\/cms\\\/maschinenbau-engineering\\\/fertigungstechnologie\\\/#breadcrumb\"},\"inLanguage\":\"de\",\"potentialAction\":[{\"@type\":\"ReadAction\",\"target\":[\"https:\\\/\\\/www.kark.de\\\/cms\\\/maschinenbau-engineering\\\/fertigungstechnologie\\\/\"]}]},{\"@type\":\"BreadcrumbList\",\"@id\":\"https:\\\/\\\/www.kark.de\\\/cms\\\/maschinenbau-engineering\\\/fertigungstechnologie\\\/#breadcrumb\",\"itemListElement\":[{\"@type\":\"ListItem\",\"position\":1,\"name\":\"Startseite\",\"item\":\"https:\\\/\\\/www.kark.de\\\/cms\\\/\"},{\"@type\":\"ListItem\",\"position\":2,\"name\":\"Maschinenbau &#038; Engineering\",\"item\":\"https:\\\/\\\/www.kark.de\\\/cms\\\/maschinenbau-engineering\\\/\"},{\"@type\":\"ListItem\",\"position\":3,\"name\":\"Fertigungstechnologie\"}]},{\"@type\":\"WebSite\",\"@id\":\"https:\\\/\\\/www.kark.de\\\/cms\\\/#website\",\"url\":\"https:\\\/\\\/www.kark.de\\\/cms\\\/\",\"name\":\"Kark GmbH\",\"description\":\"Eine Website der Kark GmbH\",\"potentialAction\":[{\"@type\":\"SearchAction\",\"target\":{\"@type\":\"EntryPoint\",\"urlTemplate\":\"https:\\\/\\\/www.kark.de\\\/cms\\\/?s={search_term_string}\"},\"query-input\":{\"@type\":\"PropertyValueSpecification\",\"valueRequired\":true,\"valueName\":\"search_term_string\"}}],\"inLanguage\":\"de\"}]}<\/script>\n<!-- \/ Yoast SEO plugin. -->","yoast_head_json":{"title":"Fertigungstechnologie - Kark GmbH","robots":{"index":"index","follow":"follow","max-snippet":"max-snippet:-1","max-image-preview":"max-image-preview:large","max-video-preview":"max-video-preview:-1"},"canonical":"https:\/\/www.kark.de\/cms\/maschinenbau-engineering\/fertigungstechnologie\/","og_locale":"de_DE","og_type":"article","og_title":"Fertigungstechnologie - Kark GmbH","og_description":"Wir haben die M\u00f6glichkeiten, anspruchsvolle Aufgaben mit modernster Technik schnell und rationell zu l\u00f6sen. Z.B. mit CNC-gesteuertem 6-Achs-Fr\u00e4sbearbeitungszentrum und Bohrwerken mit bis zu 5 Tonnen Belastbarkeit. Mit CNC-gesteuerten Drehbearbeitungszentren, deren Spitzenweiten bei 3500 mm liegen. Mit Universalfr\u00e4smaschinen und modernsten Schwei\u00dfeinrichtungen. Au\u00dfergew\u00f6hnliche Aufgaben erfordern eine hohe Einsatzbereitschaft. Darauf sind wir vorbereitet. Mit hochqualifizierten und -motivierten Mitarbeitern, [&hellip;]","og_url":"https:\/\/www.kark.de\/cms\/maschinenbau-engineering\/fertigungstechnologie\/","og_site_name":"Kark GmbH","article_modified_time":"2021-10-04T16:21:35+00:00","twitter_card":"summary_large_image","twitter_misc":{"Gesch\u00e4tzte Lesezeit":"1\u00a0Minute"},"schema":{"@context":"https:\/\/schema.org","@graph":[{"@type":"WebPage","@id":"https:\/\/www.kark.de\/cms\/maschinenbau-engineering\/fertigungstechnologie\/","url":"https:\/\/www.kark.de\/cms\/maschinenbau-engineering\/fertigungstechnologie\/","name":"Fertigungstechnologie - Kark GmbH","isPartOf":{"@id":"https:\/\/www.kark.de\/cms\/#website"},"datePublished":"2010-12-16T15:12:50+00:00","dateModified":"2021-10-04T16:21:35+00:00","breadcrumb":{"@id":"https:\/\/www.kark.de\/cms\/maschinenbau-engineering\/fertigungstechnologie\/#breadcrumb"},"inLanguage":"de","potentialAction":[{"@type":"ReadAction","target":["https:\/\/www.kark.de\/cms\/maschinenbau-engineering\/fertigungstechnologie\/"]}]},{"@type":"BreadcrumbList","@id":"https:\/\/www.kark.de\/cms\/maschinenbau-engineering\/fertigungstechnologie\/#breadcrumb","itemListElement":[{"@type":"ListItem","position":1,"name":"Startseite","item":"https:\/\/www.kark.de\/cms\/"},{"@type":"ListItem","position":2,"name":"Maschinenbau &#038; Engineering","item":"https:\/\/www.kark.de\/cms\/maschinenbau-engineering\/"},{"@type":"ListItem","position":3,"name":"Fertigungstechnologie"}]},{"@type":"WebSite","@id":"https:\/\/www.kark.de\/cms\/#website","url":"https:\/\/www.kark.de\/cms\/","name":"Kark GmbH","description":"Eine Website der Kark GmbH","potentialAction":[{"@type":"SearchAction","target":{"@type":"EntryPoint","urlTemplate":"https:\/\/www.kark.de\/cms\/?s={search_term_string}"},"query-input":{"@type":"PropertyValueSpecification","valueRequired":true,"valueName":"search_term_string"}}],"inLanguage":"de"}]}},"_links":{"self":[{"href":"https:\/\/www.kark.de\/cms\/wp-json\/wp\/v2\/pages\/5","targetHints":{"allow":["GET"]}}],"collection":[{"href":"https:\/\/www.kark.de\/cms\/wp-json\/wp\/v2\/pages"}],"about":[{"href":"https:\/\/www.kark.de\/cms\/wp-json\/wp\/v2\/types\/page"}],"author":[{"embeddable":true,"href":"https:\/\/www.kark.de\/cms\/wp-json\/wp\/v2\/users\/1"}],"replies":[{"embeddable":true,"href":"https:\/\/www.kark.de\/cms\/wp-json\/wp\/v2\/comments?post=5"}],"version-history":[{"count":4,"href":"https:\/\/www.kark.de\/cms\/wp-json\/wp\/v2\/pages\/5\/revisions"}],"predecessor-version":[{"id":1979,"href":"https:\/\/www.kark.de\/cms\/wp-json\/wp\/v2\/pages\/5\/revisions\/1979"}],"up":[{"embeddable":true,"href":"https:\/\/www.kark.de\/cms\/wp-json\/wp\/v2\/pages\/50"}],"wp:attachment":[{"href":"https:\/\/www.kark.de\/cms\/wp-json\/wp\/v2\/media?parent=5"}],"curies":[{"name":"wp","href":"https:\/\/api.w.org\/{rel}","templated":true}]}}