{"id":436,"date":"2019-09-12T12:25:57","date_gmt":"2019-09-12T10:25:57","guid":{"rendered":"http:\/\/kark.de\/wordpress\/?page_id=436"},"modified":"2019-09-12T12:25:57","modified_gmt":"2019-09-12T10:25:57","slug":"qualidade","status":"publish","type":"page","link":"https:\/\/www.kark.de\/cms\/pt\/equipamentos-engenharia\/qualidade\/","title":{"rendered":"Qualidade"},"content":{"rendered":"<p>A qualidade de nossos produtos tem excelente reputa\u00e7\u00e3o em todas as \u00e1reas. Seguramente com toda raz\u00e3o.<br \/>\nPara assegurar o mais alto grau de precis\u00e3o, utilizamos todos os recursos da moderna t\u00e9cnica de medi\u00e7\u00e3o. Com nossos centros de medi\u00e7\u00e3o 3D com comando CNC temos condi\u00e7\u00f5es de determinar toler\u00e2ncias na faixa de \u00b5. S\u00e3o faixas de medi\u00e7\u00e3o que exigem um ambiente controlado.<\/p>\n<p>Todas as medi\u00e7\u00f5es obtidas em nossas verifica\u00e7\u00f5es qualitativas s\u00e3o registradas em protocolos. Assim, cada passo de fabrica\u00e7\u00e3o fica exatamente documentado e avaliado, al\u00e9m de permitir um rastreamento antes que a pe\u00e7a siga para a pr\u00f3xima opera\u00e7\u00e3o ou para a expedi\u00e7\u00e3o. Esses protocolos tamb\u00e9m t\u00eam car\u00e1ter documental perante terceiros. Isso para a seguran\u00e7a do fabrricante e do cliente.<br \/>\nTrabalhamos de acordo com a norma ISO 9001 e, a pedido, oferecemos servi\u00e7os conforme, por exemplo, AQAP-4 ou DIN 18800.<\/p>\n","protected":false},"excerpt":{"rendered":"<p>A qualidade de nossos produtos tem excelente reputa\u00e7\u00e3o em todas as \u00e1reas. Seguramente com toda raz\u00e3o. Para assegurar o mais alto grau de precis\u00e3o, utilizamos todos os recursos da moderna t\u00e9cnica de medi\u00e7\u00e3o. Com nossos centros de medi\u00e7\u00e3o 3D com comando CNC temos condi\u00e7\u00f5es de determinar toler\u00e2ncias na faixa de \u00b5. S\u00e3o faixas de medi\u00e7\u00e3o [&hellip;]<\/p>\n","protected":false},"author":1,"featured_media":0,"parent":56,"menu_order":1,"comment_status":"closed","ping_status":"closed","template":"","meta":{"_acf_changed":false,"site-sidebar-layout":"default","site-content-layout":"default","ast-site-content-layout":"","site-content-style":"default","site-sidebar-style":"default","ast-global-header-display":"","ast-banner-title-visibility":"","ast-main-header-display":"","ast-hfb-above-header-display":"","ast-hfb-below-header-display":"","ast-hfb-mobile-header-display":"","site-post-title":"","ast-breadcrumbs-content":"","ast-featured-img":"","footer-sml-layout":"","theme-transparent-header-meta":"default","adv-header-id-meta":"","stick-header-meta":"","header-above-stick-meta":"","header-main-stick-meta":"","header-below-stick-meta":"","astra-migrate-meta-layouts":"default","ast-page-background-enabled":"default","ast-page-background-meta":{"desktop":{"background-color":"","background-image":"","background-repeat":"repeat","background-position":"center center","background-size":"auto","background-attachment":"scroll","background-type":"","background-media":"","overlay-type":"","overlay-color":"","overlay-gradient":""},"tablet":{"background-color":"","background-image":"","background-repeat":"repeat","background-position":"center center","background-size":"auto","background-attachment":"scroll","background-type":"","background-media":"","overlay-type":"","overlay-color":"","overlay-gradient":""},"mobile":{"background-color":"","background-image":"","background-repeat":"repeat","background-position":"center center","background-size":"auto","background-attachment":"scroll","background-type":"","background-media":"","overlay-type":"","overlay-color":"","overlay-gradient":""}},"ast-content-background-meta":{"desktop":{"background-color":"var(--ast-global-color-5)","background-image":"","background-repeat":"repeat","background-position":"center center","background-size":"auto","background-attachment":"scroll","background-type":"","background-media":"","overlay-type":"","overlay-color":"","overlay-gradient":""},"tablet":{"background-color":"var(--ast-global-color-5)","background-image":"","background-repeat":"repeat","background-position":"center center","background-size":"auto","background-attachment":"scroll","background-type":"","background-media":"","overlay-type":"","overlay-color":"","overlay-gradient":""},"mobile":{"background-color":"var(--ast-global-color-5)","background-image":"","background-repeat":"repeat","background-position":"center center","background-size":"auto","background-attachment":"scroll","background-type":"","background-media":"","overlay-type":"","overlay-color":"","overlay-gradient":""}},"footnotes":""},"class_list":["post-436","page","type-page","status-publish","hentry"],"acf":[],"yoast_head":"<!-- This site is optimized with the Yoast SEO plugin v27.5 - https:\/\/yoast.com\/product\/yoast-seo-wordpress\/ -->\n<title>Qualidade - Kark GmbH<\/title>\n<meta name=\"robots\" content=\"index, follow, max-snippet:-1, max-image-preview:large, max-video-preview:-1\" \/>\n<link rel=\"canonical\" href=\"https:\/\/www.kark.de\/cms\/pt\/equipamentos-engenharia\/qualidade\/\" \/>\n<meta property=\"og:locale\" content=\"de_DE\" \/>\n<meta property=\"og:type\" content=\"article\" \/>\n<meta property=\"og:title\" content=\"Qualidade - Kark GmbH\" \/>\n<meta property=\"og:description\" content=\"A qualidade de nossos produtos tem excelente reputa\u00e7\u00e3o em todas as \u00e1reas. Seguramente com toda raz\u00e3o. Para assegurar o mais alto grau de precis\u00e3o, utilizamos todos os recursos da moderna t\u00e9cnica de medi\u00e7\u00e3o. Com nossos centros de medi\u00e7\u00e3o 3D com comando CNC temos condi\u00e7\u00f5es de determinar toler\u00e2ncias na faixa de \u00b5. S\u00e3o faixas de medi\u00e7\u00e3o [&hellip;]\" \/>\n<meta property=\"og:url\" content=\"https:\/\/www.kark.de\/cms\/pt\/equipamentos-engenharia\/qualidade\/\" \/>\n<meta property=\"og:site_name\" content=\"Kark GmbH\" \/>\n<meta name=\"twitter:card\" content=\"summary_large_image\" \/>\n<meta name=\"twitter:label1\" content=\"Gesch\u00e4tzte Lesezeit\" \/>\n\t<meta name=\"twitter:data1\" content=\"1\u00a0Minute\" \/>\n<script type=\"application\/ld+json\" class=\"yoast-schema-graph\">{\"@context\":\"https:\\\/\\\/schema.org\",\"@graph\":[{\"@type\":\"WebPage\",\"@id\":\"https:\\\/\\\/www.kark.de\\\/cms\\\/pt\\\/equipamentos-engenharia\\\/qualidade\\\/\",\"url\":\"https:\\\/\\\/www.kark.de\\\/cms\\\/pt\\\/equipamentos-engenharia\\\/qualidade\\\/\",\"name\":\"Qualidade - Kark GmbH\",\"isPartOf\":{\"@id\":\"https:\\\/\\\/www.kark.de\\\/cms\\\/#website\"},\"datePublished\":\"2019-09-12T10:25:57+00:00\",\"breadcrumb\":{\"@id\":\"https:\\\/\\\/www.kark.de\\\/cms\\\/pt\\\/equipamentos-engenharia\\\/qualidade\\\/#breadcrumb\"},\"inLanguage\":\"de\",\"potentialAction\":[{\"@type\":\"ReadAction\",\"target\":[\"https:\\\/\\\/www.kark.de\\\/cms\\\/pt\\\/equipamentos-engenharia\\\/qualidade\\\/\"]}]},{\"@type\":\"BreadcrumbList\",\"@id\":\"https:\\\/\\\/www.kark.de\\\/cms\\\/pt\\\/equipamentos-engenharia\\\/qualidade\\\/#breadcrumb\",\"itemListElement\":[{\"@type\":\"ListItem\",\"position\":1,\"name\":\"Startseite\",\"item\":\"https:\\\/\\\/www.kark.de\\\/cms\\\/\"},{\"@type\":\"ListItem\",\"position\":2,\"name\":\"Equipamentos &#038; Engenharia\",\"item\":\"https:\\\/\\\/www.kark.de\\\/cms\\\/pt\\\/equipamentos-engenharia\\\/\"},{\"@type\":\"ListItem\",\"position\":3,\"name\":\"Qualidade\"}]},{\"@type\":\"WebSite\",\"@id\":\"https:\\\/\\\/www.kark.de\\\/cms\\\/#website\",\"url\":\"https:\\\/\\\/www.kark.de\\\/cms\\\/\",\"name\":\"Kark GmbH\",\"description\":\"Eine Website der Kark GmbH\",\"potentialAction\":[{\"@type\":\"SearchAction\",\"target\":{\"@type\":\"EntryPoint\",\"urlTemplate\":\"https:\\\/\\\/www.kark.de\\\/cms\\\/?s={search_term_string}\"},\"query-input\":{\"@type\":\"PropertyValueSpecification\",\"valueRequired\":true,\"valueName\":\"search_term_string\"}}],\"inLanguage\":\"de\"}]}<\/script>\n<!-- \/ Yoast SEO plugin. -->","yoast_head_json":{"title":"Qualidade - Kark GmbH","robots":{"index":"index","follow":"follow","max-snippet":"max-snippet:-1","max-image-preview":"max-image-preview:large","max-video-preview":"max-video-preview:-1"},"canonical":"https:\/\/www.kark.de\/cms\/pt\/equipamentos-engenharia\/qualidade\/","og_locale":"de_DE","og_type":"article","og_title":"Qualidade - Kark GmbH","og_description":"A qualidade de nossos produtos tem excelente reputa\u00e7\u00e3o em todas as \u00e1reas. Seguramente com toda raz\u00e3o. Para assegurar o mais alto grau de precis\u00e3o, utilizamos todos os recursos da moderna t\u00e9cnica de medi\u00e7\u00e3o. Com nossos centros de medi\u00e7\u00e3o 3D com comando CNC temos condi\u00e7\u00f5es de determinar toler\u00e2ncias na faixa de \u00b5. S\u00e3o faixas de medi\u00e7\u00e3o [&hellip;]","og_url":"https:\/\/www.kark.de\/cms\/pt\/equipamentos-engenharia\/qualidade\/","og_site_name":"Kark GmbH","twitter_card":"summary_large_image","twitter_misc":{"Gesch\u00e4tzte Lesezeit":"1\u00a0Minute"},"schema":{"@context":"https:\/\/schema.org","@graph":[{"@type":"WebPage","@id":"https:\/\/www.kark.de\/cms\/pt\/equipamentos-engenharia\/qualidade\/","url":"https:\/\/www.kark.de\/cms\/pt\/equipamentos-engenharia\/qualidade\/","name":"Qualidade - Kark GmbH","isPartOf":{"@id":"https:\/\/www.kark.de\/cms\/#website"},"datePublished":"2019-09-12T10:25:57+00:00","breadcrumb":{"@id":"https:\/\/www.kark.de\/cms\/pt\/equipamentos-engenharia\/qualidade\/#breadcrumb"},"inLanguage":"de","potentialAction":[{"@type":"ReadAction","target":["https:\/\/www.kark.de\/cms\/pt\/equipamentos-engenharia\/qualidade\/"]}]},{"@type":"BreadcrumbList","@id":"https:\/\/www.kark.de\/cms\/pt\/equipamentos-engenharia\/qualidade\/#breadcrumb","itemListElement":[{"@type":"ListItem","position":1,"name":"Startseite","item":"https:\/\/www.kark.de\/cms\/"},{"@type":"ListItem","position":2,"name":"Equipamentos &#038; Engenharia","item":"https:\/\/www.kark.de\/cms\/pt\/equipamentos-engenharia\/"},{"@type":"ListItem","position":3,"name":"Qualidade"}]},{"@type":"WebSite","@id":"https:\/\/www.kark.de\/cms\/#website","url":"https:\/\/www.kark.de\/cms\/","name":"Kark GmbH","description":"Eine Website der Kark GmbH","potentialAction":[{"@type":"SearchAction","target":{"@type":"EntryPoint","urlTemplate":"https:\/\/www.kark.de\/cms\/?s={search_term_string}"},"query-input":{"@type":"PropertyValueSpecification","valueRequired":true,"valueName":"search_term_string"}}],"inLanguage":"de"}]}},"_links":{"self":[{"href":"https:\/\/www.kark.de\/cms\/wp-json\/wp\/v2\/pages\/436","targetHints":{"allow":["GET"]}}],"collection":[{"href":"https:\/\/www.kark.de\/cms\/wp-json\/wp\/v2\/pages"}],"about":[{"href":"https:\/\/www.kark.de\/cms\/wp-json\/wp\/v2\/types\/page"}],"author":[{"embeddable":true,"href":"https:\/\/www.kark.de\/cms\/wp-json\/wp\/v2\/users\/1"}],"replies":[{"embeddable":true,"href":"https:\/\/www.kark.de\/cms\/wp-json\/wp\/v2\/comments?post=436"}],"version-history":[{"count":1,"href":"https:\/\/www.kark.de\/cms\/wp-json\/wp\/v2\/pages\/436\/revisions"}],"predecessor-version":[{"id":437,"href":"https:\/\/www.kark.de\/cms\/wp-json\/wp\/v2\/pages\/436\/revisions\/437"}],"up":[{"embeddable":true,"href":"https:\/\/www.kark.de\/cms\/wp-json\/wp\/v2\/pages\/56"}],"wp:attachment":[{"href":"https:\/\/www.kark.de\/cms\/wp-json\/wp\/v2\/media?parent=436"}],"curies":[{"name":"wp","href":"https:\/\/api.w.org\/{rel}","templated":true}]}}