{"id":434,"date":"2019-09-12T12:25:38","date_gmt":"2019-09-12T10:25:38","guid":{"rendered":"http:\/\/kark.de\/wordpress\/?page_id=434"},"modified":"2019-09-12T12:25:38","modified_gmt":"2019-09-12T10:25:38","slug":"calidad","status":"publish","type":"page","link":"https:\/\/www.kark.de\/cms\/es\/equipos-ingenieria\/calidad\/","title":{"rendered":"Calidad"},"content":{"rendered":"<p>La calidad de nuestros productos tiene excelente reputaci\u00f3n en todas las \u00e1reas. Seguramente con toda la raz\u00f3n.<br \/>\nPara asegurar el m\u00e1s alto grado de precisi\u00f3n, empleamos todos los medios de la moderna t\u00e9cnica de medici\u00f3n. Con nuestros centros de medici\u00f3n 3D de mando CNC tenemos condiciones para determinar tolerancias en el rango de \u00b5. Tratase de rangos de medici\u00f3n que exigen un ambiente controlado.<\/p>\n<p>Todas las mediciones obtenidas en nuestras inspecciones cualitativas son registradas en protocolos. As\u00ed, cada paso de fabricaci\u00f3n de queda exactamente documentado y evaluado, permitiendo adem\u00e1s un rastreo antes que la pieza siga para la pr\u00f3xima operaci\u00f3n o para la expedici\u00f3n. Estos protocolos tambi\u00e9n tienen car\u00e1cter documental ante terceros. Para la seguridad del fabricante y del cliente.<br \/>\nTrabajamos de acuerdo con la norma ISSO 9001 y, a solicitud, ofrecemos servicios de acuerdo, por ejemplo, con AQAP-4 o DIN 18800.<\/p>\n","protected":false},"excerpt":{"rendered":"<p>La calidad de nuestros productos tiene excelente reputaci\u00f3n en todas las \u00e1reas. Seguramente con toda la raz\u00f3n. Para asegurar el m\u00e1s alto grado de precisi\u00f3n, empleamos todos los medios de la moderna t\u00e9cnica de medici\u00f3n. Con nuestros centros de medici\u00f3n 3D de mando CNC tenemos condiciones para determinar tolerancias en el rango de \u00b5. Tratase [&hellip;]<\/p>\n","protected":false},"author":1,"featured_media":0,"parent":54,"menu_order":1,"comment_status":"closed","ping_status":"closed","template":"","meta":{"_acf_changed":false,"site-sidebar-layout":"default","site-content-layout":"default","ast-site-content-layout":"","site-content-style":"default","site-sidebar-style":"default","ast-global-header-display":"","ast-banner-title-visibility":"","ast-main-header-display":"","ast-hfb-above-header-display":"","ast-hfb-below-header-display":"","ast-hfb-mobile-header-display":"","site-post-title":"","ast-breadcrumbs-content":"","ast-featured-img":"","footer-sml-layout":"","theme-transparent-header-meta":"default","adv-header-id-meta":"","stick-header-meta":"","header-above-stick-meta":"","header-main-stick-meta":"","header-below-stick-meta":"","astra-migrate-meta-layouts":"default","ast-page-background-enabled":"default","ast-page-background-meta":{"desktop":{"background-color":"","background-image":"","background-repeat":"repeat","background-position":"center center","background-size":"auto","background-attachment":"scroll","background-type":"","background-media":"","overlay-type":"","overlay-color":"","overlay-gradient":""},"tablet":{"background-color":"","background-image":"","background-repeat":"repeat","background-position":"center center","background-size":"auto","background-attachment":"scroll","background-type":"","background-media":"","overlay-type":"","overlay-color":"","overlay-gradient":""},"mobile":{"background-color":"","background-image":"","background-repeat":"repeat","background-position":"center center","background-size":"auto","background-attachment":"scroll","background-type":"","background-media":"","overlay-type":"","overlay-color":"","overlay-gradient":""}},"ast-content-background-meta":{"desktop":{"background-color":"var(--ast-global-color-5)","background-image":"","background-repeat":"repeat","background-position":"center center","background-size":"auto","background-attachment":"scroll","background-type":"","background-media":"","overlay-type":"","overlay-color":"","overlay-gradient":""},"tablet":{"background-color":"var(--ast-global-color-5)","background-image":"","background-repeat":"repeat","background-position":"center center","background-size":"auto","background-attachment":"scroll","background-type":"","background-media":"","overlay-type":"","overlay-color":"","overlay-gradient":""},"mobile":{"background-color":"var(--ast-global-color-5)","background-image":"","background-repeat":"repeat","background-position":"center center","background-size":"auto","background-attachment":"scroll","background-type":"","background-media":"","overlay-type":"","overlay-color":"","overlay-gradient":""}},"footnotes":""},"class_list":["post-434","page","type-page","status-publish","hentry"],"acf":[],"yoast_head":"<!-- This site is optimized with the Yoast SEO plugin v27.5 - https:\/\/yoast.com\/product\/yoast-seo-wordpress\/ -->\n<title>Calidad - Kark GmbH<\/title>\n<meta name=\"robots\" content=\"index, follow, max-snippet:-1, max-image-preview:large, max-video-preview:-1\" \/>\n<link rel=\"canonical\" href=\"https:\/\/www.kark.de\/cms\/es\/equipos-ingenieria\/calidad\/\" \/>\n<meta property=\"og:locale\" content=\"de_DE\" \/>\n<meta property=\"og:type\" content=\"article\" \/>\n<meta property=\"og:title\" content=\"Calidad - Kark GmbH\" \/>\n<meta property=\"og:description\" content=\"La calidad de nuestros productos tiene excelente reputaci\u00f3n en todas las \u00e1reas. Seguramente con toda la raz\u00f3n. Para asegurar el m\u00e1s alto grado de precisi\u00f3n, empleamos todos los medios de la moderna t\u00e9cnica de medici\u00f3n. Con nuestros centros de medici\u00f3n 3D de mando CNC tenemos condiciones para determinar tolerancias en el rango de \u00b5. Tratase [&hellip;]\" \/>\n<meta property=\"og:url\" content=\"https:\/\/www.kark.de\/cms\/es\/equipos-ingenieria\/calidad\/\" \/>\n<meta property=\"og:site_name\" content=\"Kark GmbH\" \/>\n<meta name=\"twitter:card\" content=\"summary_large_image\" \/>\n<meta name=\"twitter:label1\" content=\"Gesch\u00e4tzte Lesezeit\" \/>\n\t<meta name=\"twitter:data1\" content=\"1\u00a0Minute\" \/>\n<script type=\"application\/ld+json\" class=\"yoast-schema-graph\">{\"@context\":\"https:\\\/\\\/schema.org\",\"@graph\":[{\"@type\":\"WebPage\",\"@id\":\"https:\\\/\\\/www.kark.de\\\/cms\\\/es\\\/equipos-ingenieria\\\/calidad\\\/\",\"url\":\"https:\\\/\\\/www.kark.de\\\/cms\\\/es\\\/equipos-ingenieria\\\/calidad\\\/\",\"name\":\"Calidad - Kark GmbH\",\"isPartOf\":{\"@id\":\"https:\\\/\\\/www.kark.de\\\/cms\\\/#website\"},\"datePublished\":\"2019-09-12T10:25:38+00:00\",\"breadcrumb\":{\"@id\":\"https:\\\/\\\/www.kark.de\\\/cms\\\/es\\\/equipos-ingenieria\\\/calidad\\\/#breadcrumb\"},\"inLanguage\":\"de\",\"potentialAction\":[{\"@type\":\"ReadAction\",\"target\":[\"https:\\\/\\\/www.kark.de\\\/cms\\\/es\\\/equipos-ingenieria\\\/calidad\\\/\"]}]},{\"@type\":\"BreadcrumbList\",\"@id\":\"https:\\\/\\\/www.kark.de\\\/cms\\\/es\\\/equipos-ingenieria\\\/calidad\\\/#breadcrumb\",\"itemListElement\":[{\"@type\":\"ListItem\",\"position\":1,\"name\":\"Startseite\",\"item\":\"https:\\\/\\\/www.kark.de\\\/cms\\\/\"},{\"@type\":\"ListItem\",\"position\":2,\"name\":\"Equipos &#038; Ingenieria\",\"item\":\"https:\\\/\\\/www.kark.de\\\/cms\\\/es\\\/equipos-ingenieria\\\/\"},{\"@type\":\"ListItem\",\"position\":3,\"name\":\"Calidad\"}]},{\"@type\":\"WebSite\",\"@id\":\"https:\\\/\\\/www.kark.de\\\/cms\\\/#website\",\"url\":\"https:\\\/\\\/www.kark.de\\\/cms\\\/\",\"name\":\"Kark GmbH\",\"description\":\"Eine Website der Kark GmbH\",\"potentialAction\":[{\"@type\":\"SearchAction\",\"target\":{\"@type\":\"EntryPoint\",\"urlTemplate\":\"https:\\\/\\\/www.kark.de\\\/cms\\\/?s={search_term_string}\"},\"query-input\":{\"@type\":\"PropertyValueSpecification\",\"valueRequired\":true,\"valueName\":\"search_term_string\"}}],\"inLanguage\":\"de\"}]}<\/script>\n<!-- \/ Yoast SEO plugin. -->","yoast_head_json":{"title":"Calidad - Kark GmbH","robots":{"index":"index","follow":"follow","max-snippet":"max-snippet:-1","max-image-preview":"max-image-preview:large","max-video-preview":"max-video-preview:-1"},"canonical":"https:\/\/www.kark.de\/cms\/es\/equipos-ingenieria\/calidad\/","og_locale":"de_DE","og_type":"article","og_title":"Calidad - Kark GmbH","og_description":"La calidad de nuestros productos tiene excelente reputaci\u00f3n en todas las \u00e1reas. Seguramente con toda la raz\u00f3n. Para asegurar el m\u00e1s alto grado de precisi\u00f3n, empleamos todos los medios de la moderna t\u00e9cnica de medici\u00f3n. Con nuestros centros de medici\u00f3n 3D de mando CNC tenemos condiciones para determinar tolerancias en el rango de \u00b5. Tratase [&hellip;]","og_url":"https:\/\/www.kark.de\/cms\/es\/equipos-ingenieria\/calidad\/","og_site_name":"Kark GmbH","twitter_card":"summary_large_image","twitter_misc":{"Gesch\u00e4tzte Lesezeit":"1\u00a0Minute"},"schema":{"@context":"https:\/\/schema.org","@graph":[{"@type":"WebPage","@id":"https:\/\/www.kark.de\/cms\/es\/equipos-ingenieria\/calidad\/","url":"https:\/\/www.kark.de\/cms\/es\/equipos-ingenieria\/calidad\/","name":"Calidad - Kark GmbH","isPartOf":{"@id":"https:\/\/www.kark.de\/cms\/#website"},"datePublished":"2019-09-12T10:25:38+00:00","breadcrumb":{"@id":"https:\/\/www.kark.de\/cms\/es\/equipos-ingenieria\/calidad\/#breadcrumb"},"inLanguage":"de","potentialAction":[{"@type":"ReadAction","target":["https:\/\/www.kark.de\/cms\/es\/equipos-ingenieria\/calidad\/"]}]},{"@type":"BreadcrumbList","@id":"https:\/\/www.kark.de\/cms\/es\/equipos-ingenieria\/calidad\/#breadcrumb","itemListElement":[{"@type":"ListItem","position":1,"name":"Startseite","item":"https:\/\/www.kark.de\/cms\/"},{"@type":"ListItem","position":2,"name":"Equipos &#038; Ingenieria","item":"https:\/\/www.kark.de\/cms\/es\/equipos-ingenieria\/"},{"@type":"ListItem","position":3,"name":"Calidad"}]},{"@type":"WebSite","@id":"https:\/\/www.kark.de\/cms\/#website","url":"https:\/\/www.kark.de\/cms\/","name":"Kark GmbH","description":"Eine Website der Kark GmbH","potentialAction":[{"@type":"SearchAction","target":{"@type":"EntryPoint","urlTemplate":"https:\/\/www.kark.de\/cms\/?s={search_term_string}"},"query-input":{"@type":"PropertyValueSpecification","valueRequired":true,"valueName":"search_term_string"}}],"inLanguage":"de"}]}},"_links":{"self":[{"href":"https:\/\/www.kark.de\/cms\/wp-json\/wp\/v2\/pages\/434","targetHints":{"allow":["GET"]}}],"collection":[{"href":"https:\/\/www.kark.de\/cms\/wp-json\/wp\/v2\/pages"}],"about":[{"href":"https:\/\/www.kark.de\/cms\/wp-json\/wp\/v2\/types\/page"}],"author":[{"embeddable":true,"href":"https:\/\/www.kark.de\/cms\/wp-json\/wp\/v2\/users\/1"}],"replies":[{"embeddable":true,"href":"https:\/\/www.kark.de\/cms\/wp-json\/wp\/v2\/comments?post=434"}],"version-history":[{"count":1,"href":"https:\/\/www.kark.de\/cms\/wp-json\/wp\/v2\/pages\/434\/revisions"}],"predecessor-version":[{"id":435,"href":"https:\/\/www.kark.de\/cms\/wp-json\/wp\/v2\/pages\/434\/revisions\/435"}],"up":[{"embeddable":true,"href":"https:\/\/www.kark.de\/cms\/wp-json\/wp\/v2\/pages\/54"}],"wp:attachment":[{"href":"https:\/\/www.kark.de\/cms\/wp-json\/wp\/v2\/media?parent=434"}],"curies":[{"name":"wp","href":"https:\/\/api.w.org\/{rel}","templated":true}]}}