{"id":407,"date":"2019-09-12T12:18:27","date_gmt":"2019-09-12T10:18:27","guid":{"rendered":"http:\/\/kark.de\/wordpress\/?page_id=407"},"modified":"2021-10-04T18:35:02","modified_gmt":"2021-10-04T16:35:02","slug":"ingenieria","status":"publish","type":"page","link":"https:\/\/www.kark.de\/cms\/es\/equipos-ingenieria\/ingenieria\/","title":{"rendered":"Ingenier\u00eda"},"content":{"rendered":"<p>El \u00e1rea de proyectos representa la zona interfacial entre la teor\u00eda y la pr\u00e1ctica. En ese \u00e1rea los nuevos desarrollos maduran hasta que se queden listos para la fabricaci\u00f3n. Para que eso sea posible, el \u00e1rea de proyectos y la producci\u00f3n trabajan intimamente unidos, empleando las m\u00e1s modernas tecnolog\u00edas 3D-CAD-CAM. Los modelos 3D-CAD terminados son transformados directamente en lenguaje de programaci\u00f3n CNC. Al mismo tiempo y automaticamente tambi\u00e9n se generan los programas necesarios para nuestros centros de medici\u00f3n 3D.<\/p>\n<p>Nos preocupamos no solamente con lo tecnicamente factible, sino tambi\u00e9n con lo economicamente viable, ya que cada producto y cada instalaci\u00f3n tiene que ser rentable. Sobretodo para el cliente. Por eso cada factor de coste es definido y analisado con exactitud. Para que se pueda hallar la soluci\u00f3n que atienda a las exigencias del cliente de manera optimizada.<\/p>\n<p>La experiencia de d\u00e9cadas genera know-how. Y nosotros queremos pasarlo a nuestros clientes. Cada tarea que se presenta es analizada exhaustivamente, convertiendose en objeto de cuidadosa deliberaci\u00f3n con nuestros clientes en la b\u00fasqueda por un resultado pr\u00e1ctico.<\/p>\n<p>Eso es aplicado a soluciones bajo medida en las \u00e1reas de mecanismos, moldes, m\u00e1quinas, instalaciones y piezas, sean ellas sencillas o complejas.<\/p>\n","protected":false},"excerpt":{"rendered":"<p>El \u00e1rea de proyectos representa la zona interfacial entre la teor\u00eda y la pr\u00e1ctica. En ese \u00e1rea los nuevos desarrollos maduran hasta que se queden listos para la fabricaci\u00f3n. Para que eso sea posible, el \u00e1rea de proyectos y la producci\u00f3n trabajan intimamente unidos, empleando las m\u00e1s modernas tecnolog\u00edas 3D-CAD-CAM. Los modelos 3D-CAD terminados son [&hellip;]<\/p>\n","protected":false},"author":1,"featured_media":0,"parent":54,"menu_order":5,"comment_status":"closed","ping_status":"closed","template":"","meta":{"_acf_changed":false,"site-sidebar-layout":"default","site-content-layout":"default","ast-site-content-layout":"","site-content-style":"default","site-sidebar-style":"default","ast-global-header-display":"","ast-banner-title-visibility":"","ast-main-header-display":"","ast-hfb-above-header-display":"","ast-hfb-below-header-display":"","ast-hfb-mobile-header-display":"","site-post-title":"","ast-breadcrumbs-content":"","ast-featured-img":"","footer-sml-layout":"","theme-transparent-header-meta":"default","adv-header-id-meta":"","stick-header-meta":"","header-above-stick-meta":"","header-main-stick-meta":"","header-below-stick-meta":"","astra-migrate-meta-layouts":"default","ast-page-background-enabled":"default","ast-page-background-meta":{"desktop":{"background-color":"","background-image":"","background-repeat":"repeat","background-position":"center center","background-size":"auto","background-attachment":"scroll","background-type":"","background-media":"","overlay-type":"","overlay-color":"","overlay-gradient":""},"tablet":{"background-color":"","background-image":"","background-repeat":"repeat","background-position":"center center","background-size":"auto","background-attachment":"scroll","background-type":"","background-media":"","overlay-type":"","overlay-color":"","overlay-gradient":""},"mobile":{"background-color":"","background-image":"","background-repeat":"repeat","background-position":"center center","background-size":"auto","background-attachment":"scroll","background-type":"","background-media":"","overlay-type":"","overlay-color":"","overlay-gradient":""}},"ast-content-background-meta":{"desktop":{"background-color":"var(--ast-global-color-5)","background-image":"","background-repeat":"repeat","background-position":"center center","background-size":"auto","background-attachment":"scroll","background-type":"","background-media":"","overlay-type":"","overlay-color":"","overlay-gradient":""},"tablet":{"background-color":"var(--ast-global-color-5)","background-image":"","background-repeat":"repeat","background-position":"center center","background-size":"auto","background-attachment":"scroll","background-type":"","background-media":"","overlay-type":"","overlay-color":"","overlay-gradient":""},"mobile":{"background-color":"var(--ast-global-color-5)","background-image":"","background-repeat":"repeat","background-position":"center center","background-size":"auto","background-attachment":"scroll","background-type":"","background-media":"","overlay-type":"","overlay-color":"","overlay-gradient":""}},"footnotes":""},"class_list":["post-407","page","type-page","status-publish","hentry"],"acf":[],"yoast_head":"<!-- This site is optimized with the Yoast SEO plugin v27.5 - https:\/\/yoast.com\/product\/yoast-seo-wordpress\/ -->\n<title>Ingenier\u00eda - Kark GmbH<\/title>\n<meta name=\"robots\" content=\"index, follow, max-snippet:-1, max-image-preview:large, max-video-preview:-1\" \/>\n<link rel=\"canonical\" href=\"https:\/\/www.kark.de\/cms\/es\/equipos-ingenieria\/ingenieria\/\" \/>\n<meta property=\"og:locale\" content=\"de_DE\" \/>\n<meta property=\"og:type\" content=\"article\" \/>\n<meta property=\"og:title\" content=\"Ingenier\u00eda - Kark GmbH\" \/>\n<meta property=\"og:description\" content=\"El \u00e1rea de proyectos representa la zona interfacial entre la teor\u00eda y la pr\u00e1ctica. En ese \u00e1rea los nuevos desarrollos maduran hasta que se queden listos para la fabricaci\u00f3n. Para que eso sea posible, el \u00e1rea de proyectos y la producci\u00f3n trabajan intimamente unidos, empleando las m\u00e1s modernas tecnolog\u00edas 3D-CAD-CAM. Los modelos 3D-CAD terminados son [&hellip;]\" \/>\n<meta property=\"og:url\" content=\"https:\/\/www.kark.de\/cms\/es\/equipos-ingenieria\/ingenieria\/\" \/>\n<meta property=\"og:site_name\" content=\"Kark GmbH\" \/>\n<meta property=\"article:modified_time\" content=\"2021-10-04T16:35:02+00:00\" \/>\n<meta name=\"twitter:card\" content=\"summary_large_image\" \/>\n<meta name=\"twitter:label1\" content=\"Gesch\u00e4tzte Lesezeit\" \/>\n\t<meta name=\"twitter:data1\" content=\"1\u00a0Minute\" \/>\n<script type=\"application\/ld+json\" class=\"yoast-schema-graph\">{\"@context\":\"https:\\\/\\\/schema.org\",\"@graph\":[{\"@type\":\"WebPage\",\"@id\":\"https:\\\/\\\/www.kark.de\\\/cms\\\/es\\\/equipos-ingenieria\\\/ingenieria\\\/\",\"url\":\"https:\\\/\\\/www.kark.de\\\/cms\\\/es\\\/equipos-ingenieria\\\/ingenieria\\\/\",\"name\":\"Ingenier\u00eda - Kark GmbH\",\"isPartOf\":{\"@id\":\"https:\\\/\\\/www.kark.de\\\/cms\\\/#website\"},\"datePublished\":\"2019-09-12T10:18:27+00:00\",\"dateModified\":\"2021-10-04T16:35:02+00:00\",\"breadcrumb\":{\"@id\":\"https:\\\/\\\/www.kark.de\\\/cms\\\/es\\\/equipos-ingenieria\\\/ingenieria\\\/#breadcrumb\"},\"inLanguage\":\"de\",\"potentialAction\":[{\"@type\":\"ReadAction\",\"target\":[\"https:\\\/\\\/www.kark.de\\\/cms\\\/es\\\/equipos-ingenieria\\\/ingenieria\\\/\"]}]},{\"@type\":\"BreadcrumbList\",\"@id\":\"https:\\\/\\\/www.kark.de\\\/cms\\\/es\\\/equipos-ingenieria\\\/ingenieria\\\/#breadcrumb\",\"itemListElement\":[{\"@type\":\"ListItem\",\"position\":1,\"name\":\"Startseite\",\"item\":\"https:\\\/\\\/www.kark.de\\\/cms\\\/\"},{\"@type\":\"ListItem\",\"position\":2,\"name\":\"Equipos &#038; Ingenieria\",\"item\":\"https:\\\/\\\/www.kark.de\\\/cms\\\/es\\\/equipos-ingenieria\\\/\"},{\"@type\":\"ListItem\",\"position\":3,\"name\":\"Ingenier\u00eda\"}]},{\"@type\":\"WebSite\",\"@id\":\"https:\\\/\\\/www.kark.de\\\/cms\\\/#website\",\"url\":\"https:\\\/\\\/www.kark.de\\\/cms\\\/\",\"name\":\"Kark GmbH\",\"description\":\"Eine Website der Kark GmbH\",\"potentialAction\":[{\"@type\":\"SearchAction\",\"target\":{\"@type\":\"EntryPoint\",\"urlTemplate\":\"https:\\\/\\\/www.kark.de\\\/cms\\\/?s={search_term_string}\"},\"query-input\":{\"@type\":\"PropertyValueSpecification\",\"valueRequired\":true,\"valueName\":\"search_term_string\"}}],\"inLanguage\":\"de\"}]}<\/script>\n<!-- \/ Yoast SEO plugin. -->","yoast_head_json":{"title":"Ingenier\u00eda - Kark GmbH","robots":{"index":"index","follow":"follow","max-snippet":"max-snippet:-1","max-image-preview":"max-image-preview:large","max-video-preview":"max-video-preview:-1"},"canonical":"https:\/\/www.kark.de\/cms\/es\/equipos-ingenieria\/ingenieria\/","og_locale":"de_DE","og_type":"article","og_title":"Ingenier\u00eda - Kark GmbH","og_description":"El \u00e1rea de proyectos representa la zona interfacial entre la teor\u00eda y la pr\u00e1ctica. En ese \u00e1rea los nuevos desarrollos maduran hasta que se queden listos para la fabricaci\u00f3n. Para que eso sea posible, el \u00e1rea de proyectos y la producci\u00f3n trabajan intimamente unidos, empleando las m\u00e1s modernas tecnolog\u00edas 3D-CAD-CAM. Los modelos 3D-CAD terminados son [&hellip;]","og_url":"https:\/\/www.kark.de\/cms\/es\/equipos-ingenieria\/ingenieria\/","og_site_name":"Kark GmbH","article_modified_time":"2021-10-04T16:35:02+00:00","twitter_card":"summary_large_image","twitter_misc":{"Gesch\u00e4tzte Lesezeit":"1\u00a0Minute"},"schema":{"@context":"https:\/\/schema.org","@graph":[{"@type":"WebPage","@id":"https:\/\/www.kark.de\/cms\/es\/equipos-ingenieria\/ingenieria\/","url":"https:\/\/www.kark.de\/cms\/es\/equipos-ingenieria\/ingenieria\/","name":"Ingenier\u00eda - Kark GmbH","isPartOf":{"@id":"https:\/\/www.kark.de\/cms\/#website"},"datePublished":"2019-09-12T10:18:27+00:00","dateModified":"2021-10-04T16:35:02+00:00","breadcrumb":{"@id":"https:\/\/www.kark.de\/cms\/es\/equipos-ingenieria\/ingenieria\/#breadcrumb"},"inLanguage":"de","potentialAction":[{"@type":"ReadAction","target":["https:\/\/www.kark.de\/cms\/es\/equipos-ingenieria\/ingenieria\/"]}]},{"@type":"BreadcrumbList","@id":"https:\/\/www.kark.de\/cms\/es\/equipos-ingenieria\/ingenieria\/#breadcrumb","itemListElement":[{"@type":"ListItem","position":1,"name":"Startseite","item":"https:\/\/www.kark.de\/cms\/"},{"@type":"ListItem","position":2,"name":"Equipos &#038; Ingenieria","item":"https:\/\/www.kark.de\/cms\/es\/equipos-ingenieria\/"},{"@type":"ListItem","position":3,"name":"Ingenier\u00eda"}]},{"@type":"WebSite","@id":"https:\/\/www.kark.de\/cms\/#website","url":"https:\/\/www.kark.de\/cms\/","name":"Kark GmbH","description":"Eine Website der Kark GmbH","potentialAction":[{"@type":"SearchAction","target":{"@type":"EntryPoint","urlTemplate":"https:\/\/www.kark.de\/cms\/?s={search_term_string}"},"query-input":{"@type":"PropertyValueSpecification","valueRequired":true,"valueName":"search_term_string"}}],"inLanguage":"de"}]}},"_links":{"self":[{"href":"https:\/\/www.kark.de\/cms\/wp-json\/wp\/v2\/pages\/407","targetHints":{"allow":["GET"]}}],"collection":[{"href":"https:\/\/www.kark.de\/cms\/wp-json\/wp\/v2\/pages"}],"about":[{"href":"https:\/\/www.kark.de\/cms\/wp-json\/wp\/v2\/types\/page"}],"author":[{"embeddable":true,"href":"https:\/\/www.kark.de\/cms\/wp-json\/wp\/v2\/users\/1"}],"replies":[{"embeddable":true,"href":"https:\/\/www.kark.de\/cms\/wp-json\/wp\/v2\/comments?post=407"}],"version-history":[{"count":2,"href":"https:\/\/www.kark.de\/cms\/wp-json\/wp\/v2\/pages\/407\/revisions"}],"predecessor-version":[{"id":1994,"href":"https:\/\/www.kark.de\/cms\/wp-json\/wp\/v2\/pages\/407\/revisions\/1994"}],"up":[{"embeddable":true,"href":"https:\/\/www.kark.de\/cms\/wp-json\/wp\/v2\/pages\/54"}],"wp:attachment":[{"href":"https:\/\/www.kark.de\/cms\/wp-json\/wp\/v2\/media?parent=407"}],"curies":[{"name":"wp","href":"https:\/\/api.w.org\/{rel}","templated":true}]}}