{"id":402,"date":"2019-09-12T12:17:01","date_gmt":"2019-09-12T10:17:01","guid":{"rendered":"http:\/\/kark.de\/wordpress\/?page_id=402"},"modified":"2021-10-04T18:34:44","modified_gmt":"2021-10-04T16:34:44","slug":"tecnologia-de-dabricacao","status":"publish","type":"page","link":"https:\/\/www.kark.de\/cms\/pt\/equipamentos-engenharia\/tecnologia-de-dabricacao\/","title":{"rendered":"Tecnologia de fabrica\u00e7\u00e3o"},"content":{"rendered":"<p>Dispomos de recursos para solucionar problemas complexos de maneira r\u00e1pida e racional com a mais moderna tecnologia dispon\u00edvel. Por exemplo, mediante uso de centros de fresagem de 6 eixos com comando CNC e furadeiras com capacidade de receber pe\u00e7as de at\u00e9 5 toneladas. Mediante uso de centros de torneamento com dist\u00e2ncia entre pontas de 3500 mm e comando CNC. Mediante uso de fresadoras universais e das mais modernas instala\u00e7\u00f5es de solda.<\/p>\n<p>A execu\u00e7\u00e3o de tarefas excepcionais exige um alto poder de mobiliza\u00e7\u00e3o. E n\u00f3s estamos preparados para isso. Com funcion\u00e1rios altamente qualificados e motivados que sabem como<br \/>\nse resolvem casos de urg\u00eancia e at\u00e9 de emerg\u00eancia. Inclusive \u00e0 noite ou aos domingos. Para que possam ser cumpridos prazos de entrega \u201cimposs\u00edveis\u201d. A fabrica\u00e7\u00e3o de uma pe\u00e7a avulsa, n\u00e3o importa se simples ou complexa, se encaixa perfeitamente na nossa produ\u00e7\u00e3o da mesma maneira que uma pequena s\u00e9rie de pe\u00e7as. Se houver outros fornecedores participantes da mesma pe\u00e7a, nos acertamos cuidadosamente com eles \u2013 por exemplo, no caso de tratamentos t\u00e9rmicos de a\u00e7os ou no beneficiamento de superf\u00edcies.<\/p>\n<p>Queremos que nossos clientes fiquem satisfeitos. Por essa raz\u00e3o lhes prestamos assist\u00eancia t\u00e9cnica ou consultoria, mesmo ap\u00f3s o encerramento do pedido. Independentemente se se trata de ajustes posteriores ou de assuntos relacionados a amplia\u00e7\u00e3o ou modifica\u00e7\u00e3o de instala\u00e7\u00f5es existentes. Al\u00e9m do mais, oferecemos inspe\u00e7\u00f5es, manuten\u00e7\u00f5es e treinamento a nossos clientes.<\/p>\n","protected":false},"excerpt":{"rendered":"<p>Dispomos de recursos para solucionar problemas complexos de maneira r\u00e1pida e racional com a mais moderna tecnologia dispon\u00edvel. Por exemplo, mediante uso de centros de fresagem de 6 eixos com comando CNC e furadeiras com capacidade de receber pe\u00e7as de at\u00e9 5 toneladas. Mediante uso de centros de torneamento com dist\u00e2ncia entre pontas de 3500 [&hellip;]<\/p>\n","protected":false},"author":1,"featured_media":0,"parent":56,"menu_order":6,"comment_status":"closed","ping_status":"closed","template":"","meta":{"_acf_changed":false,"site-sidebar-layout":"default","site-content-layout":"default","ast-site-content-layout":"","site-content-style":"default","site-sidebar-style":"default","ast-global-header-display":"","ast-banner-title-visibility":"","ast-main-header-display":"","ast-hfb-above-header-display":"","ast-hfb-below-header-display":"","ast-hfb-mobile-header-display":"","site-post-title":"","ast-breadcrumbs-content":"","ast-featured-img":"","footer-sml-layout":"","theme-transparent-header-meta":"default","adv-header-id-meta":"","stick-header-meta":"","header-above-stick-meta":"","header-main-stick-meta":"","header-below-stick-meta":"","astra-migrate-meta-layouts":"default","ast-page-background-enabled":"default","ast-page-background-meta":{"desktop":{"background-color":"","background-image":"","background-repeat":"repeat","background-position":"center center","background-size":"auto","background-attachment":"scroll","background-type":"","background-media":"","overlay-type":"","overlay-color":"","overlay-gradient":""},"tablet":{"background-color":"","background-image":"","background-repeat":"repeat","background-position":"center center","background-size":"auto","background-attachment":"scroll","background-type":"","background-media":"","overlay-type":"","overlay-color":"","overlay-gradient":""},"mobile":{"background-color":"","background-image":"","background-repeat":"repeat","background-position":"center center","background-size":"auto","background-attachment":"scroll","background-type":"","background-media":"","overlay-type":"","overlay-color":"","overlay-gradient":""}},"ast-content-background-meta":{"desktop":{"background-color":"var(--ast-global-color-5)","background-image":"","background-repeat":"repeat","background-position":"center center","background-size":"auto","background-attachment":"scroll","background-type":"","background-media":"","overlay-type":"","overlay-color":"","overlay-gradient":""},"tablet":{"background-color":"var(--ast-global-color-5)","background-image":"","background-repeat":"repeat","background-position":"center center","background-size":"auto","background-attachment":"scroll","background-type":"","background-media":"","overlay-type":"","overlay-color":"","overlay-gradient":""},"mobile":{"background-color":"var(--ast-global-color-5)","background-image":"","background-repeat":"repeat","background-position":"center center","background-size":"auto","background-attachment":"scroll","background-type":"","background-media":"","overlay-type":"","overlay-color":"","overlay-gradient":""}},"footnotes":""},"class_list":["post-402","page","type-page","status-publish","hentry"],"acf":[],"yoast_head":"<!-- This site is optimized with the Yoast SEO plugin v27.5 - https:\/\/yoast.com\/product\/yoast-seo-wordpress\/ -->\n<title>Tecnologia de fabrica\u00e7\u00e3o - Kark GmbH<\/title>\n<meta name=\"robots\" content=\"index, follow, max-snippet:-1, max-image-preview:large, max-video-preview:-1\" \/>\n<link rel=\"canonical\" href=\"https:\/\/www.kark.de\/cms\/pt\/equipamentos-engenharia\/tecnologia-de-dabricacao\/\" \/>\n<meta property=\"og:locale\" content=\"de_DE\" \/>\n<meta property=\"og:type\" content=\"article\" \/>\n<meta property=\"og:title\" content=\"Tecnologia de fabrica\u00e7\u00e3o - Kark GmbH\" \/>\n<meta property=\"og:description\" content=\"Dispomos de recursos para solucionar problemas complexos de maneira r\u00e1pida e racional com a mais moderna tecnologia dispon\u00edvel. Por exemplo, mediante uso de centros de fresagem de 6 eixos com comando CNC e furadeiras com capacidade de receber pe\u00e7as de at\u00e9 5 toneladas. Mediante uso de centros de torneamento com dist\u00e2ncia entre pontas de 3500 [&hellip;]\" \/>\n<meta property=\"og:url\" content=\"https:\/\/www.kark.de\/cms\/pt\/equipamentos-engenharia\/tecnologia-de-dabricacao\/\" \/>\n<meta property=\"og:site_name\" content=\"Kark GmbH\" \/>\n<meta property=\"article:modified_time\" content=\"2021-10-04T16:34:44+00:00\" \/>\n<meta name=\"twitter:card\" content=\"summary_large_image\" \/>\n<meta name=\"twitter:label1\" content=\"Gesch\u00e4tzte Lesezeit\" \/>\n\t<meta name=\"twitter:data1\" content=\"1\u00a0Minute\" \/>\n<script type=\"application\/ld+json\" class=\"yoast-schema-graph\">{\"@context\":\"https:\\\/\\\/schema.org\",\"@graph\":[{\"@type\":\"WebPage\",\"@id\":\"https:\\\/\\\/www.kark.de\\\/cms\\\/pt\\\/equipamentos-engenharia\\\/tecnologia-de-dabricacao\\\/\",\"url\":\"https:\\\/\\\/www.kark.de\\\/cms\\\/pt\\\/equipamentos-engenharia\\\/tecnologia-de-dabricacao\\\/\",\"name\":\"Tecnologia de fabrica\u00e7\u00e3o - Kark GmbH\",\"isPartOf\":{\"@id\":\"https:\\\/\\\/www.kark.de\\\/cms\\\/#website\"},\"datePublished\":\"2019-09-12T10:17:01+00:00\",\"dateModified\":\"2021-10-04T16:34:44+00:00\",\"breadcrumb\":{\"@id\":\"https:\\\/\\\/www.kark.de\\\/cms\\\/pt\\\/equipamentos-engenharia\\\/tecnologia-de-dabricacao\\\/#breadcrumb\"},\"inLanguage\":\"de\",\"potentialAction\":[{\"@type\":\"ReadAction\",\"target\":[\"https:\\\/\\\/www.kark.de\\\/cms\\\/pt\\\/equipamentos-engenharia\\\/tecnologia-de-dabricacao\\\/\"]}]},{\"@type\":\"BreadcrumbList\",\"@id\":\"https:\\\/\\\/www.kark.de\\\/cms\\\/pt\\\/equipamentos-engenharia\\\/tecnologia-de-dabricacao\\\/#breadcrumb\",\"itemListElement\":[{\"@type\":\"ListItem\",\"position\":1,\"name\":\"Startseite\",\"item\":\"https:\\\/\\\/www.kark.de\\\/cms\\\/\"},{\"@type\":\"ListItem\",\"position\":2,\"name\":\"Equipamentos &#038; Engenharia\",\"item\":\"https:\\\/\\\/www.kark.de\\\/cms\\\/pt\\\/equipamentos-engenharia\\\/\"},{\"@type\":\"ListItem\",\"position\":3,\"name\":\"Tecnologia de fabrica\u00e7\u00e3o\"}]},{\"@type\":\"WebSite\",\"@id\":\"https:\\\/\\\/www.kark.de\\\/cms\\\/#website\",\"url\":\"https:\\\/\\\/www.kark.de\\\/cms\\\/\",\"name\":\"Kark GmbH\",\"description\":\"Eine Website der Kark GmbH\",\"potentialAction\":[{\"@type\":\"SearchAction\",\"target\":{\"@type\":\"EntryPoint\",\"urlTemplate\":\"https:\\\/\\\/www.kark.de\\\/cms\\\/?s={search_term_string}\"},\"query-input\":{\"@type\":\"PropertyValueSpecification\",\"valueRequired\":true,\"valueName\":\"search_term_string\"}}],\"inLanguage\":\"de\"}]}<\/script>\n<!-- \/ Yoast SEO plugin. -->","yoast_head_json":{"title":"Tecnologia de fabrica\u00e7\u00e3o - Kark GmbH","robots":{"index":"index","follow":"follow","max-snippet":"max-snippet:-1","max-image-preview":"max-image-preview:large","max-video-preview":"max-video-preview:-1"},"canonical":"https:\/\/www.kark.de\/cms\/pt\/equipamentos-engenharia\/tecnologia-de-dabricacao\/","og_locale":"de_DE","og_type":"article","og_title":"Tecnologia de fabrica\u00e7\u00e3o - Kark GmbH","og_description":"Dispomos de recursos para solucionar problemas complexos de maneira r\u00e1pida e racional com a mais moderna tecnologia dispon\u00edvel. Por exemplo, mediante uso de centros de fresagem de 6 eixos com comando CNC e furadeiras com capacidade de receber pe\u00e7as de at\u00e9 5 toneladas. Mediante uso de centros de torneamento com dist\u00e2ncia entre pontas de 3500 [&hellip;]","og_url":"https:\/\/www.kark.de\/cms\/pt\/equipamentos-engenharia\/tecnologia-de-dabricacao\/","og_site_name":"Kark GmbH","article_modified_time":"2021-10-04T16:34:44+00:00","twitter_card":"summary_large_image","twitter_misc":{"Gesch\u00e4tzte Lesezeit":"1\u00a0Minute"},"schema":{"@context":"https:\/\/schema.org","@graph":[{"@type":"WebPage","@id":"https:\/\/www.kark.de\/cms\/pt\/equipamentos-engenharia\/tecnologia-de-dabricacao\/","url":"https:\/\/www.kark.de\/cms\/pt\/equipamentos-engenharia\/tecnologia-de-dabricacao\/","name":"Tecnologia de fabrica\u00e7\u00e3o - Kark GmbH","isPartOf":{"@id":"https:\/\/www.kark.de\/cms\/#website"},"datePublished":"2019-09-12T10:17:01+00:00","dateModified":"2021-10-04T16:34:44+00:00","breadcrumb":{"@id":"https:\/\/www.kark.de\/cms\/pt\/equipamentos-engenharia\/tecnologia-de-dabricacao\/#breadcrumb"},"inLanguage":"de","potentialAction":[{"@type":"ReadAction","target":["https:\/\/www.kark.de\/cms\/pt\/equipamentos-engenharia\/tecnologia-de-dabricacao\/"]}]},{"@type":"BreadcrumbList","@id":"https:\/\/www.kark.de\/cms\/pt\/equipamentos-engenharia\/tecnologia-de-dabricacao\/#breadcrumb","itemListElement":[{"@type":"ListItem","position":1,"name":"Startseite","item":"https:\/\/www.kark.de\/cms\/"},{"@type":"ListItem","position":2,"name":"Equipamentos &#038; Engenharia","item":"https:\/\/www.kark.de\/cms\/pt\/equipamentos-engenharia\/"},{"@type":"ListItem","position":3,"name":"Tecnologia de fabrica\u00e7\u00e3o"}]},{"@type":"WebSite","@id":"https:\/\/www.kark.de\/cms\/#website","url":"https:\/\/www.kark.de\/cms\/","name":"Kark GmbH","description":"Eine Website der Kark GmbH","potentialAction":[{"@type":"SearchAction","target":{"@type":"EntryPoint","urlTemplate":"https:\/\/www.kark.de\/cms\/?s={search_term_string}"},"query-input":{"@type":"PropertyValueSpecification","valueRequired":true,"valueName":"search_term_string"}}],"inLanguage":"de"}]}},"_links":{"self":[{"href":"https:\/\/www.kark.de\/cms\/wp-json\/wp\/v2\/pages\/402","targetHints":{"allow":["GET"]}}],"collection":[{"href":"https:\/\/www.kark.de\/cms\/wp-json\/wp\/v2\/pages"}],"about":[{"href":"https:\/\/www.kark.de\/cms\/wp-json\/wp\/v2\/types\/page"}],"author":[{"embeddable":true,"href":"https:\/\/www.kark.de\/cms\/wp-json\/wp\/v2\/users\/1"}],"replies":[{"embeddable":true,"href":"https:\/\/www.kark.de\/cms\/wp-json\/wp\/v2\/comments?post=402"}],"version-history":[{"count":5,"href":"https:\/\/www.kark.de\/cms\/wp-json\/wp\/v2\/pages\/402\/revisions"}],"predecessor-version":[{"id":1992,"href":"https:\/\/www.kark.de\/cms\/wp-json\/wp\/v2\/pages\/402\/revisions\/1992"}],"up":[{"embeddable":true,"href":"https:\/\/www.kark.de\/cms\/wp-json\/wp\/v2\/pages\/56"}],"wp:attachment":[{"href":"https:\/\/www.kark.de\/cms\/wp-json\/wp\/v2\/media?parent=402"}],"curies":[{"name":"wp","href":"https:\/\/api.w.org\/{rel}","templated":true}]}}