{"id":384,"date":"2019-09-12T12:10:39","date_gmt":"2019-09-12T10:10:39","guid":{"rendered":"http:\/\/kark.de\/wordpress\/?page_id=384"},"modified":"2021-12-14T14:31:16","modified_gmt":"2021-12-14T13:31:16","slug":"kafix-cbn","status":"publish","type":"page","link":"https:\/\/www.kark.de\/cms\/es\/roll-mill-technology-2\/kafix-cbn\/","title":{"rendered":"CBN Cutting tools"},"content":{"rendered":"<p>Los insertos KAFIX CBN pertenecen a una generaci\u00f3n de herramientas de corte de avanzada tecnolog\u00eda, desarrolladas para ofrecer una producci\u00f3n optimizada y rentable. La amplia variedad de herramientas CBN y sus correspondientes sujetadores satisfacen a la perfecci\u00f3n cualquier tipo de maquinado.<\/p>\n<p>Nuestros Insertos CBN han sido dise\u00f1ados especificamente para las necesidades de su taller. El espesor incrementado, comparado con otros insertos standar del mercado, hace de ellos la herramienta perfecta para maquinar, por ejemplo, anillos de Carburo de Tungsteno (TC) o de polvo metal\u00fargico (PM).<\/p>\n<p>Los Insertos KAFIX CBN est\u00e1n disponibles en tres diferentes di\u00e1metros con sus respectivos sujetadores, en una variada selecci\u00f3n de tama\u00f1os estandar y personalizados, para una efectiva adaptaci\u00f3n a los requerimientos de sus necesidades.<\/p>\n<ul>\n<li>excepcional resistencia al desgaste<\/li>\n<li>alta estabilidad t\u00e9rmica durante el maquinado<\/li>\n<li>insertos resistentes, extremamente duros, totalmente de CBN<\/li>\n<li>costes reducidos de maquinado y menos cambios de herramientas<\/li>\n<li>expresiva reducci\u00f3n de costes si comparados con insertos de carburo de tungsteno o de cer\u00e1mica<\/li>\n<\/ul>\n<p><a href=\"\/cms\/wp-content\/uploads\/Kark-CBN-Tools-1.pdf\" target=\"_blank\" rel=\"noopener\">Download Flyer<\/a><\/p>\n","protected":false},"excerpt":{"rendered":"<p>Los insertos KAFIX CBN pertenecen a una generaci\u00f3n de herramientas de corte de avanzada tecnolog\u00eda, desarrolladas para ofrecer una producci\u00f3n optimizada y rentable. La amplia variedad de herramientas CBN y sus correspondientes sujetadores satisfacen a la perfecci\u00f3n cualquier tipo de maquinado. Nuestros Insertos CBN han sido dise\u00f1ados especificamente para las necesidades de su taller. El [&hellip;]<\/p>\n","protected":false},"author":1,"featured_media":0,"parent":2025,"menu_order":3,"comment_status":"closed","ping_status":"closed","template":"","meta":{"_acf_changed":false,"site-sidebar-layout":"default","site-content-layout":"default","ast-site-content-layout":"","site-content-style":"default","site-sidebar-style":"default","ast-global-header-display":"","ast-banner-title-visibility":"","ast-main-header-display":"","ast-hfb-above-header-display":"","ast-hfb-below-header-display":"","ast-hfb-mobile-header-display":"","site-post-title":"","ast-breadcrumbs-content":"","ast-featured-img":"","footer-sml-layout":"","theme-transparent-header-meta":"default","adv-header-id-meta":"","stick-header-meta":"","header-above-stick-meta":"","header-main-stick-meta":"","header-below-stick-meta":"","astra-migrate-meta-layouts":"default","ast-page-background-enabled":"default","ast-page-background-meta":{"desktop":{"background-color":"","background-image":"","background-repeat":"repeat","background-position":"center center","background-size":"auto","background-attachment":"scroll","background-type":"","background-media":"","overlay-type":"","overlay-color":"","overlay-gradient":""},"tablet":{"background-color":"","background-image":"","background-repeat":"repeat","background-position":"center center","background-size":"auto","background-attachment":"scroll","background-type":"","background-media":"","overlay-type":"","overlay-color":"","overlay-gradient":""},"mobile":{"background-color":"","background-image":"","background-repeat":"repeat","background-position":"center center","background-size":"auto","background-attachment":"scroll","background-type":"","background-media":"","overlay-type":"","overlay-color":"","overlay-gradient":""}},"ast-content-background-meta":{"desktop":{"background-color":"var(--ast-global-color-5)","background-image":"","background-repeat":"repeat","background-position":"center center","background-size":"auto","background-attachment":"scroll","background-type":"","background-media":"","overlay-type":"","overlay-color":"","overlay-gradient":""},"tablet":{"background-color":"var(--ast-global-color-5)","background-image":"","background-repeat":"repeat","background-position":"center center","background-size":"auto","background-attachment":"scroll","background-type":"","background-media":"","overlay-type":"","overlay-color":"","overlay-gradient":""},"mobile":{"background-color":"var(--ast-global-color-5)","background-image":"","background-repeat":"repeat","background-position":"center center","background-size":"auto","background-attachment":"scroll","background-type":"","background-media":"","overlay-type":"","overlay-color":"","overlay-gradient":""}},"footnotes":""},"class_list":["post-384","page","type-page","status-publish","hentry"],"acf":[],"yoast_head":"<!-- This site is optimized with the Yoast SEO plugin v27.5 - https:\/\/yoast.com\/product\/yoast-seo-wordpress\/ -->\n<title>CBN Cutting tools - Kark GmbH<\/title>\n<meta name=\"robots\" content=\"index, follow, max-snippet:-1, max-image-preview:large, max-video-preview:-1\" \/>\n<link rel=\"canonical\" href=\"https:\/\/www.kark.de\/cms\/es\/roll-mill-technology-2\/kafix-cbn\/\" \/>\n<meta property=\"og:locale\" content=\"de_DE\" \/>\n<meta property=\"og:type\" content=\"article\" \/>\n<meta property=\"og:title\" content=\"CBN Cutting tools - Kark GmbH\" \/>\n<meta property=\"og:description\" content=\"Los insertos KAFIX CBN pertenecen a una generaci\u00f3n de herramientas de corte de avanzada tecnolog\u00eda, desarrolladas para ofrecer una producci\u00f3n optimizada y rentable. La amplia variedad de herramientas CBN y sus correspondientes sujetadores satisfacen a la perfecci\u00f3n cualquier tipo de maquinado. Nuestros Insertos CBN han sido dise\u00f1ados especificamente para las necesidades de su taller. El [&hellip;]\" \/>\n<meta property=\"og:url\" content=\"https:\/\/www.kark.de\/cms\/es\/roll-mill-technology-2\/kafix-cbn\/\" \/>\n<meta property=\"og:site_name\" content=\"Kark GmbH\" \/>\n<meta property=\"article:modified_time\" content=\"2021-12-14T13:31:16+00:00\" \/>\n<meta name=\"twitter:card\" content=\"summary_large_image\" \/>\n<meta name=\"twitter:label1\" content=\"Gesch\u00e4tzte Lesezeit\" \/>\n\t<meta name=\"twitter:data1\" content=\"1\u00a0Minute\" \/>\n<script type=\"application\/ld+json\" class=\"yoast-schema-graph\">{\"@context\":\"https:\\\/\\\/schema.org\",\"@graph\":[{\"@type\":\"WebPage\",\"@id\":\"https:\\\/\\\/www.kark.de\\\/cms\\\/es\\\/roll-mill-technology-2\\\/kafix-cbn\\\/\",\"url\":\"https:\\\/\\\/www.kark.de\\\/cms\\\/es\\\/roll-mill-technology-2\\\/kafix-cbn\\\/\",\"name\":\"CBN Cutting tools - Kark GmbH\",\"isPartOf\":{\"@id\":\"https:\\\/\\\/www.kark.de\\\/cms\\\/#website\"},\"datePublished\":\"2019-09-12T10:10:39+00:00\",\"dateModified\":\"2021-12-14T13:31:16+00:00\",\"breadcrumb\":{\"@id\":\"https:\\\/\\\/www.kark.de\\\/cms\\\/es\\\/roll-mill-technology-2\\\/kafix-cbn\\\/#breadcrumb\"},\"inLanguage\":\"de\",\"potentialAction\":[{\"@type\":\"ReadAction\",\"target\":[\"https:\\\/\\\/www.kark.de\\\/cms\\\/es\\\/roll-mill-technology-2\\\/kafix-cbn\\\/\"]}]},{\"@type\":\"BreadcrumbList\",\"@id\":\"https:\\\/\\\/www.kark.de\\\/cms\\\/es\\\/roll-mill-technology-2\\\/kafix-cbn\\\/#breadcrumb\",\"itemListElement\":[{\"@type\":\"ListItem\",\"position\":1,\"name\":\"Startseite\",\"item\":\"https:\\\/\\\/www.kark.de\\\/cms\\\/\"},{\"@type\":\"ListItem\",\"position\":2,\"name\":\"Roll Mill Technology\",\"item\":\"https:\\\/\\\/www.kark.de\\\/cms\\\/es\\\/roll-mill-technology-2\\\/\"},{\"@type\":\"ListItem\",\"position\":3,\"name\":\"CBN Cutting tools\"}]},{\"@type\":\"WebSite\",\"@id\":\"https:\\\/\\\/www.kark.de\\\/cms\\\/#website\",\"url\":\"https:\\\/\\\/www.kark.de\\\/cms\\\/\",\"name\":\"Kark GmbH\",\"description\":\"Eine Website der Kark GmbH\",\"potentialAction\":[{\"@type\":\"SearchAction\",\"target\":{\"@type\":\"EntryPoint\",\"urlTemplate\":\"https:\\\/\\\/www.kark.de\\\/cms\\\/?s={search_term_string}\"},\"query-input\":{\"@type\":\"PropertyValueSpecification\",\"valueRequired\":true,\"valueName\":\"search_term_string\"}}],\"inLanguage\":\"de\"}]}<\/script>\n<!-- \/ Yoast SEO plugin. -->","yoast_head_json":{"title":"CBN Cutting tools - Kark GmbH","robots":{"index":"index","follow":"follow","max-snippet":"max-snippet:-1","max-image-preview":"max-image-preview:large","max-video-preview":"max-video-preview:-1"},"canonical":"https:\/\/www.kark.de\/cms\/es\/roll-mill-technology-2\/kafix-cbn\/","og_locale":"de_DE","og_type":"article","og_title":"CBN Cutting tools - Kark GmbH","og_description":"Los insertos KAFIX CBN pertenecen a una generaci\u00f3n de herramientas de corte de avanzada tecnolog\u00eda, desarrolladas para ofrecer una producci\u00f3n optimizada y rentable. La amplia variedad de herramientas CBN y sus correspondientes sujetadores satisfacen a la perfecci\u00f3n cualquier tipo de maquinado. Nuestros Insertos CBN han sido dise\u00f1ados especificamente para las necesidades de su taller. El [&hellip;]","og_url":"https:\/\/www.kark.de\/cms\/es\/roll-mill-technology-2\/kafix-cbn\/","og_site_name":"Kark GmbH","article_modified_time":"2021-12-14T13:31:16+00:00","twitter_card":"summary_large_image","twitter_misc":{"Gesch\u00e4tzte Lesezeit":"1\u00a0Minute"},"schema":{"@context":"https:\/\/schema.org","@graph":[{"@type":"WebPage","@id":"https:\/\/www.kark.de\/cms\/es\/roll-mill-technology-2\/kafix-cbn\/","url":"https:\/\/www.kark.de\/cms\/es\/roll-mill-technology-2\/kafix-cbn\/","name":"CBN Cutting tools - Kark GmbH","isPartOf":{"@id":"https:\/\/www.kark.de\/cms\/#website"},"datePublished":"2019-09-12T10:10:39+00:00","dateModified":"2021-12-14T13:31:16+00:00","breadcrumb":{"@id":"https:\/\/www.kark.de\/cms\/es\/roll-mill-technology-2\/kafix-cbn\/#breadcrumb"},"inLanguage":"de","potentialAction":[{"@type":"ReadAction","target":["https:\/\/www.kark.de\/cms\/es\/roll-mill-technology-2\/kafix-cbn\/"]}]},{"@type":"BreadcrumbList","@id":"https:\/\/www.kark.de\/cms\/es\/roll-mill-technology-2\/kafix-cbn\/#breadcrumb","itemListElement":[{"@type":"ListItem","position":1,"name":"Startseite","item":"https:\/\/www.kark.de\/cms\/"},{"@type":"ListItem","position":2,"name":"Roll Mill Technology","item":"https:\/\/www.kark.de\/cms\/es\/roll-mill-technology-2\/"},{"@type":"ListItem","position":3,"name":"CBN Cutting tools"}]},{"@type":"WebSite","@id":"https:\/\/www.kark.de\/cms\/#website","url":"https:\/\/www.kark.de\/cms\/","name":"Kark GmbH","description":"Eine Website der Kark GmbH","potentialAction":[{"@type":"SearchAction","target":{"@type":"EntryPoint","urlTemplate":"https:\/\/www.kark.de\/cms\/?s={search_term_string}"},"query-input":{"@type":"PropertyValueSpecification","valueRequired":true,"valueName":"search_term_string"}}],"inLanguage":"de"}]}},"_links":{"self":[{"href":"https:\/\/www.kark.de\/cms\/wp-json\/wp\/v2\/pages\/384","targetHints":{"allow":["GET"]}}],"collection":[{"href":"https:\/\/www.kark.de\/cms\/wp-json\/wp\/v2\/pages"}],"about":[{"href":"https:\/\/www.kark.de\/cms\/wp-json\/wp\/v2\/types\/page"}],"author":[{"embeddable":true,"href":"https:\/\/www.kark.de\/cms\/wp-json\/wp\/v2\/users\/1"}],"replies":[{"embeddable":true,"href":"https:\/\/www.kark.de\/cms\/wp-json\/wp\/v2\/comments?post=384"}],"version-history":[{"count":8,"href":"https:\/\/www.kark.de\/cms\/wp-json\/wp\/v2\/pages\/384\/revisions"}],"predecessor-version":[{"id":2428,"href":"https:\/\/www.kark.de\/cms\/wp-json\/wp\/v2\/pages\/384\/revisions\/2428"}],"up":[{"embeddable":true,"href":"https:\/\/www.kark.de\/cms\/wp-json\/wp\/v2\/pages\/2025"}],"wp:attachment":[{"href":"https:\/\/www.kark.de\/cms\/wp-json\/wp\/v2\/media?parent=384"}],"curies":[{"name":"wp","href":"https:\/\/api.w.org\/{rel}","templated":true}]}}