{"id":380,"date":"2019-09-12T12:09:13","date_gmt":"2019-09-12T10:09:13","guid":{"rendered":"http:\/\/kark.de\/wordpress\/?page_id=380"},"modified":"2021-12-14T14:36:52","modified_gmt":"2021-12-14T13:36:52","slug":"kafix-a","status":"publish","type":"page","link":"https:\/\/www.kark.de\/cms\/pt\/roll-mill-technology-3\/kafix-a\/","title":{"rendered":"KAFIX A &#8211; Veios de lamina\u00e7\u00e3o compostos para Laminador a quente"},"content":{"rendered":"<p>Com milhares de sistemas vendidos e 40 anos de experi\u00eancia, a KARK \u00e9 um dos mais reconhecidos fornecedores de \u00a0veios de lamina\u00e7\u00e3o compostos em todo o mundo. Nosso objetivo \u00e9 fornecer a voc\u00ea o sistema de fixa\u00e7\u00e3o mais dur\u00e1vel poss\u00edvel para lhe dar a m\u00e1xima disponibilidade de sua f\u00e1brica.Como n\u00e3o somos um fabricante de an\u00e9is de rolos de carboneto de tungst\u00eanio, minimizamos as dimens\u00f5es dos an\u00e9is de rolos para reduzir seu custo de consum\u00edveis.Nossos sistemas de fixa\u00e7\u00e3o s\u00e3o projetados especificamente para caber em seu trem de laminagem e s\u00e3o fabricados em nossa f\u00e1brica na Alemanha.Utilizamos apenas materiais e tecnologias de fabrica\u00e7\u00e3o superiores.<\/p>\n<ul>\n<li>minimiza\u00e7\u00e3o do tempo de parada do laminador<\/li>\n<li>vida \u00fatil at\u00e9 20 vezes maior em rela\u00e7\u00e3o aos rolos fundidos<\/li>\n<li>fixa\u00e7\u00e3o puramente axial do anel de rolo<\/li>\n<li>adequado para lamina\u00e7\u00e3o de v\u00e1rias linhas<\/li>\n<li>troca f\u00e1cil de an\u00e9is de rolo em sua loja de rolos<\/li>\n<li>melhor forma da haste e acabamento superficial<\/li>\n<li>sistema completo de fixa\u00e7\u00e3o de a\u00e7o inoxid\u00e1vel<\/li>\n<li>Processo de fabrica\u00e7\u00e3o certificado ISO 9001<\/li>\n<\/ul>\n<p><a href=\"\/cms\/wp-content\/uploads\/KAFIX_Composite_Roll-1.pdf\" target=\"_blank\" rel=\"noopener\">Download Flyer<\/a><\/p>\n","protected":false},"excerpt":{"rendered":"<p>Com milhares de sistemas vendidos e 40 anos de experi\u00eancia, a KARK \u00e9 um dos mais reconhecidos fornecedores de \u00a0veios de lamina\u00e7\u00e3o compostos em todo o mundo. Nosso objetivo \u00e9 fornecer a voc\u00ea o sistema de fixa\u00e7\u00e3o mais dur\u00e1vel poss\u00edvel para lhe dar a m\u00e1xima disponibilidade de sua f\u00e1brica.Como n\u00e3o somos um fabricante de an\u00e9is [&hellip;]<\/p>\n","protected":false},"author":1,"featured_media":0,"parent":2027,"menu_order":8,"comment_status":"closed","ping_status":"closed","template":"","meta":{"_acf_changed":false,"site-sidebar-layout":"default","site-content-layout":"default","ast-site-content-layout":"","site-content-style":"default","site-sidebar-style":"default","ast-global-header-display":"","ast-banner-title-visibility":"","ast-main-header-display":"","ast-hfb-above-header-display":"","ast-hfb-below-header-display":"","ast-hfb-mobile-header-display":"","site-post-title":"","ast-breadcrumbs-content":"","ast-featured-img":"","footer-sml-layout":"","theme-transparent-header-meta":"default","adv-header-id-meta":"","stick-header-meta":"","header-above-stick-meta":"","header-main-stick-meta":"","header-below-stick-meta":"","astra-migrate-meta-layouts":"default","ast-page-background-enabled":"default","ast-page-background-meta":{"desktop":{"background-color":"","background-image":"","background-repeat":"repeat","background-position":"center center","background-size":"auto","background-attachment":"scroll","background-type":"","background-media":"","overlay-type":"","overlay-color":"","overlay-gradient":""},"tablet":{"background-color":"","background-image":"","background-repeat":"repeat","background-position":"center center","background-size":"auto","background-attachment":"scroll","background-type":"","background-media":"","overlay-type":"","overlay-color":"","overlay-gradient":""},"mobile":{"background-color":"","background-image":"","background-repeat":"repeat","background-position":"center center","background-size":"auto","background-attachment":"scroll","background-type":"","background-media":"","overlay-type":"","overlay-color":"","overlay-gradient":""}},"ast-content-background-meta":{"desktop":{"background-color":"var(--ast-global-color-5)","background-image":"","background-repeat":"repeat","background-position":"center center","background-size":"auto","background-attachment":"scroll","background-type":"","background-media":"","overlay-type":"","overlay-color":"","overlay-gradient":""},"tablet":{"background-color":"var(--ast-global-color-5)","background-image":"","background-repeat":"repeat","background-position":"center center","background-size":"auto","background-attachment":"scroll","background-type":"","background-media":"","overlay-type":"","overlay-color":"","overlay-gradient":""},"mobile":{"background-color":"var(--ast-global-color-5)","background-image":"","background-repeat":"repeat","background-position":"center center","background-size":"auto","background-attachment":"scroll","background-type":"","background-media":"","overlay-type":"","overlay-color":"","overlay-gradient":""}},"footnotes":""},"class_list":["post-380","page","type-page","status-publish","hentry"],"acf":[],"yoast_head":"<!-- This site is optimized with the Yoast SEO plugin v27.5 - https:\/\/yoast.com\/product\/yoast-seo-wordpress\/ -->\n<title>KAFIX A - Veios de lamina\u00e7\u00e3o compostos para Laminador a quente - Kark GmbH<\/title>\n<meta name=\"robots\" content=\"index, follow, max-snippet:-1, max-image-preview:large, max-video-preview:-1\" \/>\n<link rel=\"canonical\" href=\"https:\/\/www.kark.de\/cms\/pt\/roll-mill-technology-3\/kafix-a\/\" \/>\n<meta property=\"og:locale\" content=\"de_DE\" \/>\n<meta property=\"og:type\" content=\"article\" \/>\n<meta property=\"og:title\" content=\"KAFIX A - Veios de lamina\u00e7\u00e3o compostos para Laminador a quente - Kark GmbH\" \/>\n<meta property=\"og:description\" content=\"Com milhares de sistemas vendidos e 40 anos de experi\u00eancia, a KARK \u00e9 um dos mais reconhecidos fornecedores de \u00a0veios de lamina\u00e7\u00e3o compostos em todo o mundo. Nosso objetivo \u00e9 fornecer a voc\u00ea o sistema de fixa\u00e7\u00e3o mais dur\u00e1vel poss\u00edvel para lhe dar a m\u00e1xima disponibilidade de sua f\u00e1brica.Como n\u00e3o somos um fabricante de an\u00e9is [&hellip;]\" \/>\n<meta property=\"og:url\" content=\"https:\/\/www.kark.de\/cms\/pt\/roll-mill-technology-3\/kafix-a\/\" \/>\n<meta property=\"og:site_name\" content=\"Kark GmbH\" \/>\n<meta property=\"article:modified_time\" content=\"2021-12-14T13:36:52+00:00\" \/>\n<meta name=\"twitter:card\" content=\"summary_large_image\" \/>\n<meta name=\"twitter:label1\" content=\"Gesch\u00e4tzte Lesezeit\" \/>\n\t<meta name=\"twitter:data1\" content=\"1\u00a0Minute\" \/>\n<script type=\"application\/ld+json\" class=\"yoast-schema-graph\">{\"@context\":\"https:\\\/\\\/schema.org\",\"@graph\":[{\"@type\":\"WebPage\",\"@id\":\"https:\\\/\\\/www.kark.de\\\/cms\\\/pt\\\/roll-mill-technology-3\\\/kafix-a\\\/\",\"url\":\"https:\\\/\\\/www.kark.de\\\/cms\\\/pt\\\/roll-mill-technology-3\\\/kafix-a\\\/\",\"name\":\"KAFIX A - Veios de lamina\u00e7\u00e3o compostos para Laminador a quente - Kark GmbH\",\"isPartOf\":{\"@id\":\"https:\\\/\\\/www.kark.de\\\/cms\\\/#website\"},\"datePublished\":\"2019-09-12T10:09:13+00:00\",\"dateModified\":\"2021-12-14T13:36:52+00:00\",\"breadcrumb\":{\"@id\":\"https:\\\/\\\/www.kark.de\\\/cms\\\/pt\\\/roll-mill-technology-3\\\/kafix-a\\\/#breadcrumb\"},\"inLanguage\":\"de\",\"potentialAction\":[{\"@type\":\"ReadAction\",\"target\":[\"https:\\\/\\\/www.kark.de\\\/cms\\\/pt\\\/roll-mill-technology-3\\\/kafix-a\\\/\"]}]},{\"@type\":\"BreadcrumbList\",\"@id\":\"https:\\\/\\\/www.kark.de\\\/cms\\\/pt\\\/roll-mill-technology-3\\\/kafix-a\\\/#breadcrumb\",\"itemListElement\":[{\"@type\":\"ListItem\",\"position\":1,\"name\":\"Startseite\",\"item\":\"https:\\\/\\\/www.kark.de\\\/cms\\\/\"},{\"@type\":\"ListItem\",\"position\":2,\"name\":\"Roll Mill Technology\",\"item\":\"https:\\\/\\\/www.kark.de\\\/cms\\\/pt\\\/roll-mill-technology-3\\\/\"},{\"@type\":\"ListItem\",\"position\":3,\"name\":\"KAFIX A &#8211; Veios de lamina\u00e7\u00e3o compostos para Laminador a quente\"}]},{\"@type\":\"WebSite\",\"@id\":\"https:\\\/\\\/www.kark.de\\\/cms\\\/#website\",\"url\":\"https:\\\/\\\/www.kark.de\\\/cms\\\/\",\"name\":\"Kark GmbH\",\"description\":\"Eine Website der Kark GmbH\",\"potentialAction\":[{\"@type\":\"SearchAction\",\"target\":{\"@type\":\"EntryPoint\",\"urlTemplate\":\"https:\\\/\\\/www.kark.de\\\/cms\\\/?s={search_term_string}\"},\"query-input\":{\"@type\":\"PropertyValueSpecification\",\"valueRequired\":true,\"valueName\":\"search_term_string\"}}],\"inLanguage\":\"de\"}]}<\/script>\n<!-- \/ Yoast SEO plugin. -->","yoast_head_json":{"title":"KAFIX A - Veios de lamina\u00e7\u00e3o compostos para Laminador a quente - Kark GmbH","robots":{"index":"index","follow":"follow","max-snippet":"max-snippet:-1","max-image-preview":"max-image-preview:large","max-video-preview":"max-video-preview:-1"},"canonical":"https:\/\/www.kark.de\/cms\/pt\/roll-mill-technology-3\/kafix-a\/","og_locale":"de_DE","og_type":"article","og_title":"KAFIX A - Veios de lamina\u00e7\u00e3o compostos para Laminador a quente - Kark GmbH","og_description":"Com milhares de sistemas vendidos e 40 anos de experi\u00eancia, a KARK \u00e9 um dos mais reconhecidos fornecedores de \u00a0veios de lamina\u00e7\u00e3o compostos em todo o mundo. Nosso objetivo \u00e9 fornecer a voc\u00ea o sistema de fixa\u00e7\u00e3o mais dur\u00e1vel poss\u00edvel para lhe dar a m\u00e1xima disponibilidade de sua f\u00e1brica.Como n\u00e3o somos um fabricante de an\u00e9is [&hellip;]","og_url":"https:\/\/www.kark.de\/cms\/pt\/roll-mill-technology-3\/kafix-a\/","og_site_name":"Kark GmbH","article_modified_time":"2021-12-14T13:36:52+00:00","twitter_card":"summary_large_image","twitter_misc":{"Gesch\u00e4tzte Lesezeit":"1\u00a0Minute"},"schema":{"@context":"https:\/\/schema.org","@graph":[{"@type":"WebPage","@id":"https:\/\/www.kark.de\/cms\/pt\/roll-mill-technology-3\/kafix-a\/","url":"https:\/\/www.kark.de\/cms\/pt\/roll-mill-technology-3\/kafix-a\/","name":"KAFIX A - Veios de lamina\u00e7\u00e3o compostos para Laminador a quente - Kark GmbH","isPartOf":{"@id":"https:\/\/www.kark.de\/cms\/#website"},"datePublished":"2019-09-12T10:09:13+00:00","dateModified":"2021-12-14T13:36:52+00:00","breadcrumb":{"@id":"https:\/\/www.kark.de\/cms\/pt\/roll-mill-technology-3\/kafix-a\/#breadcrumb"},"inLanguage":"de","potentialAction":[{"@type":"ReadAction","target":["https:\/\/www.kark.de\/cms\/pt\/roll-mill-technology-3\/kafix-a\/"]}]},{"@type":"BreadcrumbList","@id":"https:\/\/www.kark.de\/cms\/pt\/roll-mill-technology-3\/kafix-a\/#breadcrumb","itemListElement":[{"@type":"ListItem","position":1,"name":"Startseite","item":"https:\/\/www.kark.de\/cms\/"},{"@type":"ListItem","position":2,"name":"Roll Mill Technology","item":"https:\/\/www.kark.de\/cms\/pt\/roll-mill-technology-3\/"},{"@type":"ListItem","position":3,"name":"KAFIX A &#8211; Veios de lamina\u00e7\u00e3o compostos para Laminador a quente"}]},{"@type":"WebSite","@id":"https:\/\/www.kark.de\/cms\/#website","url":"https:\/\/www.kark.de\/cms\/","name":"Kark GmbH","description":"Eine Website der Kark GmbH","potentialAction":[{"@type":"SearchAction","target":{"@type":"EntryPoint","urlTemplate":"https:\/\/www.kark.de\/cms\/?s={search_term_string}"},"query-input":{"@type":"PropertyValueSpecification","valueRequired":true,"valueName":"search_term_string"}}],"inLanguage":"de"}]}},"_links":{"self":[{"href":"https:\/\/www.kark.de\/cms\/wp-json\/wp\/v2\/pages\/380","targetHints":{"allow":["GET"]}}],"collection":[{"href":"https:\/\/www.kark.de\/cms\/wp-json\/wp\/v2\/pages"}],"about":[{"href":"https:\/\/www.kark.de\/cms\/wp-json\/wp\/v2\/types\/page"}],"author":[{"embeddable":true,"href":"https:\/\/www.kark.de\/cms\/wp-json\/wp\/v2\/users\/1"}],"replies":[{"embeddable":true,"href":"https:\/\/www.kark.de\/cms\/wp-json\/wp\/v2\/comments?post=380"}],"version-history":[{"count":7,"href":"https:\/\/www.kark.de\/cms\/wp-json\/wp\/v2\/pages\/380\/revisions"}],"predecessor-version":[{"id":2446,"href":"https:\/\/www.kark.de\/cms\/wp-json\/wp\/v2\/pages\/380\/revisions\/2446"}],"up":[{"embeddable":true,"href":"https:\/\/www.kark.de\/cms\/wp-json\/wp\/v2\/pages\/2027"}],"wp:attachment":[{"href":"https:\/\/www.kark.de\/cms\/wp-json\/wp\/v2\/media?parent=380"}],"curies":[{"name":"wp","href":"https:\/\/api.w.org\/{rel}","templated":true}]}}