{"id":363,"date":"2019-09-12T11:58:38","date_gmt":"2019-09-12T09:58:38","guid":{"rendered":"http:\/\/kark.de\/wordpress\/?page_id=363"},"modified":"2021-12-13T12:10:46","modified_gmt":"2021-12-13T11:10:46","slug":"kafix-cool","status":"publish","type":"page","link":"https:\/\/www.kark.de\/cms\/es\/roll-mill-technology-2\/kafix-cool\/","title":{"rendered":"KAFIX COOL"},"content":{"rendered":"<p>Un sistema de enfriamiento dise\u00f1ado de acuerdo a la situaci\u00f3n real, es uno de los principales criterios para la vida \u00fatil prolongada de los pases y la alta disponibilidad del tren de laminaci\u00f3n.<\/p>\n<p>El enfriamiento inadecuado puede causar un alto costo debido a fracturas en los anillos de laminaci\u00f3n y al desgaste r\u00e1pido de los pases. Es por eso que desarrollamos un sistema de enfriamiento que aumenta el rendimiento de los anillos en operaci\u00f3n.<\/p>\n<p>Numerosos ensayos han demostrado que cuando se utiliza el sistema de enfriamiento de anillos\u00a0 KAFIX COOL, la vida \u00fatil de los pases puede aumentar sustancialmente. Cada tren de laminaci\u00f3n es diferente, por lo que se requiere de soluciones espec\u00edficas y personalizadas. KAFIX COOL ofrece esta posibilidad ya que no es solo un equipo de enfriamiento, sino un paquete de ingenier\u00eda completo que incluye un an\u00e1lisis de su instalaci\u00f3n existente; nuestros ingenieros visitaran sus instalaciones para realizar un levantamiento de todos los datos t\u00e9cnicos necesarios, para sobre esta base preparar y se presentar una soluci\u00f3n a su medida.<\/p>\n<ul>\n<li>significativa mejora de la vida \u00fatil de los canales, tambi\u00e9n en el caso de cilindros fundidos<\/li>\n<li>proyecto individual, ajustado al bastidor de laminaci\u00f3n<\/li>\n<li>todos los principales componentes hechos en acero inox<\/li>\n<li>manipulaci\u00f3n y ajuste sencillos<\/li>\n<li>posicionamiento r\u00e1pido y seguro en el caso de laminaci\u00f3n en varias l\u00edneas<\/li>\n<li>posicionamiento exacto para el enfriamiento del cilindro inferior<\/li>\n<li>tecnolog\u00eda punta de KARK<\/li>\n<\/ul>\n","protected":false},"excerpt":{"rendered":"<p>Un sistema de enfriamiento dise\u00f1ado de acuerdo a la situaci\u00f3n real, es uno de los principales criterios para la vida \u00fatil prolongada de los pases y la alta disponibilidad del tren de laminaci\u00f3n. El enfriamiento inadecuado puede causar un alto costo debido a fracturas en los anillos de laminaci\u00f3n y al desgaste r\u00e1pido de los [&hellip;]<\/p>\n","protected":false},"author":1,"featured_media":0,"parent":2025,"menu_order":6,"comment_status":"closed","ping_status":"closed","template":"","meta":{"_acf_changed":false,"site-sidebar-layout":"default","site-content-layout":"default","ast-site-content-layout":"","site-content-style":"default","site-sidebar-style":"default","ast-global-header-display":"","ast-banner-title-visibility":"","ast-main-header-display":"","ast-hfb-above-header-display":"","ast-hfb-below-header-display":"","ast-hfb-mobile-header-display":"","site-post-title":"","ast-breadcrumbs-content":"","ast-featured-img":"","footer-sml-layout":"","theme-transparent-header-meta":"default","adv-header-id-meta":"","stick-header-meta":"","header-above-stick-meta":"","header-main-stick-meta":"","header-below-stick-meta":"","astra-migrate-meta-layouts":"default","ast-page-background-enabled":"default","ast-page-background-meta":{"desktop":{"background-color":"","background-image":"","background-repeat":"repeat","background-position":"center center","background-size":"auto","background-attachment":"scroll","background-type":"","background-media":"","overlay-type":"","overlay-color":"","overlay-gradient":""},"tablet":{"background-color":"","background-image":"","background-repeat":"repeat","background-position":"center center","background-size":"auto","background-attachment":"scroll","background-type":"","background-media":"","overlay-type":"","overlay-color":"","overlay-gradient":""},"mobile":{"background-color":"","background-image":"","background-repeat":"repeat","background-position":"center center","background-size":"auto","background-attachment":"scroll","background-type":"","background-media":"","overlay-type":"","overlay-color":"","overlay-gradient":""}},"ast-content-background-meta":{"desktop":{"background-color":"var(--ast-global-color-5)","background-image":"","background-repeat":"repeat","background-position":"center center","background-size":"auto","background-attachment":"scroll","background-type":"","background-media":"","overlay-type":"","overlay-color":"","overlay-gradient":""},"tablet":{"background-color":"var(--ast-global-color-5)","background-image":"","background-repeat":"repeat","background-position":"center center","background-size":"auto","background-attachment":"scroll","background-type":"","background-media":"","overlay-type":"","overlay-color":"","overlay-gradient":""},"mobile":{"background-color":"var(--ast-global-color-5)","background-image":"","background-repeat":"repeat","background-position":"center center","background-size":"auto","background-attachment":"scroll","background-type":"","background-media":"","overlay-type":"","overlay-color":"","overlay-gradient":""}},"footnotes":""},"class_list":["post-363","page","type-page","status-publish","hentry"],"acf":[],"yoast_head":"<!-- This site is optimized with the Yoast SEO plugin v27.5 - https:\/\/yoast.com\/product\/yoast-seo-wordpress\/ -->\n<title>KAFIX COOL - Kark GmbH<\/title>\n<meta name=\"robots\" content=\"index, follow, max-snippet:-1, max-image-preview:large, max-video-preview:-1\" \/>\n<link rel=\"canonical\" href=\"https:\/\/www.kark.de\/cms\/es\/roll-mill-technology-2\/kafix-cool\/\" \/>\n<meta property=\"og:locale\" content=\"de_DE\" \/>\n<meta property=\"og:type\" content=\"article\" \/>\n<meta property=\"og:title\" content=\"KAFIX COOL - Kark GmbH\" \/>\n<meta property=\"og:description\" content=\"Un sistema de enfriamiento dise\u00f1ado de acuerdo a la situaci\u00f3n real, es uno de los principales criterios para la vida \u00fatil prolongada de los pases y la alta disponibilidad del tren de laminaci\u00f3n. El enfriamiento inadecuado puede causar un alto costo debido a fracturas en los anillos de laminaci\u00f3n y al desgaste r\u00e1pido de los [&hellip;]\" \/>\n<meta property=\"og:url\" content=\"https:\/\/www.kark.de\/cms\/es\/roll-mill-technology-2\/kafix-cool\/\" \/>\n<meta property=\"og:site_name\" content=\"Kark GmbH\" \/>\n<meta property=\"article:modified_time\" content=\"2021-12-13T11:10:46+00:00\" \/>\n<meta name=\"twitter:card\" content=\"summary_large_image\" \/>\n<meta name=\"twitter:label1\" content=\"Gesch\u00e4tzte Lesezeit\" \/>\n\t<meta name=\"twitter:data1\" content=\"1\u00a0Minute\" \/>\n<script type=\"application\/ld+json\" class=\"yoast-schema-graph\">{\"@context\":\"https:\\\/\\\/schema.org\",\"@graph\":[{\"@type\":\"WebPage\",\"@id\":\"https:\\\/\\\/www.kark.de\\\/cms\\\/es\\\/roll-mill-technology-2\\\/kafix-cool\\\/\",\"url\":\"https:\\\/\\\/www.kark.de\\\/cms\\\/es\\\/roll-mill-technology-2\\\/kafix-cool\\\/\",\"name\":\"KAFIX COOL - Kark GmbH\",\"isPartOf\":{\"@id\":\"https:\\\/\\\/www.kark.de\\\/cms\\\/#website\"},\"datePublished\":\"2019-09-12T09:58:38+00:00\",\"dateModified\":\"2021-12-13T11:10:46+00:00\",\"breadcrumb\":{\"@id\":\"https:\\\/\\\/www.kark.de\\\/cms\\\/es\\\/roll-mill-technology-2\\\/kafix-cool\\\/#breadcrumb\"},\"inLanguage\":\"de\",\"potentialAction\":[{\"@type\":\"ReadAction\",\"target\":[\"https:\\\/\\\/www.kark.de\\\/cms\\\/es\\\/roll-mill-technology-2\\\/kafix-cool\\\/\"]}]},{\"@type\":\"BreadcrumbList\",\"@id\":\"https:\\\/\\\/www.kark.de\\\/cms\\\/es\\\/roll-mill-technology-2\\\/kafix-cool\\\/#breadcrumb\",\"itemListElement\":[{\"@type\":\"ListItem\",\"position\":1,\"name\":\"Startseite\",\"item\":\"https:\\\/\\\/www.kark.de\\\/cms\\\/\"},{\"@type\":\"ListItem\",\"position\":2,\"name\":\"Roll Mill Technology\",\"item\":\"https:\\\/\\\/www.kark.de\\\/cms\\\/es\\\/roll-mill-technology-2\\\/\"},{\"@type\":\"ListItem\",\"position\":3,\"name\":\"KAFIX COOL\"}]},{\"@type\":\"WebSite\",\"@id\":\"https:\\\/\\\/www.kark.de\\\/cms\\\/#website\",\"url\":\"https:\\\/\\\/www.kark.de\\\/cms\\\/\",\"name\":\"Kark GmbH\",\"description\":\"Eine Website der Kark GmbH\",\"potentialAction\":[{\"@type\":\"SearchAction\",\"target\":{\"@type\":\"EntryPoint\",\"urlTemplate\":\"https:\\\/\\\/www.kark.de\\\/cms\\\/?s={search_term_string}\"},\"query-input\":{\"@type\":\"PropertyValueSpecification\",\"valueRequired\":true,\"valueName\":\"search_term_string\"}}],\"inLanguage\":\"de\"}]}<\/script>\n<!-- \/ Yoast SEO plugin. -->","yoast_head_json":{"title":"KAFIX COOL - Kark GmbH","robots":{"index":"index","follow":"follow","max-snippet":"max-snippet:-1","max-image-preview":"max-image-preview:large","max-video-preview":"max-video-preview:-1"},"canonical":"https:\/\/www.kark.de\/cms\/es\/roll-mill-technology-2\/kafix-cool\/","og_locale":"de_DE","og_type":"article","og_title":"KAFIX COOL - Kark GmbH","og_description":"Un sistema de enfriamiento dise\u00f1ado de acuerdo a la situaci\u00f3n real, es uno de los principales criterios para la vida \u00fatil prolongada de los pases y la alta disponibilidad del tren de laminaci\u00f3n. El enfriamiento inadecuado puede causar un alto costo debido a fracturas en los anillos de laminaci\u00f3n y al desgaste r\u00e1pido de los [&hellip;]","og_url":"https:\/\/www.kark.de\/cms\/es\/roll-mill-technology-2\/kafix-cool\/","og_site_name":"Kark GmbH","article_modified_time":"2021-12-13T11:10:46+00:00","twitter_card":"summary_large_image","twitter_misc":{"Gesch\u00e4tzte Lesezeit":"1\u00a0Minute"},"schema":{"@context":"https:\/\/schema.org","@graph":[{"@type":"WebPage","@id":"https:\/\/www.kark.de\/cms\/es\/roll-mill-technology-2\/kafix-cool\/","url":"https:\/\/www.kark.de\/cms\/es\/roll-mill-technology-2\/kafix-cool\/","name":"KAFIX COOL - Kark GmbH","isPartOf":{"@id":"https:\/\/www.kark.de\/cms\/#website"},"datePublished":"2019-09-12T09:58:38+00:00","dateModified":"2021-12-13T11:10:46+00:00","breadcrumb":{"@id":"https:\/\/www.kark.de\/cms\/es\/roll-mill-technology-2\/kafix-cool\/#breadcrumb"},"inLanguage":"de","potentialAction":[{"@type":"ReadAction","target":["https:\/\/www.kark.de\/cms\/es\/roll-mill-technology-2\/kafix-cool\/"]}]},{"@type":"BreadcrumbList","@id":"https:\/\/www.kark.de\/cms\/es\/roll-mill-technology-2\/kafix-cool\/#breadcrumb","itemListElement":[{"@type":"ListItem","position":1,"name":"Startseite","item":"https:\/\/www.kark.de\/cms\/"},{"@type":"ListItem","position":2,"name":"Roll Mill Technology","item":"https:\/\/www.kark.de\/cms\/es\/roll-mill-technology-2\/"},{"@type":"ListItem","position":3,"name":"KAFIX COOL"}]},{"@type":"WebSite","@id":"https:\/\/www.kark.de\/cms\/#website","url":"https:\/\/www.kark.de\/cms\/","name":"Kark GmbH","description":"Eine Website der Kark GmbH","potentialAction":[{"@type":"SearchAction","target":{"@type":"EntryPoint","urlTemplate":"https:\/\/www.kark.de\/cms\/?s={search_term_string}"},"query-input":{"@type":"PropertyValueSpecification","valueRequired":true,"valueName":"search_term_string"}}],"inLanguage":"de"}]}},"_links":{"self":[{"href":"https:\/\/www.kark.de\/cms\/wp-json\/wp\/v2\/pages\/363","targetHints":{"allow":["GET"]}}],"collection":[{"href":"https:\/\/www.kark.de\/cms\/wp-json\/wp\/v2\/pages"}],"about":[{"href":"https:\/\/www.kark.de\/cms\/wp-json\/wp\/v2\/types\/page"}],"author":[{"embeddable":true,"href":"https:\/\/www.kark.de\/cms\/wp-json\/wp\/v2\/users\/1"}],"replies":[{"embeddable":true,"href":"https:\/\/www.kark.de\/cms\/wp-json\/wp\/v2\/comments?post=363"}],"version-history":[{"count":2,"href":"https:\/\/www.kark.de\/cms\/wp-json\/wp\/v2\/pages\/363\/revisions"}],"predecessor-version":[{"id":2293,"href":"https:\/\/www.kark.de\/cms\/wp-json\/wp\/v2\/pages\/363\/revisions\/2293"}],"up":[{"embeddable":true,"href":"https:\/\/www.kark.de\/cms\/wp-json\/wp\/v2\/pages\/2025"}],"wp:attachment":[{"href":"https:\/\/www.kark.de\/cms\/wp-json\/wp\/v2\/media?parent=363"}],"curies":[{"name":"wp","href":"https:\/\/api.w.org\/{rel}","templated":true}]}}