{"id":357,"date":"2019-09-12T11:56:18","date_gmt":"2019-09-12T09:56:18","guid":{"rendered":"http:\/\/kark.de\/wordpress\/?page_id=357"},"modified":"2021-12-13T12:09:30","modified_gmt":"2021-12-13T11:09:30","slug":"kafix-af","status":"publish","type":"page","link":"https:\/\/www.kark.de\/cms\/es\/roll-mill-technology-2\/kafix-af\/","title":{"rendered":"KAFIX AF"},"content":{"rendered":"<p>El rodillo Cantilever o voladizo KAFIX AF establece un nuevo est\u00e1ndar en tecnolog\u00eda de sujeci\u00f3n para aplicaciones en bloques de acabado y trenes intermedios. Los comprobados beneficios, tales como el f\u00e1cil manejo, el aumento de la vida \u00fatil de los pases y la reducci\u00f3n del costo del anillo de laminaci\u00f3n, hacen que nuestros rodillos Cantilever sean la elecci\u00f3n perfecta para su laminador.<\/p>\n<ul>\n<li>anchura del anel de laminaci\u00f3n hasta 40% menor que en otros sistemas<\/li>\n<li>cambio sencillo, seguro y r\u00e1pido del anillo de laminaci\u00f3n<\/li>\n<li>mejora de la regularidad de las medidas y de la calidad superficial del material laminado<\/li>\n<li>todo el sistema de fijaci\u00f3n hecho en acero inox<\/li>\n<li>fijaci\u00f3n puramente axial de los anillos de laminaci\u00f3n, NO HAY fuerzas radiales<\/li>\n<li>calidad punta de KARK<\/li>\n<\/ul>\n","protected":false},"excerpt":{"rendered":"<p>El rodillo Cantilever o voladizo KAFIX AF establece un nuevo est\u00e1ndar en tecnolog\u00eda de sujeci\u00f3n para aplicaciones en bloques de acabado y trenes intermedios. Los comprobados beneficios, tales como el f\u00e1cil manejo, el aumento de la vida \u00fatil de los pases y la reducci\u00f3n del costo del anillo de laminaci\u00f3n, hacen que nuestros rodillos Cantilever [&hellip;]<\/p>\n","protected":false},"author":1,"featured_media":0,"parent":2025,"menu_order":7,"comment_status":"closed","ping_status":"closed","template":"","meta":{"_acf_changed":false,"site-sidebar-layout":"default","site-content-layout":"default","ast-site-content-layout":"","site-content-style":"default","site-sidebar-style":"default","ast-global-header-display":"","ast-banner-title-visibility":"","ast-main-header-display":"","ast-hfb-above-header-display":"","ast-hfb-below-header-display":"","ast-hfb-mobile-header-display":"","site-post-title":"","ast-breadcrumbs-content":"","ast-featured-img":"","footer-sml-layout":"","theme-transparent-header-meta":"default","adv-header-id-meta":"","stick-header-meta":"","header-above-stick-meta":"","header-main-stick-meta":"","header-below-stick-meta":"","astra-migrate-meta-layouts":"default","ast-page-background-enabled":"default","ast-page-background-meta":{"desktop":{"background-color":"","background-image":"","background-repeat":"repeat","background-position":"center center","background-size":"auto","background-attachment":"scroll","background-type":"","background-media":"","overlay-type":"","overlay-color":"","overlay-gradient":""},"tablet":{"background-color":"","background-image":"","background-repeat":"repeat","background-position":"center center","background-size":"auto","background-attachment":"scroll","background-type":"","background-media":"","overlay-type":"","overlay-color":"","overlay-gradient":""},"mobile":{"background-color":"","background-image":"","background-repeat":"repeat","background-position":"center center","background-size":"auto","background-attachment":"scroll","background-type":"","background-media":"","overlay-type":"","overlay-color":"","overlay-gradient":""}},"ast-content-background-meta":{"desktop":{"background-color":"var(--ast-global-color-5)","background-image":"","background-repeat":"repeat","background-position":"center center","background-size":"auto","background-attachment":"scroll","background-type":"","background-media":"","overlay-type":"","overlay-color":"","overlay-gradient":""},"tablet":{"background-color":"var(--ast-global-color-5)","background-image":"","background-repeat":"repeat","background-position":"center center","background-size":"auto","background-attachment":"scroll","background-type":"","background-media":"","overlay-type":"","overlay-color":"","overlay-gradient":""},"mobile":{"background-color":"var(--ast-global-color-5)","background-image":"","background-repeat":"repeat","background-position":"center center","background-size":"auto","background-attachment":"scroll","background-type":"","background-media":"","overlay-type":"","overlay-color":"","overlay-gradient":""}},"footnotes":""},"class_list":["post-357","page","type-page","status-publish","hentry"],"acf":[],"yoast_head":"<!-- This site is optimized with the Yoast SEO plugin v27.5 - https:\/\/yoast.com\/product\/yoast-seo-wordpress\/ -->\n<title>KAFIX AF - Kark GmbH<\/title>\n<meta name=\"robots\" content=\"index, follow, max-snippet:-1, max-image-preview:large, max-video-preview:-1\" \/>\n<link rel=\"canonical\" href=\"https:\/\/www.kark.de\/cms\/es\/roll-mill-technology-2\/kafix-af\/\" \/>\n<meta property=\"og:locale\" content=\"de_DE\" \/>\n<meta property=\"og:type\" content=\"article\" \/>\n<meta property=\"og:title\" content=\"KAFIX AF - Kark GmbH\" \/>\n<meta property=\"og:description\" content=\"El rodillo Cantilever o voladizo KAFIX AF establece un nuevo est\u00e1ndar en tecnolog\u00eda de sujeci\u00f3n para aplicaciones en bloques de acabado y trenes intermedios. Los comprobados beneficios, tales como el f\u00e1cil manejo, el aumento de la vida \u00fatil de los pases y la reducci\u00f3n del costo del anillo de laminaci\u00f3n, hacen que nuestros rodillos Cantilever [&hellip;]\" \/>\n<meta property=\"og:url\" content=\"https:\/\/www.kark.de\/cms\/es\/roll-mill-technology-2\/kafix-af\/\" \/>\n<meta property=\"og:site_name\" content=\"Kark GmbH\" \/>\n<meta property=\"article:modified_time\" content=\"2021-12-13T11:09:30+00:00\" \/>\n<meta name=\"twitter:card\" content=\"summary_large_image\" \/>\n<meta name=\"twitter:label1\" content=\"Gesch\u00e4tzte Lesezeit\" \/>\n\t<meta name=\"twitter:data1\" content=\"1\u00a0Minute\" \/>\n<script type=\"application\/ld+json\" class=\"yoast-schema-graph\">{\"@context\":\"https:\\\/\\\/schema.org\",\"@graph\":[{\"@type\":\"WebPage\",\"@id\":\"https:\\\/\\\/www.kark.de\\\/cms\\\/es\\\/roll-mill-technology-2\\\/kafix-af\\\/\",\"url\":\"https:\\\/\\\/www.kark.de\\\/cms\\\/es\\\/roll-mill-technology-2\\\/kafix-af\\\/\",\"name\":\"KAFIX AF - Kark GmbH\",\"isPartOf\":{\"@id\":\"https:\\\/\\\/www.kark.de\\\/cms\\\/#website\"},\"datePublished\":\"2019-09-12T09:56:18+00:00\",\"dateModified\":\"2021-12-13T11:09:30+00:00\",\"breadcrumb\":{\"@id\":\"https:\\\/\\\/www.kark.de\\\/cms\\\/es\\\/roll-mill-technology-2\\\/kafix-af\\\/#breadcrumb\"},\"inLanguage\":\"de\",\"potentialAction\":[{\"@type\":\"ReadAction\",\"target\":[\"https:\\\/\\\/www.kark.de\\\/cms\\\/es\\\/roll-mill-technology-2\\\/kafix-af\\\/\"]}]},{\"@type\":\"BreadcrumbList\",\"@id\":\"https:\\\/\\\/www.kark.de\\\/cms\\\/es\\\/roll-mill-technology-2\\\/kafix-af\\\/#breadcrumb\",\"itemListElement\":[{\"@type\":\"ListItem\",\"position\":1,\"name\":\"Startseite\",\"item\":\"https:\\\/\\\/www.kark.de\\\/cms\\\/\"},{\"@type\":\"ListItem\",\"position\":2,\"name\":\"Roll Mill Technology\",\"item\":\"https:\\\/\\\/www.kark.de\\\/cms\\\/es\\\/roll-mill-technology-2\\\/\"},{\"@type\":\"ListItem\",\"position\":3,\"name\":\"KAFIX AF\"}]},{\"@type\":\"WebSite\",\"@id\":\"https:\\\/\\\/www.kark.de\\\/cms\\\/#website\",\"url\":\"https:\\\/\\\/www.kark.de\\\/cms\\\/\",\"name\":\"Kark GmbH\",\"description\":\"Eine Website der Kark GmbH\",\"potentialAction\":[{\"@type\":\"SearchAction\",\"target\":{\"@type\":\"EntryPoint\",\"urlTemplate\":\"https:\\\/\\\/www.kark.de\\\/cms\\\/?s={search_term_string}\"},\"query-input\":{\"@type\":\"PropertyValueSpecification\",\"valueRequired\":true,\"valueName\":\"search_term_string\"}}],\"inLanguage\":\"de\"}]}<\/script>\n<!-- \/ Yoast SEO plugin. -->","yoast_head_json":{"title":"KAFIX AF - Kark GmbH","robots":{"index":"index","follow":"follow","max-snippet":"max-snippet:-1","max-image-preview":"max-image-preview:large","max-video-preview":"max-video-preview:-1"},"canonical":"https:\/\/www.kark.de\/cms\/es\/roll-mill-technology-2\/kafix-af\/","og_locale":"de_DE","og_type":"article","og_title":"KAFIX AF - Kark GmbH","og_description":"El rodillo Cantilever o voladizo KAFIX AF establece un nuevo est\u00e1ndar en tecnolog\u00eda de sujeci\u00f3n para aplicaciones en bloques de acabado y trenes intermedios. Los comprobados beneficios, tales como el f\u00e1cil manejo, el aumento de la vida \u00fatil de los pases y la reducci\u00f3n del costo del anillo de laminaci\u00f3n, hacen que nuestros rodillos Cantilever [&hellip;]","og_url":"https:\/\/www.kark.de\/cms\/es\/roll-mill-technology-2\/kafix-af\/","og_site_name":"Kark GmbH","article_modified_time":"2021-12-13T11:09:30+00:00","twitter_card":"summary_large_image","twitter_misc":{"Gesch\u00e4tzte Lesezeit":"1\u00a0Minute"},"schema":{"@context":"https:\/\/schema.org","@graph":[{"@type":"WebPage","@id":"https:\/\/www.kark.de\/cms\/es\/roll-mill-technology-2\/kafix-af\/","url":"https:\/\/www.kark.de\/cms\/es\/roll-mill-technology-2\/kafix-af\/","name":"KAFIX AF - Kark GmbH","isPartOf":{"@id":"https:\/\/www.kark.de\/cms\/#website"},"datePublished":"2019-09-12T09:56:18+00:00","dateModified":"2021-12-13T11:09:30+00:00","breadcrumb":{"@id":"https:\/\/www.kark.de\/cms\/es\/roll-mill-technology-2\/kafix-af\/#breadcrumb"},"inLanguage":"de","potentialAction":[{"@type":"ReadAction","target":["https:\/\/www.kark.de\/cms\/es\/roll-mill-technology-2\/kafix-af\/"]}]},{"@type":"BreadcrumbList","@id":"https:\/\/www.kark.de\/cms\/es\/roll-mill-technology-2\/kafix-af\/#breadcrumb","itemListElement":[{"@type":"ListItem","position":1,"name":"Startseite","item":"https:\/\/www.kark.de\/cms\/"},{"@type":"ListItem","position":2,"name":"Roll Mill Technology","item":"https:\/\/www.kark.de\/cms\/es\/roll-mill-technology-2\/"},{"@type":"ListItem","position":3,"name":"KAFIX AF"}]},{"@type":"WebSite","@id":"https:\/\/www.kark.de\/cms\/#website","url":"https:\/\/www.kark.de\/cms\/","name":"Kark GmbH","description":"Eine Website der Kark GmbH","potentialAction":[{"@type":"SearchAction","target":{"@type":"EntryPoint","urlTemplate":"https:\/\/www.kark.de\/cms\/?s={search_term_string}"},"query-input":{"@type":"PropertyValueSpecification","valueRequired":true,"valueName":"search_term_string"}}],"inLanguage":"de"}]}},"_links":{"self":[{"href":"https:\/\/www.kark.de\/cms\/wp-json\/wp\/v2\/pages\/357","targetHints":{"allow":["GET"]}}],"collection":[{"href":"https:\/\/www.kark.de\/cms\/wp-json\/wp\/v2\/pages"}],"about":[{"href":"https:\/\/www.kark.de\/cms\/wp-json\/wp\/v2\/types\/page"}],"author":[{"embeddable":true,"href":"https:\/\/www.kark.de\/cms\/wp-json\/wp\/v2\/users\/1"}],"replies":[{"embeddable":true,"href":"https:\/\/www.kark.de\/cms\/wp-json\/wp\/v2\/comments?post=357"}],"version-history":[{"count":3,"href":"https:\/\/www.kark.de\/cms\/wp-json\/wp\/v2\/pages\/357\/revisions"}],"predecessor-version":[{"id":2291,"href":"https:\/\/www.kark.de\/cms\/wp-json\/wp\/v2\/pages\/357\/revisions\/2291"}],"up":[{"embeddable":true,"href":"https:\/\/www.kark.de\/cms\/wp-json\/wp\/v2\/pages\/2025"}],"wp:attachment":[{"href":"https:\/\/www.kark.de\/cms\/wp-json\/wp\/v2\/media?parent=357"}],"curies":[{"name":"wp","href":"https:\/\/api.w.org\/{rel}","templated":true}]}}