{"id":348,"date":"2019-09-12T11:51:38","date_gmt":"2019-09-12T09:51:38","guid":{"rendered":"http:\/\/kark.de\/wordpress\/?page_id=348"},"modified":"2021-12-14T14:33:12","modified_gmt":"2021-12-14T13:33:12","slug":"kafix-ecs","status":"publish","type":"page","link":"https:\/\/www.kark.de\/cms\/pt\/tecnologia-siderurgica-2\/kafix-ecs\/","title":{"rendered":"KAFIX ECS"},"content":{"rendered":"<ul>\n<li>sistema rec\u00e9m-desenvolvido pela KARK para resfriamento dos eletrodos sob forma de aerossol<\/li>\n<li>aumento do efeito de resfriamento<\/li>\n<li>isolamento em rela\u00e7\u00e3o ao cabe\u00e7ote do eletrodo, eliminando o risco de descargas el\u00e9tricas<\/li>\n<li>f\u00e1cil manuseio e montagem<\/li>\n<li>carca\u00e7a resfriada a \u00e1gua, protegendo o cabe\u00e7ote do eletrodo contra calor radiante<\/li>\n<li>pode ser instalado em qualquer tipo de bra\u00e7o porta-eletrodos<\/li>\n<li>tecnologia de ponta da KARK<\/li>\n<\/ul>\n<p><a href=\"\/cms\/wp-content\/uploads\/KARK-ECS-Electrode-Cooling-System-1.pdf\" target=\"_blank\" rel=\"noopener\">Download Flyer<\/a><\/p>\n","protected":false},"excerpt":{"rendered":"<p>sistema rec\u00e9m-desenvolvido pela KARK para resfriamento dos eletrodos sob forma de aerossol aumento do efeito de resfriamento isolamento em rela\u00e7\u00e3o ao cabe\u00e7ote do eletrodo, eliminando o risco de descargas el\u00e9tricas f\u00e1cil manuseio e montagem carca\u00e7a resfriada a \u00e1gua, protegendo o cabe\u00e7ote do eletrodo contra calor radiante pode ser instalado em qualquer tipo de bra\u00e7o porta-eletrodos [&hellip;]<\/p>\n","protected":false},"author":1,"featured_media":0,"parent":80,"menu_order":9,"comment_status":"closed","ping_status":"closed","template":"","meta":{"_acf_changed":false,"site-sidebar-layout":"default","site-content-layout":"default","ast-site-content-layout":"","site-content-style":"default","site-sidebar-style":"default","ast-global-header-display":"","ast-banner-title-visibility":"","ast-main-header-display":"","ast-hfb-above-header-display":"","ast-hfb-below-header-display":"","ast-hfb-mobile-header-display":"","site-post-title":"","ast-breadcrumbs-content":"","ast-featured-img":"","footer-sml-layout":"","theme-transparent-header-meta":"default","adv-header-id-meta":"","stick-header-meta":"","header-above-stick-meta":"","header-main-stick-meta":"","header-below-stick-meta":"","astra-migrate-meta-layouts":"default","ast-page-background-enabled":"default","ast-page-background-meta":{"desktop":{"background-color":"","background-image":"","background-repeat":"repeat","background-position":"center center","background-size":"auto","background-attachment":"scroll","background-type":"","background-media":"","overlay-type":"","overlay-color":"","overlay-gradient":""},"tablet":{"background-color":"","background-image":"","background-repeat":"repeat","background-position":"center center","background-size":"auto","background-attachment":"scroll","background-type":"","background-media":"","overlay-type":"","overlay-color":"","overlay-gradient":""},"mobile":{"background-color":"","background-image":"","background-repeat":"repeat","background-position":"center center","background-size":"auto","background-attachment":"scroll","background-type":"","background-media":"","overlay-type":"","overlay-color":"","overlay-gradient":""}},"ast-content-background-meta":{"desktop":{"background-color":"var(--ast-global-color-5)","background-image":"","background-repeat":"repeat","background-position":"center center","background-size":"auto","background-attachment":"scroll","background-type":"","background-media":"","overlay-type":"","overlay-color":"","overlay-gradient":""},"tablet":{"background-color":"var(--ast-global-color-5)","background-image":"","background-repeat":"repeat","background-position":"center center","background-size":"auto","background-attachment":"scroll","background-type":"","background-media":"","overlay-type":"","overlay-color":"","overlay-gradient":""},"mobile":{"background-color":"var(--ast-global-color-5)","background-image":"","background-repeat":"repeat","background-position":"center center","background-size":"auto","background-attachment":"scroll","background-type":"","background-media":"","overlay-type":"","overlay-color":"","overlay-gradient":""}},"footnotes":""},"class_list":["post-348","page","type-page","status-publish","hentry"],"acf":[],"yoast_head":"<!-- This site is optimized with the Yoast SEO plugin v27.5 - https:\/\/yoast.com\/product\/yoast-seo-wordpress\/ -->\n<title>KAFIX ECS - Kark GmbH<\/title>\n<meta name=\"robots\" content=\"index, follow, max-snippet:-1, max-image-preview:large, max-video-preview:-1\" \/>\n<link rel=\"canonical\" href=\"https:\/\/www.kark.de\/cms\/pt\/tecnologia-siderurgica-2\/kafix-ecs\/\" \/>\n<meta property=\"og:locale\" content=\"de_DE\" \/>\n<meta property=\"og:type\" content=\"article\" \/>\n<meta property=\"og:title\" content=\"KAFIX ECS - Kark GmbH\" \/>\n<meta property=\"og:description\" content=\"sistema rec\u00e9m-desenvolvido pela KARK para resfriamento dos eletrodos sob forma de aerossol aumento do efeito de resfriamento isolamento em rela\u00e7\u00e3o ao cabe\u00e7ote do eletrodo, eliminando o risco de descargas el\u00e9tricas f\u00e1cil manuseio e montagem carca\u00e7a resfriada a \u00e1gua, protegendo o cabe\u00e7ote do eletrodo contra calor radiante pode ser instalado em qualquer tipo de bra\u00e7o porta-eletrodos [&hellip;]\" \/>\n<meta property=\"og:url\" content=\"https:\/\/www.kark.de\/cms\/pt\/tecnologia-siderurgica-2\/kafix-ecs\/\" \/>\n<meta property=\"og:site_name\" content=\"Kark GmbH\" \/>\n<meta property=\"article:modified_time\" content=\"2021-12-14T13:33:12+00:00\" \/>\n<meta name=\"twitter:card\" content=\"summary_large_image\" \/>\n<script type=\"application\/ld+json\" class=\"yoast-schema-graph\">{\"@context\":\"https:\\\/\\\/schema.org\",\"@graph\":[{\"@type\":\"WebPage\",\"@id\":\"https:\\\/\\\/www.kark.de\\\/cms\\\/pt\\\/tecnologia-siderurgica-2\\\/kafix-ecs\\\/\",\"url\":\"https:\\\/\\\/www.kark.de\\\/cms\\\/pt\\\/tecnologia-siderurgica-2\\\/kafix-ecs\\\/\",\"name\":\"KAFIX ECS - Kark GmbH\",\"isPartOf\":{\"@id\":\"https:\\\/\\\/www.kark.de\\\/cms\\\/#website\"},\"datePublished\":\"2019-09-12T09:51:38+00:00\",\"dateModified\":\"2021-12-14T13:33:12+00:00\",\"breadcrumb\":{\"@id\":\"https:\\\/\\\/www.kark.de\\\/cms\\\/pt\\\/tecnologia-siderurgica-2\\\/kafix-ecs\\\/#breadcrumb\"},\"inLanguage\":\"de\",\"potentialAction\":[{\"@type\":\"ReadAction\",\"target\":[\"https:\\\/\\\/www.kark.de\\\/cms\\\/pt\\\/tecnologia-siderurgica-2\\\/kafix-ecs\\\/\"]}]},{\"@type\":\"BreadcrumbList\",\"@id\":\"https:\\\/\\\/www.kark.de\\\/cms\\\/pt\\\/tecnologia-siderurgica-2\\\/kafix-ecs\\\/#breadcrumb\",\"itemListElement\":[{\"@type\":\"ListItem\",\"position\":1,\"name\":\"Startseite\",\"item\":\"https:\\\/\\\/www.kark.de\\\/cms\\\/\"},{\"@type\":\"ListItem\",\"position\":2,\"name\":\"Tecnologia Sider\u00fargica\",\"item\":\"https:\\\/\\\/www.kark.de\\\/cms\\\/pt\\\/tecnologia-siderurgica-2\\\/\"},{\"@type\":\"ListItem\",\"position\":3,\"name\":\"KAFIX ECS\"}]},{\"@type\":\"WebSite\",\"@id\":\"https:\\\/\\\/www.kark.de\\\/cms\\\/#website\",\"url\":\"https:\\\/\\\/www.kark.de\\\/cms\\\/\",\"name\":\"Kark GmbH\",\"description\":\"Eine Website der Kark GmbH\",\"potentialAction\":[{\"@type\":\"SearchAction\",\"target\":{\"@type\":\"EntryPoint\",\"urlTemplate\":\"https:\\\/\\\/www.kark.de\\\/cms\\\/?s={search_term_string}\"},\"query-input\":{\"@type\":\"PropertyValueSpecification\",\"valueRequired\":true,\"valueName\":\"search_term_string\"}}],\"inLanguage\":\"de\"}]}<\/script>\n<!-- \/ Yoast SEO plugin. -->","yoast_head_json":{"title":"KAFIX ECS - Kark GmbH","robots":{"index":"index","follow":"follow","max-snippet":"max-snippet:-1","max-image-preview":"max-image-preview:large","max-video-preview":"max-video-preview:-1"},"canonical":"https:\/\/www.kark.de\/cms\/pt\/tecnologia-siderurgica-2\/kafix-ecs\/","og_locale":"de_DE","og_type":"article","og_title":"KAFIX ECS - Kark GmbH","og_description":"sistema rec\u00e9m-desenvolvido pela KARK para resfriamento dos eletrodos sob forma de aerossol aumento do efeito de resfriamento isolamento em rela\u00e7\u00e3o ao cabe\u00e7ote do eletrodo, eliminando o risco de descargas el\u00e9tricas f\u00e1cil manuseio e montagem carca\u00e7a resfriada a \u00e1gua, protegendo o cabe\u00e7ote do eletrodo contra calor radiante pode ser instalado em qualquer tipo de bra\u00e7o porta-eletrodos [&hellip;]","og_url":"https:\/\/www.kark.de\/cms\/pt\/tecnologia-siderurgica-2\/kafix-ecs\/","og_site_name":"Kark GmbH","article_modified_time":"2021-12-14T13:33:12+00:00","twitter_card":"summary_large_image","schema":{"@context":"https:\/\/schema.org","@graph":[{"@type":"WebPage","@id":"https:\/\/www.kark.de\/cms\/pt\/tecnologia-siderurgica-2\/kafix-ecs\/","url":"https:\/\/www.kark.de\/cms\/pt\/tecnologia-siderurgica-2\/kafix-ecs\/","name":"KAFIX ECS - Kark GmbH","isPartOf":{"@id":"https:\/\/www.kark.de\/cms\/#website"},"datePublished":"2019-09-12T09:51:38+00:00","dateModified":"2021-12-14T13:33:12+00:00","breadcrumb":{"@id":"https:\/\/www.kark.de\/cms\/pt\/tecnologia-siderurgica-2\/kafix-ecs\/#breadcrumb"},"inLanguage":"de","potentialAction":[{"@type":"ReadAction","target":["https:\/\/www.kark.de\/cms\/pt\/tecnologia-siderurgica-2\/kafix-ecs\/"]}]},{"@type":"BreadcrumbList","@id":"https:\/\/www.kark.de\/cms\/pt\/tecnologia-siderurgica-2\/kafix-ecs\/#breadcrumb","itemListElement":[{"@type":"ListItem","position":1,"name":"Startseite","item":"https:\/\/www.kark.de\/cms\/"},{"@type":"ListItem","position":2,"name":"Tecnologia Sider\u00fargica","item":"https:\/\/www.kark.de\/cms\/pt\/tecnologia-siderurgica-2\/"},{"@type":"ListItem","position":3,"name":"KAFIX ECS"}]},{"@type":"WebSite","@id":"https:\/\/www.kark.de\/cms\/#website","url":"https:\/\/www.kark.de\/cms\/","name":"Kark GmbH","description":"Eine Website der Kark GmbH","potentialAction":[{"@type":"SearchAction","target":{"@type":"EntryPoint","urlTemplate":"https:\/\/www.kark.de\/cms\/?s={search_term_string}"},"query-input":{"@type":"PropertyValueSpecification","valueRequired":true,"valueName":"search_term_string"}}],"inLanguage":"de"}]}},"_links":{"self":[{"href":"https:\/\/www.kark.de\/cms\/wp-json\/wp\/v2\/pages\/348","targetHints":{"allow":["GET"]}}],"collection":[{"href":"https:\/\/www.kark.de\/cms\/wp-json\/wp\/v2\/pages"}],"about":[{"href":"https:\/\/www.kark.de\/cms\/wp-json\/wp\/v2\/types\/page"}],"author":[{"embeddable":true,"href":"https:\/\/www.kark.de\/cms\/wp-json\/wp\/v2\/users\/1"}],"replies":[{"embeddable":true,"href":"https:\/\/www.kark.de\/cms\/wp-json\/wp\/v2\/comments?post=348"}],"version-history":[{"count":3,"href":"https:\/\/www.kark.de\/cms\/wp-json\/wp\/v2\/pages\/348\/revisions"}],"predecessor-version":[{"id":2434,"href":"https:\/\/www.kark.de\/cms\/wp-json\/wp\/v2\/pages\/348\/revisions\/2434"}],"up":[{"embeddable":true,"href":"https:\/\/www.kark.de\/cms\/wp-json\/wp\/v2\/pages\/80"}],"wp:attachment":[{"href":"https:\/\/www.kark.de\/cms\/wp-json\/wp\/v2\/media?parent=348"}],"curies":[{"name":"wp","href":"https:\/\/api.w.org\/{rel}","templated":true}]}}