{"id":342,"date":"2019-09-12T11:49:23","date_gmt":"2019-09-12T09:49:23","guid":{"rendered":"http:\/\/kark.de\/wordpress\/?page_id=342"},"modified":"2019-09-12T11:49:23","modified_gmt":"2019-09-12T09:49:23","slug":"kafix-eaf","status":"publish","type":"page","link":"https:\/\/www.kark.de\/cms\/pt\/tecnologia-siderurgica-2\/kafix-eaf\/","title":{"rendered":"KAFIX EAF"},"content":{"rendered":"<ul>\n<li>dispon\u00edveis para fornos de corrente cont\u00ednua e alternada<\/li>\n<li>cabe\u00e7otes dos eletrodos padronizados e intercambi\u00e1veis<\/li>\n<li>expressiva redu\u00e7\u00e3o dos campos magn\u00e9ticos, arco voltaico mais est\u00e1vel<\/li>\n<li>significativa redu\u00e7\u00e3o dos custos de manuten\u00e7\u00e3o<\/li>\n<li>redu\u00e7\u00e3o do consumo espec\u00edfico de energia e de eletrodos<\/li>\n<li>resposta mais r\u00e1pida do sistema de eleva\u00e7\u00e3o de eletrodos<\/li>\n<li>redu\u00e7\u00e3o do peso, em compara\u00e7\u00e3o com bra\u00e7os porta-eletrodos convencionais, em at\u00e9 50%<\/li>\n<li>resfriamento eficaz com apenas uma entrada e uma sa\u00edda de \u00e1gua por bra\u00e7o<\/li>\n<li>\u00e1gua de resfriamento sem exig\u00eancias especiais<\/li>\n<li>retorno r\u00e1pido do investimento<\/li>\n<li>tecnologia KARK voltada para o futuro<\/li>\n<\/ul>\n","protected":false},"excerpt":{"rendered":"<p>dispon\u00edveis para fornos de corrente cont\u00ednua e alternada cabe\u00e7otes dos eletrodos padronizados e intercambi\u00e1veis expressiva redu\u00e7\u00e3o dos campos magn\u00e9ticos, arco voltaico mais est\u00e1vel significativa redu\u00e7\u00e3o dos custos de manuten\u00e7\u00e3o redu\u00e7\u00e3o do consumo espec\u00edfico de energia e de eletrodos resposta mais r\u00e1pida do sistema de eleva\u00e7\u00e3o de eletrodos redu\u00e7\u00e3o do peso, em compara\u00e7\u00e3o com bra\u00e7os porta-eletrodos [&hellip;]<\/p>\n","protected":false},"author":1,"featured_media":0,"parent":80,"menu_order":10,"comment_status":"closed","ping_status":"closed","template":"","meta":{"_acf_changed":false,"site-sidebar-layout":"default","site-content-layout":"default","ast-site-content-layout":"","site-content-style":"default","site-sidebar-style":"default","ast-global-header-display":"","ast-banner-title-visibility":"","ast-main-header-display":"","ast-hfb-above-header-display":"","ast-hfb-below-header-display":"","ast-hfb-mobile-header-display":"","site-post-title":"","ast-breadcrumbs-content":"","ast-featured-img":"","footer-sml-layout":"","theme-transparent-header-meta":"default","adv-header-id-meta":"","stick-header-meta":"","header-above-stick-meta":"","header-main-stick-meta":"","header-below-stick-meta":"","astra-migrate-meta-layouts":"default","ast-page-background-enabled":"default","ast-page-background-meta":{"desktop":{"background-color":"","background-image":"","background-repeat":"repeat","background-position":"center center","background-size":"auto","background-attachment":"scroll","background-type":"","background-media":"","overlay-type":"","overlay-color":"","overlay-gradient":""},"tablet":{"background-color":"","background-image":"","background-repeat":"repeat","background-position":"center center","background-size":"auto","background-attachment":"scroll","background-type":"","background-media":"","overlay-type":"","overlay-color":"","overlay-gradient":""},"mobile":{"background-color":"","background-image":"","background-repeat":"repeat","background-position":"center center","background-size":"auto","background-attachment":"scroll","background-type":"","background-media":"","overlay-type":"","overlay-color":"","overlay-gradient":""}},"ast-content-background-meta":{"desktop":{"background-color":"var(--ast-global-color-5)","background-image":"","background-repeat":"repeat","background-position":"center center","background-size":"auto","background-attachment":"scroll","background-type":"","background-media":"","overlay-type":"","overlay-color":"","overlay-gradient":""},"tablet":{"background-color":"var(--ast-global-color-5)","background-image":"","background-repeat":"repeat","background-position":"center center","background-size":"auto","background-attachment":"scroll","background-type":"","background-media":"","overlay-type":"","overlay-color":"","overlay-gradient":""},"mobile":{"background-color":"var(--ast-global-color-5)","background-image":"","background-repeat":"repeat","background-position":"center center","background-size":"auto","background-attachment":"scroll","background-type":"","background-media":"","overlay-type":"","overlay-color":"","overlay-gradient":""}},"footnotes":""},"class_list":["post-342","page","type-page","status-publish","hentry"],"acf":[],"yoast_head":"<!-- This site is optimized with the Yoast SEO plugin v27.5 - https:\/\/yoast.com\/product\/yoast-seo-wordpress\/ -->\n<title>KAFIX EAF - Kark GmbH<\/title>\n<meta name=\"robots\" content=\"index, follow, max-snippet:-1, max-image-preview:large, max-video-preview:-1\" \/>\n<link rel=\"canonical\" href=\"https:\/\/www.kark.de\/cms\/pt\/tecnologia-siderurgica-2\/kafix-eaf\/\" \/>\n<meta property=\"og:locale\" content=\"de_DE\" \/>\n<meta property=\"og:type\" content=\"article\" \/>\n<meta property=\"og:title\" content=\"KAFIX EAF - Kark GmbH\" \/>\n<meta property=\"og:description\" content=\"dispon\u00edveis para fornos de corrente cont\u00ednua e alternada cabe\u00e7otes dos eletrodos padronizados e intercambi\u00e1veis expressiva redu\u00e7\u00e3o dos campos magn\u00e9ticos, arco voltaico mais est\u00e1vel significativa redu\u00e7\u00e3o dos custos de manuten\u00e7\u00e3o redu\u00e7\u00e3o do consumo espec\u00edfico de energia e de eletrodos resposta mais r\u00e1pida do sistema de eleva\u00e7\u00e3o de eletrodos redu\u00e7\u00e3o do peso, em compara\u00e7\u00e3o com bra\u00e7os porta-eletrodos [&hellip;]\" \/>\n<meta property=\"og:url\" content=\"https:\/\/www.kark.de\/cms\/pt\/tecnologia-siderurgica-2\/kafix-eaf\/\" \/>\n<meta property=\"og:site_name\" content=\"Kark GmbH\" \/>\n<meta name=\"twitter:card\" content=\"summary_large_image\" \/>\n<meta name=\"twitter:label1\" content=\"Gesch\u00e4tzte Lesezeit\" \/>\n\t<meta name=\"twitter:data1\" content=\"1\u00a0Minute\" \/>\n<script type=\"application\/ld+json\" class=\"yoast-schema-graph\">{\"@context\":\"https:\\\/\\\/schema.org\",\"@graph\":[{\"@type\":\"WebPage\",\"@id\":\"https:\\\/\\\/www.kark.de\\\/cms\\\/pt\\\/tecnologia-siderurgica-2\\\/kafix-eaf\\\/\",\"url\":\"https:\\\/\\\/www.kark.de\\\/cms\\\/pt\\\/tecnologia-siderurgica-2\\\/kafix-eaf\\\/\",\"name\":\"KAFIX EAF - Kark GmbH\",\"isPartOf\":{\"@id\":\"https:\\\/\\\/www.kark.de\\\/cms\\\/#website\"},\"datePublished\":\"2019-09-12T09:49:23+00:00\",\"breadcrumb\":{\"@id\":\"https:\\\/\\\/www.kark.de\\\/cms\\\/pt\\\/tecnologia-siderurgica-2\\\/kafix-eaf\\\/#breadcrumb\"},\"inLanguage\":\"de\",\"potentialAction\":[{\"@type\":\"ReadAction\",\"target\":[\"https:\\\/\\\/www.kark.de\\\/cms\\\/pt\\\/tecnologia-siderurgica-2\\\/kafix-eaf\\\/\"]}]},{\"@type\":\"BreadcrumbList\",\"@id\":\"https:\\\/\\\/www.kark.de\\\/cms\\\/pt\\\/tecnologia-siderurgica-2\\\/kafix-eaf\\\/#breadcrumb\",\"itemListElement\":[{\"@type\":\"ListItem\",\"position\":1,\"name\":\"Startseite\",\"item\":\"https:\\\/\\\/www.kark.de\\\/cms\\\/\"},{\"@type\":\"ListItem\",\"position\":2,\"name\":\"Tecnologia Sider\u00fargica\",\"item\":\"https:\\\/\\\/www.kark.de\\\/cms\\\/pt\\\/tecnologia-siderurgica-2\\\/\"},{\"@type\":\"ListItem\",\"position\":3,\"name\":\"KAFIX EAF\"}]},{\"@type\":\"WebSite\",\"@id\":\"https:\\\/\\\/www.kark.de\\\/cms\\\/#website\",\"url\":\"https:\\\/\\\/www.kark.de\\\/cms\\\/\",\"name\":\"Kark GmbH\",\"description\":\"Eine Website der Kark GmbH\",\"potentialAction\":[{\"@type\":\"SearchAction\",\"target\":{\"@type\":\"EntryPoint\",\"urlTemplate\":\"https:\\\/\\\/www.kark.de\\\/cms\\\/?s={search_term_string}\"},\"query-input\":{\"@type\":\"PropertyValueSpecification\",\"valueRequired\":true,\"valueName\":\"search_term_string\"}}],\"inLanguage\":\"de\"}]}<\/script>\n<!-- \/ Yoast SEO plugin. -->","yoast_head_json":{"title":"KAFIX EAF - Kark GmbH","robots":{"index":"index","follow":"follow","max-snippet":"max-snippet:-1","max-image-preview":"max-image-preview:large","max-video-preview":"max-video-preview:-1"},"canonical":"https:\/\/www.kark.de\/cms\/pt\/tecnologia-siderurgica-2\/kafix-eaf\/","og_locale":"de_DE","og_type":"article","og_title":"KAFIX EAF - Kark GmbH","og_description":"dispon\u00edveis para fornos de corrente cont\u00ednua e alternada cabe\u00e7otes dos eletrodos padronizados e intercambi\u00e1veis expressiva redu\u00e7\u00e3o dos campos magn\u00e9ticos, arco voltaico mais est\u00e1vel significativa redu\u00e7\u00e3o dos custos de manuten\u00e7\u00e3o redu\u00e7\u00e3o do consumo espec\u00edfico de energia e de eletrodos resposta mais r\u00e1pida do sistema de eleva\u00e7\u00e3o de eletrodos redu\u00e7\u00e3o do peso, em compara\u00e7\u00e3o com bra\u00e7os porta-eletrodos [&hellip;]","og_url":"https:\/\/www.kark.de\/cms\/pt\/tecnologia-siderurgica-2\/kafix-eaf\/","og_site_name":"Kark GmbH","twitter_card":"summary_large_image","twitter_misc":{"Gesch\u00e4tzte Lesezeit":"1\u00a0Minute"},"schema":{"@context":"https:\/\/schema.org","@graph":[{"@type":"WebPage","@id":"https:\/\/www.kark.de\/cms\/pt\/tecnologia-siderurgica-2\/kafix-eaf\/","url":"https:\/\/www.kark.de\/cms\/pt\/tecnologia-siderurgica-2\/kafix-eaf\/","name":"KAFIX EAF - Kark GmbH","isPartOf":{"@id":"https:\/\/www.kark.de\/cms\/#website"},"datePublished":"2019-09-12T09:49:23+00:00","breadcrumb":{"@id":"https:\/\/www.kark.de\/cms\/pt\/tecnologia-siderurgica-2\/kafix-eaf\/#breadcrumb"},"inLanguage":"de","potentialAction":[{"@type":"ReadAction","target":["https:\/\/www.kark.de\/cms\/pt\/tecnologia-siderurgica-2\/kafix-eaf\/"]}]},{"@type":"BreadcrumbList","@id":"https:\/\/www.kark.de\/cms\/pt\/tecnologia-siderurgica-2\/kafix-eaf\/#breadcrumb","itemListElement":[{"@type":"ListItem","position":1,"name":"Startseite","item":"https:\/\/www.kark.de\/cms\/"},{"@type":"ListItem","position":2,"name":"Tecnologia Sider\u00fargica","item":"https:\/\/www.kark.de\/cms\/pt\/tecnologia-siderurgica-2\/"},{"@type":"ListItem","position":3,"name":"KAFIX EAF"}]},{"@type":"WebSite","@id":"https:\/\/www.kark.de\/cms\/#website","url":"https:\/\/www.kark.de\/cms\/","name":"Kark GmbH","description":"Eine Website der Kark GmbH","potentialAction":[{"@type":"SearchAction","target":{"@type":"EntryPoint","urlTemplate":"https:\/\/www.kark.de\/cms\/?s={search_term_string}"},"query-input":{"@type":"PropertyValueSpecification","valueRequired":true,"valueName":"search_term_string"}}],"inLanguage":"de"}]}},"_links":{"self":[{"href":"https:\/\/www.kark.de\/cms\/wp-json\/wp\/v2\/pages\/342","targetHints":{"allow":["GET"]}}],"collection":[{"href":"https:\/\/www.kark.de\/cms\/wp-json\/wp\/v2\/pages"}],"about":[{"href":"https:\/\/www.kark.de\/cms\/wp-json\/wp\/v2\/types\/page"}],"author":[{"embeddable":true,"href":"https:\/\/www.kark.de\/cms\/wp-json\/wp\/v2\/users\/1"}],"replies":[{"embeddable":true,"href":"https:\/\/www.kark.de\/cms\/wp-json\/wp\/v2\/comments?post=342"}],"version-history":[{"count":1,"href":"https:\/\/www.kark.de\/cms\/wp-json\/wp\/v2\/pages\/342\/revisions"}],"predecessor-version":[{"id":343,"href":"https:\/\/www.kark.de\/cms\/wp-json\/wp\/v2\/pages\/342\/revisions\/343"}],"up":[{"embeddable":true,"href":"https:\/\/www.kark.de\/cms\/wp-json\/wp\/v2\/pages\/80"}],"wp:attachment":[{"href":"https:\/\/www.kark.de\/cms\/wp-json\/wp\/v2\/media?parent=342"}],"curies":[{"name":"wp","href":"https:\/\/api.w.org\/{rel}","templated":true}]}}