{"id":340,"date":"2019-09-12T11:48:49","date_gmt":"2019-09-12T09:48:49","guid":{"rendered":"http:\/\/kark.de\/wordpress\/?page_id=340"},"modified":"2021-12-13T12:06:39","modified_gmt":"2021-12-13T11:06:39","slug":"kafix-eaf","status":"publish","type":"page","link":"https:\/\/www.kark.de\/cms\/es\/tecnologia-siderurgica\/kafix-eaf\/","title":{"rendered":"KAFIX EAF"},"content":{"rendered":"<p>Nosotros dise\u00f1amos y constru\u00edmos el primer brazo de aluminio portaelectrodo para hornos de alto rendimiento. La invenci\u00f3n del portaelectrodos desmontable es un gran aporte para la eficiencia del desempe\u00f1o de su horno, ya que reduce los costos de mantenimiento y la posible inactividad de la producci\u00f3n. Con mas de 90 conjuntos fabricados y entregados, somos uno de los l\u00edderes del mercado.<\/p>\n<p>Nuestros sistemas de brazos de aluminio, dise\u00f1ados espec\u00edficamente para adaptarse a su horno, son dise\u00f1ados y fabricados en nuestras plantas en Alemania.<\/p>\n<ul>\n<li style=\"list-style-type: none;\">\n<ul>\n<li>disponibles para hornos de corriente continua y alterna<\/li>\n<li>soportes de los electrodos estandarizados e intercambiables<\/li>\n<li>expresiva reducci\u00f3n de los campos magn\u00e9ticos, arco voltaico m\u00e1s estable<\/li>\n<li>significativa reducci\u00f3n de los costes de mantenimiento<\/li>\n<li>reducci\u00f3n del consumo espec\u00edfico de energ\u00eda y de electrodos<\/li>\n<li>respuesta m\u00e1s r\u00e1pida del sistema de elevaci\u00f3n de los electrodos<\/li>\n<li>reducci\u00f3n del peso, si comparado con brazos portaelectrodos convencionales, en hasta 50%<\/li>\n<li>enfriamiento eficaz con solamente una entrada y una salida de agua por brazo<\/li>\n<li>agua de enfriamiento sin exigencias especiales<\/li>\n<li>retorno r\u00e1pido de la inversi\u00f3n<\/li>\n<li>tecnolog\u00eda KARK asestada hacia al futuro<\/li>\n<\/ul>\n<\/li>\n<\/ul>\n","protected":false},"excerpt":{"rendered":"<p>Nosotros dise\u00f1amos y constru\u00edmos el primer brazo de aluminio portaelectrodo para hornos de alto rendimiento. La invenci\u00f3n del portaelectrodos desmontable es un gran aporte para la eficiencia del desempe\u00f1o de su horno, ya que reduce los costos de mantenimiento y la posible inactividad de la producci\u00f3n. Con mas de 90 conjuntos fabricados y entregados, somos [&hellip;]<\/p>\n","protected":false},"author":1,"featured_media":0,"parent":78,"menu_order":10,"comment_status":"closed","ping_status":"closed","template":"","meta":{"_acf_changed":false,"site-sidebar-layout":"default","site-content-layout":"default","ast-site-content-layout":"","site-content-style":"default","site-sidebar-style":"default","ast-global-header-display":"","ast-banner-title-visibility":"","ast-main-header-display":"","ast-hfb-above-header-display":"","ast-hfb-below-header-display":"","ast-hfb-mobile-header-display":"","site-post-title":"","ast-breadcrumbs-content":"","ast-featured-img":"","footer-sml-layout":"","theme-transparent-header-meta":"default","adv-header-id-meta":"","stick-header-meta":"","header-above-stick-meta":"","header-main-stick-meta":"","header-below-stick-meta":"","astra-migrate-meta-layouts":"default","ast-page-background-enabled":"default","ast-page-background-meta":{"desktop":{"background-color":"","background-image":"","background-repeat":"repeat","background-position":"center center","background-size":"auto","background-attachment":"scroll","background-type":"","background-media":"","overlay-type":"","overlay-color":"","overlay-gradient":""},"tablet":{"background-color":"","background-image":"","background-repeat":"repeat","background-position":"center center","background-size":"auto","background-attachment":"scroll","background-type":"","background-media":"","overlay-type":"","overlay-color":"","overlay-gradient":""},"mobile":{"background-color":"","background-image":"","background-repeat":"repeat","background-position":"center center","background-size":"auto","background-attachment":"scroll","background-type":"","background-media":"","overlay-type":"","overlay-color":"","overlay-gradient":""}},"ast-content-background-meta":{"desktop":{"background-color":"var(--ast-global-color-5)","background-image":"","background-repeat":"repeat","background-position":"center center","background-size":"auto","background-attachment":"scroll","background-type":"","background-media":"","overlay-type":"","overlay-color":"","overlay-gradient":""},"tablet":{"background-color":"var(--ast-global-color-5)","background-image":"","background-repeat":"repeat","background-position":"center center","background-size":"auto","background-attachment":"scroll","background-type":"","background-media":"","overlay-type":"","overlay-color":"","overlay-gradient":""},"mobile":{"background-color":"var(--ast-global-color-5)","background-image":"","background-repeat":"repeat","background-position":"center center","background-size":"auto","background-attachment":"scroll","background-type":"","background-media":"","overlay-type":"","overlay-color":"","overlay-gradient":""}},"footnotes":""},"class_list":["post-340","page","type-page","status-publish","hentry"],"acf":[],"yoast_head":"<!-- This site is optimized with the Yoast SEO plugin v27.5 - https:\/\/yoast.com\/product\/yoast-seo-wordpress\/ -->\n<title>KAFIX EAF - Kark GmbH<\/title>\n<meta name=\"robots\" content=\"index, follow, max-snippet:-1, max-image-preview:large, max-video-preview:-1\" \/>\n<link rel=\"canonical\" href=\"https:\/\/www.kark.de\/cms\/es\/tecnologia-siderurgica\/kafix-eaf\/\" \/>\n<meta property=\"og:locale\" content=\"de_DE\" \/>\n<meta property=\"og:type\" content=\"article\" \/>\n<meta property=\"og:title\" content=\"KAFIX EAF - Kark GmbH\" \/>\n<meta property=\"og:description\" content=\"Nosotros dise\u00f1amos y constru\u00edmos el primer brazo de aluminio portaelectrodo para hornos de alto rendimiento. La invenci\u00f3n del portaelectrodos desmontable es un gran aporte para la eficiencia del desempe\u00f1o de su horno, ya que reduce los costos de mantenimiento y la posible inactividad de la producci\u00f3n. Con mas de 90 conjuntos fabricados y entregados, somos [&hellip;]\" \/>\n<meta property=\"og:url\" content=\"https:\/\/www.kark.de\/cms\/es\/tecnologia-siderurgica\/kafix-eaf\/\" \/>\n<meta property=\"og:site_name\" content=\"Kark GmbH\" \/>\n<meta property=\"article:modified_time\" content=\"2021-12-13T11:06:39+00:00\" \/>\n<meta name=\"twitter:card\" content=\"summary_large_image\" \/>\n<meta name=\"twitter:label1\" content=\"Gesch\u00e4tzte Lesezeit\" \/>\n\t<meta name=\"twitter:data1\" content=\"1\u00a0Minute\" \/>\n<script type=\"application\/ld+json\" class=\"yoast-schema-graph\">{\"@context\":\"https:\\\/\\\/schema.org\",\"@graph\":[{\"@type\":\"WebPage\",\"@id\":\"https:\\\/\\\/www.kark.de\\\/cms\\\/es\\\/tecnologia-siderurgica\\\/kafix-eaf\\\/\",\"url\":\"https:\\\/\\\/www.kark.de\\\/cms\\\/es\\\/tecnologia-siderurgica\\\/kafix-eaf\\\/\",\"name\":\"KAFIX EAF - Kark GmbH\",\"isPartOf\":{\"@id\":\"https:\\\/\\\/www.kark.de\\\/cms\\\/#website\"},\"datePublished\":\"2019-09-12T09:48:49+00:00\",\"dateModified\":\"2021-12-13T11:06:39+00:00\",\"breadcrumb\":{\"@id\":\"https:\\\/\\\/www.kark.de\\\/cms\\\/es\\\/tecnologia-siderurgica\\\/kafix-eaf\\\/#breadcrumb\"},\"inLanguage\":\"de\",\"potentialAction\":[{\"@type\":\"ReadAction\",\"target\":[\"https:\\\/\\\/www.kark.de\\\/cms\\\/es\\\/tecnologia-siderurgica\\\/kafix-eaf\\\/\"]}]},{\"@type\":\"BreadcrumbList\",\"@id\":\"https:\\\/\\\/www.kark.de\\\/cms\\\/es\\\/tecnologia-siderurgica\\\/kafix-eaf\\\/#breadcrumb\",\"itemListElement\":[{\"@type\":\"ListItem\",\"position\":1,\"name\":\"Startseite\",\"item\":\"https:\\\/\\\/www.kark.de\\\/cms\\\/\"},{\"@type\":\"ListItem\",\"position\":2,\"name\":\"Tecnolog\u00eda Sider\u00fargica\",\"item\":\"https:\\\/\\\/www.kark.de\\\/cms\\\/es\\\/tecnologia-siderurgica\\\/\"},{\"@type\":\"ListItem\",\"position\":3,\"name\":\"KAFIX EAF\"}]},{\"@type\":\"WebSite\",\"@id\":\"https:\\\/\\\/www.kark.de\\\/cms\\\/#website\",\"url\":\"https:\\\/\\\/www.kark.de\\\/cms\\\/\",\"name\":\"Kark GmbH\",\"description\":\"Eine Website der Kark GmbH\",\"potentialAction\":[{\"@type\":\"SearchAction\",\"target\":{\"@type\":\"EntryPoint\",\"urlTemplate\":\"https:\\\/\\\/www.kark.de\\\/cms\\\/?s={search_term_string}\"},\"query-input\":{\"@type\":\"PropertyValueSpecification\",\"valueRequired\":true,\"valueName\":\"search_term_string\"}}],\"inLanguage\":\"de\"}]}<\/script>\n<!-- \/ Yoast SEO plugin. -->","yoast_head_json":{"title":"KAFIX EAF - Kark GmbH","robots":{"index":"index","follow":"follow","max-snippet":"max-snippet:-1","max-image-preview":"max-image-preview:large","max-video-preview":"max-video-preview:-1"},"canonical":"https:\/\/www.kark.de\/cms\/es\/tecnologia-siderurgica\/kafix-eaf\/","og_locale":"de_DE","og_type":"article","og_title":"KAFIX EAF - Kark GmbH","og_description":"Nosotros dise\u00f1amos y constru\u00edmos el primer brazo de aluminio portaelectrodo para hornos de alto rendimiento. La invenci\u00f3n del portaelectrodos desmontable es un gran aporte para la eficiencia del desempe\u00f1o de su horno, ya que reduce los costos de mantenimiento y la posible inactividad de la producci\u00f3n. Con mas de 90 conjuntos fabricados y entregados, somos [&hellip;]","og_url":"https:\/\/www.kark.de\/cms\/es\/tecnologia-siderurgica\/kafix-eaf\/","og_site_name":"Kark GmbH","article_modified_time":"2021-12-13T11:06:39+00:00","twitter_card":"summary_large_image","twitter_misc":{"Gesch\u00e4tzte Lesezeit":"1\u00a0Minute"},"schema":{"@context":"https:\/\/schema.org","@graph":[{"@type":"WebPage","@id":"https:\/\/www.kark.de\/cms\/es\/tecnologia-siderurgica\/kafix-eaf\/","url":"https:\/\/www.kark.de\/cms\/es\/tecnologia-siderurgica\/kafix-eaf\/","name":"KAFIX EAF - Kark GmbH","isPartOf":{"@id":"https:\/\/www.kark.de\/cms\/#website"},"datePublished":"2019-09-12T09:48:49+00:00","dateModified":"2021-12-13T11:06:39+00:00","breadcrumb":{"@id":"https:\/\/www.kark.de\/cms\/es\/tecnologia-siderurgica\/kafix-eaf\/#breadcrumb"},"inLanguage":"de","potentialAction":[{"@type":"ReadAction","target":["https:\/\/www.kark.de\/cms\/es\/tecnologia-siderurgica\/kafix-eaf\/"]}]},{"@type":"BreadcrumbList","@id":"https:\/\/www.kark.de\/cms\/es\/tecnologia-siderurgica\/kafix-eaf\/#breadcrumb","itemListElement":[{"@type":"ListItem","position":1,"name":"Startseite","item":"https:\/\/www.kark.de\/cms\/"},{"@type":"ListItem","position":2,"name":"Tecnolog\u00eda Sider\u00fargica","item":"https:\/\/www.kark.de\/cms\/es\/tecnologia-siderurgica\/"},{"@type":"ListItem","position":3,"name":"KAFIX EAF"}]},{"@type":"WebSite","@id":"https:\/\/www.kark.de\/cms\/#website","url":"https:\/\/www.kark.de\/cms\/","name":"Kark GmbH","description":"Eine Website der Kark GmbH","potentialAction":[{"@type":"SearchAction","target":{"@type":"EntryPoint","urlTemplate":"https:\/\/www.kark.de\/cms\/?s={search_term_string}"},"query-input":{"@type":"PropertyValueSpecification","valueRequired":true,"valueName":"search_term_string"}}],"inLanguage":"de"}]}},"_links":{"self":[{"href":"https:\/\/www.kark.de\/cms\/wp-json\/wp\/v2\/pages\/340","targetHints":{"allow":["GET"]}}],"collection":[{"href":"https:\/\/www.kark.de\/cms\/wp-json\/wp\/v2\/pages"}],"about":[{"href":"https:\/\/www.kark.de\/cms\/wp-json\/wp\/v2\/types\/page"}],"author":[{"embeddable":true,"href":"https:\/\/www.kark.de\/cms\/wp-json\/wp\/v2\/users\/1"}],"replies":[{"embeddable":true,"href":"https:\/\/www.kark.de\/cms\/wp-json\/wp\/v2\/comments?post=340"}],"version-history":[{"count":2,"href":"https:\/\/www.kark.de\/cms\/wp-json\/wp\/v2\/pages\/340\/revisions"}],"predecessor-version":[{"id":2287,"href":"https:\/\/www.kark.de\/cms\/wp-json\/wp\/v2\/pages\/340\/revisions\/2287"}],"up":[{"embeddable":true,"href":"https:\/\/www.kark.de\/cms\/wp-json\/wp\/v2\/pages\/78"}],"wp:attachment":[{"href":"https:\/\/www.kark.de\/cms\/wp-json\/wp\/v2\/media?parent=340"}],"curies":[{"name":"wp","href":"https:\/\/api.w.org\/{rel}","templated":true}]}}