{"id":21,"date":"2010-12-21T13:13:47","date_gmt":"2010-12-21T12:13:47","guid":{"rendered":"http:\/\/kark.de\/wordpress\/schneidwerkzeuge-zur-hm-ring-bearbeitung\/"},"modified":"2021-12-14T14:31:27","modified_gmt":"2021-12-14T13:31:27","slug":"schneidwerkzeuge-zur-hm-ring-bearbeitung","status":"publish","type":"page","link":"https:\/\/www.kark.de\/cms\/walzwerkstechnik\/schneidwerkzeuge-zur-hm-ring-bearbeitung\/","title":{"rendered":"CBN Wendeschneidplatten"},"content":{"rendered":"<p>KAFIX CBN INSERTS sind eine neue Generation von hochtechnologischen Schneidwerkstoffen, die f\u00fcr Anwender entwickelt wurden, die eine optimierte und kosteneffektive Produktion anstreben.<\/p>\n<p>Unsere CBN Wendeschneidplatten wurden speziell f\u00fcr die Bed\u00fcrfnisse Ihrer Walzenwerkstatt entwickelt. Die gr\u00f6\u00dfere Dicke im Vergleich zu vielen anderen Standard-Wendeschneidplatten macht sie zum optimalen Werkzeug f\u00fcr die Bearbeitung h\u00e4rterer Materialien, einschlie\u00dflich Walzringen aus TC- und PM-St\u00e4hlen.<\/p>\n<p>KAFIX CBN Wendeschneidplatten sind in drei verschiedenen Durchmessern und mit den zugeh\u00f6rigen Werkzeughaltern in Standardl\u00e4ngen oder als Spezialanfertigung, passend f\u00fcr die Bed\u00fcrfnisse Ihrer Drehmaschine erh\u00e4ltlich.<\/p>\n<ul>\n<li>hervorragende Verschlei\u00dffestigkeit<\/li>\n<li>hohe thermische Standfestigkeit w\u00e4hrend der Bearbeitung<\/li>\n<li>widerstandsf\u00e4hige, extrem harte Vollmaterial-Schneidplatten<\/li>\n<li>reduzierte Bearbeitungskosten und weniger Werkzeugwechsel<\/li>\n<li>deutliche Kostensenkung gegen\u00fcber Hartmetall- oder Keramikschneidplatten<\/li>\n<\/ul>\n<p><a href=\"\/cms\/wp-content\/uploads\/Kark-CBN-Tools-1.pdf\" target=\"_blank\" rel=\"noopener\">Flyer herunterladen<\/a><\/p>\n","protected":false},"excerpt":{"rendered":"<p>KAFIX CBN INSERTS sind eine neue Generation von hochtechnologischen Schneidwerkstoffen, die f\u00fcr Anwender entwickelt wurden, die eine optimierte und kosteneffektive Produktion anstreben. Unsere CBN Wendeschneidplatten wurden speziell f\u00fcr die Bed\u00fcrfnisse Ihrer Walzenwerkstatt entwickelt. Die gr\u00f6\u00dfere Dicke im Vergleich zu vielen anderen Standard-Wendeschneidplatten macht sie zum optimalen Werkzeug f\u00fcr die Bearbeitung h\u00e4rterer Materialien, einschlie\u00dflich Walzringen aus [&hellip;]<\/p>\n","protected":false},"author":1,"featured_media":0,"parent":1604,"menu_order":3,"comment_status":"closed","ping_status":"closed","template":"","meta":{"_acf_changed":false,"site-sidebar-layout":"default","site-content-layout":"default","ast-site-content-layout":"","site-content-style":"default","site-sidebar-style":"default","ast-global-header-display":"","ast-banner-title-visibility":"","ast-main-header-display":"","ast-hfb-above-header-display":"","ast-hfb-below-header-display":"","ast-hfb-mobile-header-display":"","site-post-title":"","ast-breadcrumbs-content":"","ast-featured-img":"","footer-sml-layout":"","theme-transparent-header-meta":"default","adv-header-id-meta":"","stick-header-meta":"","header-above-stick-meta":"","header-main-stick-meta":"","header-below-stick-meta":"","astra-migrate-meta-layouts":"default","ast-page-background-enabled":"default","ast-page-background-meta":{"desktop":{"background-color":"","background-image":"","background-repeat":"repeat","background-position":"center center","background-size":"auto","background-attachment":"scroll","background-type":"","background-media":"","overlay-type":"","overlay-color":"","overlay-gradient":""},"tablet":{"background-color":"","background-image":"","background-repeat":"repeat","background-position":"center center","background-size":"auto","background-attachment":"scroll","background-type":"","background-media":"","overlay-type":"","overlay-color":"","overlay-gradient":""},"mobile":{"background-color":"","background-image":"","background-repeat":"repeat","background-position":"center center","background-size":"auto","background-attachment":"scroll","background-type":"","background-media":"","overlay-type":"","overlay-color":"","overlay-gradient":""}},"ast-content-background-meta":{"desktop":{"background-color":"var(--ast-global-color-5)","background-image":"","background-repeat":"repeat","background-position":"center center","background-size":"auto","background-attachment":"scroll","background-type":"","background-media":"","overlay-type":"","overlay-color":"","overlay-gradient":""},"tablet":{"background-color":"var(--ast-global-color-5)","background-image":"","background-repeat":"repeat","background-position":"center center","background-size":"auto","background-attachment":"scroll","background-type":"","background-media":"","overlay-type":"","overlay-color":"","overlay-gradient":""},"mobile":{"background-color":"var(--ast-global-color-5)","background-image":"","background-repeat":"repeat","background-position":"center center","background-size":"auto","background-attachment":"scroll","background-type":"","background-media":"","overlay-type":"","overlay-color":"","overlay-gradient":""}},"footnotes":""},"class_list":["post-21","page","type-page","status-publish","hentry"],"acf":[],"yoast_head":"<!-- This site is optimized with the Yoast SEO plugin v27.5 - https:\/\/yoast.com\/product\/yoast-seo-wordpress\/ -->\n<title>CBN Wendeschneidplatten - Kark GmbH<\/title>\n<meta name=\"robots\" content=\"index, follow, max-snippet:-1, max-image-preview:large, max-video-preview:-1\" \/>\n<link rel=\"canonical\" href=\"https:\/\/www.kark.de\/cms\/walzwerkstechnik\/schneidwerkzeuge-zur-hm-ring-bearbeitung\/\" \/>\n<meta property=\"og:locale\" content=\"de_DE\" \/>\n<meta property=\"og:type\" content=\"article\" \/>\n<meta property=\"og:title\" content=\"CBN Wendeschneidplatten - Kark GmbH\" \/>\n<meta property=\"og:description\" content=\"KAFIX CBN INSERTS sind eine neue Generation von hochtechnologischen Schneidwerkstoffen, die f\u00fcr Anwender entwickelt wurden, die eine optimierte und kosteneffektive Produktion anstreben. Unsere CBN Wendeschneidplatten wurden speziell f\u00fcr die Bed\u00fcrfnisse Ihrer Walzenwerkstatt entwickelt. Die gr\u00f6\u00dfere Dicke im Vergleich zu vielen anderen Standard-Wendeschneidplatten macht sie zum optimalen Werkzeug f\u00fcr die Bearbeitung h\u00e4rterer Materialien, einschlie\u00dflich Walzringen aus [&hellip;]\" \/>\n<meta property=\"og:url\" content=\"https:\/\/www.kark.de\/cms\/walzwerkstechnik\/schneidwerkzeuge-zur-hm-ring-bearbeitung\/\" \/>\n<meta property=\"og:site_name\" content=\"Kark GmbH\" \/>\n<meta property=\"article:modified_time\" content=\"2021-12-14T13:31:27+00:00\" \/>\n<meta name=\"twitter:card\" content=\"summary_large_image\" \/>\n<meta name=\"twitter:label1\" content=\"Gesch\u00e4tzte Lesezeit\" \/>\n\t<meta name=\"twitter:data1\" content=\"1\u00a0Minute\" \/>\n<script type=\"application\/ld+json\" class=\"yoast-schema-graph\">{\"@context\":\"https:\\\/\\\/schema.org\",\"@graph\":[{\"@type\":\"WebPage\",\"@id\":\"https:\\\/\\\/www.kark.de\\\/cms\\\/walzwerkstechnik\\\/schneidwerkzeuge-zur-hm-ring-bearbeitung\\\/\",\"url\":\"https:\\\/\\\/www.kark.de\\\/cms\\\/walzwerkstechnik\\\/schneidwerkzeuge-zur-hm-ring-bearbeitung\\\/\",\"name\":\"CBN Wendeschneidplatten - Kark GmbH\",\"isPartOf\":{\"@id\":\"https:\\\/\\\/www.kark.de\\\/cms\\\/#website\"},\"datePublished\":\"2010-12-21T12:13:47+00:00\",\"dateModified\":\"2021-12-14T13:31:27+00:00\",\"breadcrumb\":{\"@id\":\"https:\\\/\\\/www.kark.de\\\/cms\\\/walzwerkstechnik\\\/schneidwerkzeuge-zur-hm-ring-bearbeitung\\\/#breadcrumb\"},\"inLanguage\":\"de\",\"potentialAction\":[{\"@type\":\"ReadAction\",\"target\":[\"https:\\\/\\\/www.kark.de\\\/cms\\\/walzwerkstechnik\\\/schneidwerkzeuge-zur-hm-ring-bearbeitung\\\/\"]}]},{\"@type\":\"BreadcrumbList\",\"@id\":\"https:\\\/\\\/www.kark.de\\\/cms\\\/walzwerkstechnik\\\/schneidwerkzeuge-zur-hm-ring-bearbeitung\\\/#breadcrumb\",\"itemListElement\":[{\"@type\":\"ListItem\",\"position\":1,\"name\":\"Startseite\",\"item\":\"https:\\\/\\\/www.kark.de\\\/cms\\\/\"},{\"@type\":\"ListItem\",\"position\":2,\"name\":\"Walzwerkstechnik\",\"item\":\"https:\\\/\\\/www.kark.de\\\/cms\\\/walzwerkstechnik\\\/\"},{\"@type\":\"ListItem\",\"position\":3,\"name\":\"CBN Wendeschneidplatten\"}]},{\"@type\":\"WebSite\",\"@id\":\"https:\\\/\\\/www.kark.de\\\/cms\\\/#website\",\"url\":\"https:\\\/\\\/www.kark.de\\\/cms\\\/\",\"name\":\"Kark GmbH\",\"description\":\"Eine Website der Kark GmbH\",\"potentialAction\":[{\"@type\":\"SearchAction\",\"target\":{\"@type\":\"EntryPoint\",\"urlTemplate\":\"https:\\\/\\\/www.kark.de\\\/cms\\\/?s={search_term_string}\"},\"query-input\":{\"@type\":\"PropertyValueSpecification\",\"valueRequired\":true,\"valueName\":\"search_term_string\"}}],\"inLanguage\":\"de\"}]}<\/script>\n<!-- \/ Yoast SEO plugin. -->","yoast_head_json":{"title":"CBN Wendeschneidplatten - Kark GmbH","robots":{"index":"index","follow":"follow","max-snippet":"max-snippet:-1","max-image-preview":"max-image-preview:large","max-video-preview":"max-video-preview:-1"},"canonical":"https:\/\/www.kark.de\/cms\/walzwerkstechnik\/schneidwerkzeuge-zur-hm-ring-bearbeitung\/","og_locale":"de_DE","og_type":"article","og_title":"CBN Wendeschneidplatten - Kark GmbH","og_description":"KAFIX CBN INSERTS sind eine neue Generation von hochtechnologischen Schneidwerkstoffen, die f\u00fcr Anwender entwickelt wurden, die eine optimierte und kosteneffektive Produktion anstreben. Unsere CBN Wendeschneidplatten wurden speziell f\u00fcr die Bed\u00fcrfnisse Ihrer Walzenwerkstatt entwickelt. Die gr\u00f6\u00dfere Dicke im Vergleich zu vielen anderen Standard-Wendeschneidplatten macht sie zum optimalen Werkzeug f\u00fcr die Bearbeitung h\u00e4rterer Materialien, einschlie\u00dflich Walzringen aus [&hellip;]","og_url":"https:\/\/www.kark.de\/cms\/walzwerkstechnik\/schneidwerkzeuge-zur-hm-ring-bearbeitung\/","og_site_name":"Kark GmbH","article_modified_time":"2021-12-14T13:31:27+00:00","twitter_card":"summary_large_image","twitter_misc":{"Gesch\u00e4tzte Lesezeit":"1\u00a0Minute"},"schema":{"@context":"https:\/\/schema.org","@graph":[{"@type":"WebPage","@id":"https:\/\/www.kark.de\/cms\/walzwerkstechnik\/schneidwerkzeuge-zur-hm-ring-bearbeitung\/","url":"https:\/\/www.kark.de\/cms\/walzwerkstechnik\/schneidwerkzeuge-zur-hm-ring-bearbeitung\/","name":"CBN Wendeschneidplatten - Kark GmbH","isPartOf":{"@id":"https:\/\/www.kark.de\/cms\/#website"},"datePublished":"2010-12-21T12:13:47+00:00","dateModified":"2021-12-14T13:31:27+00:00","breadcrumb":{"@id":"https:\/\/www.kark.de\/cms\/walzwerkstechnik\/schneidwerkzeuge-zur-hm-ring-bearbeitung\/#breadcrumb"},"inLanguage":"de","potentialAction":[{"@type":"ReadAction","target":["https:\/\/www.kark.de\/cms\/walzwerkstechnik\/schneidwerkzeuge-zur-hm-ring-bearbeitung\/"]}]},{"@type":"BreadcrumbList","@id":"https:\/\/www.kark.de\/cms\/walzwerkstechnik\/schneidwerkzeuge-zur-hm-ring-bearbeitung\/#breadcrumb","itemListElement":[{"@type":"ListItem","position":1,"name":"Startseite","item":"https:\/\/www.kark.de\/cms\/"},{"@type":"ListItem","position":2,"name":"Walzwerkstechnik","item":"https:\/\/www.kark.de\/cms\/walzwerkstechnik\/"},{"@type":"ListItem","position":3,"name":"CBN Wendeschneidplatten"}]},{"@type":"WebSite","@id":"https:\/\/www.kark.de\/cms\/#website","url":"https:\/\/www.kark.de\/cms\/","name":"Kark GmbH","description":"Eine Website der Kark GmbH","potentialAction":[{"@type":"SearchAction","target":{"@type":"EntryPoint","urlTemplate":"https:\/\/www.kark.de\/cms\/?s={search_term_string}"},"query-input":{"@type":"PropertyValueSpecification","valueRequired":true,"valueName":"search_term_string"}}],"inLanguage":"de"}]}},"_links":{"self":[{"href":"https:\/\/www.kark.de\/cms\/wp-json\/wp\/v2\/pages\/21","targetHints":{"allow":["GET"]}}],"collection":[{"href":"https:\/\/www.kark.de\/cms\/wp-json\/wp\/v2\/pages"}],"about":[{"href":"https:\/\/www.kark.de\/cms\/wp-json\/wp\/v2\/types\/page"}],"author":[{"embeddable":true,"href":"https:\/\/www.kark.de\/cms\/wp-json\/wp\/v2\/users\/1"}],"replies":[{"embeddable":true,"href":"https:\/\/www.kark.de\/cms\/wp-json\/wp\/v2\/comments?post=21"}],"version-history":[{"count":9,"href":"https:\/\/www.kark.de\/cms\/wp-json\/wp\/v2\/pages\/21\/revisions"}],"predecessor-version":[{"id":2429,"href":"https:\/\/www.kark.de\/cms\/wp-json\/wp\/v2\/pages\/21\/revisions\/2429"}],"up":[{"embeddable":true,"href":"https:\/\/www.kark.de\/cms\/wp-json\/wp\/v2\/pages\/1604"}],"wp:attachment":[{"href":"https:\/\/www.kark.de\/cms\/wp-json\/wp\/v2\/media?parent=21"}],"curies":[{"name":"wp","href":"https:\/\/api.w.org\/{rel}","templated":true}]}}