{"id":20,"date":"2010-12-21T13:12:32","date_gmt":"2010-12-21T12:12:32","guid":{"rendered":"http:\/\/kark.de\/wordpress\/pm-material-walzringe\/"},"modified":"2021-12-14T14:33:36","modified_gmt":"2021-12-14T13:33:36","slug":"pm-material-walzringe","status":"publish","type":"page","link":"https:\/\/www.kark.de\/cms\/walzwerkstechnik\/pm-material-walzringe\/","title":{"rendered":"PM-Walzringe"},"content":{"rendered":"<p>Pulvermetalurgische Walzringe<\/p>\n<p>PM (Pulvermetalurgischer) Stahl ist eine hervorragende Alternative zu Hartmetall bei kleinen Kampagnen oder zum Walzen gro\u00dfer Durchmesser. Wir bieten eine breite Auswahl an Standard G\u00fcten, um nahezu jeder Anforderung gerecht zu werden. Spezielle Sonderqualit\u00e4ten sind ebenfalls erh\u00e4ltlich.<\/p>\n<p>Unsere PM Walzringe sind in Durchmessern bis zu 1.200mm (47\u201c), geschliffen, mit und ohne Kaliber, einsatzfertig erh\u00e4ltlich.<\/p>\n<ul>\n<li>PM-Hochleistungs-Walzringe f\u00fcr Warmwalzwerke<\/li>\n<li>besonders geeignet bei langsamen Walzgeschwindigkeiten<\/li>\n<li>verschiedene Standard-Qualit\u00e4ten f\u00fcr fast jeden Anwendungsfall<\/li>\n<li>hervorragende Oberfl\u00e4cheng\u00fcte des Walzproduktes<\/li>\n<li>Spitzentechnologie eines erfahrenen Herstellers<\/li>\n<li>einfache Bearbeitbarkeit<\/li>\n<li>Bearbeitungsservice und \u2013Schulungen verf\u00fcgbar<\/li>\n<\/ul>\n<p><a href=\"\/cms\/wp-content\/uploads\/KARK-PM-Rings-Powder-Metallurgical-Roll-Rings-1.pdf\" target=\"_blank\" rel=\"noopener\">Flyer herunterladen<\/a><\/p>\n","protected":false},"excerpt":{"rendered":"<p>Pulvermetalurgische Walzringe PM (Pulvermetalurgischer) Stahl ist eine hervorragende Alternative zu Hartmetall bei kleinen Kampagnen oder zum Walzen gro\u00dfer Durchmesser. Wir bieten eine breite Auswahl an Standard G\u00fcten, um nahezu jeder Anforderung gerecht zu werden. Spezielle Sonderqualit\u00e4ten sind ebenfalls erh\u00e4ltlich. Unsere PM Walzringe sind in Durchmessern bis zu 1.200mm (47\u201c), geschliffen, mit und ohne Kaliber, einsatzfertig [&hellip;]<\/p>\n","protected":false},"author":1,"featured_media":0,"parent":1604,"menu_order":4,"comment_status":"closed","ping_status":"closed","template":"","meta":{"_acf_changed":false,"site-sidebar-layout":"default","site-content-layout":"default","ast-site-content-layout":"","site-content-style":"default","site-sidebar-style":"default","ast-global-header-display":"","ast-banner-title-visibility":"","ast-main-header-display":"","ast-hfb-above-header-display":"","ast-hfb-below-header-display":"","ast-hfb-mobile-header-display":"","site-post-title":"","ast-breadcrumbs-content":"","ast-featured-img":"","footer-sml-layout":"","theme-transparent-header-meta":"default","adv-header-id-meta":"","stick-header-meta":"","header-above-stick-meta":"","header-main-stick-meta":"","header-below-stick-meta":"","astra-migrate-meta-layouts":"default","ast-page-background-enabled":"default","ast-page-background-meta":{"desktop":{"background-color":"","background-image":"","background-repeat":"repeat","background-position":"center center","background-size":"auto","background-attachment":"scroll","background-type":"","background-media":"","overlay-type":"","overlay-color":"","overlay-gradient":""},"tablet":{"background-color":"","background-image":"","background-repeat":"repeat","background-position":"center center","background-size":"auto","background-attachment":"scroll","background-type":"","background-media":"","overlay-type":"","overlay-color":"","overlay-gradient":""},"mobile":{"background-color":"","background-image":"","background-repeat":"repeat","background-position":"center center","background-size":"auto","background-attachment":"scroll","background-type":"","background-media":"","overlay-type":"","overlay-color":"","overlay-gradient":""}},"ast-content-background-meta":{"desktop":{"background-color":"var(--ast-global-color-5)","background-image":"","background-repeat":"repeat","background-position":"center center","background-size":"auto","background-attachment":"scroll","background-type":"","background-media":"","overlay-type":"","overlay-color":"","overlay-gradient":""},"tablet":{"background-color":"var(--ast-global-color-5)","background-image":"","background-repeat":"repeat","background-position":"center center","background-size":"auto","background-attachment":"scroll","background-type":"","background-media":"","overlay-type":"","overlay-color":"","overlay-gradient":""},"mobile":{"background-color":"var(--ast-global-color-5)","background-image":"","background-repeat":"repeat","background-position":"center center","background-size":"auto","background-attachment":"scroll","background-type":"","background-media":"","overlay-type":"","overlay-color":"","overlay-gradient":""}},"footnotes":""},"class_list":["post-20","page","type-page","status-publish","hentry"],"acf":[],"yoast_head":"<!-- This site is optimized with the Yoast SEO plugin v27.5 - https:\/\/yoast.com\/product\/yoast-seo-wordpress\/ -->\n<title>PM-Walzringe - Kark GmbH<\/title>\n<meta name=\"robots\" content=\"index, follow, max-snippet:-1, max-image-preview:large, max-video-preview:-1\" \/>\n<link rel=\"canonical\" href=\"https:\/\/www.kark.de\/cms\/walzwerkstechnik\/pm-material-walzringe\/\" \/>\n<meta property=\"og:locale\" content=\"de_DE\" \/>\n<meta property=\"og:type\" content=\"article\" \/>\n<meta property=\"og:title\" content=\"PM-Walzringe - Kark GmbH\" \/>\n<meta property=\"og:description\" content=\"Pulvermetalurgische Walzringe PM (Pulvermetalurgischer) Stahl ist eine hervorragende Alternative zu Hartmetall bei kleinen Kampagnen oder zum Walzen gro\u00dfer Durchmesser. Wir bieten eine breite Auswahl an Standard G\u00fcten, um nahezu jeder Anforderung gerecht zu werden. Spezielle Sonderqualit\u00e4ten sind ebenfalls erh\u00e4ltlich. Unsere PM Walzringe sind in Durchmessern bis zu 1.200mm (47\u201c), geschliffen, mit und ohne Kaliber, einsatzfertig [&hellip;]\" \/>\n<meta property=\"og:url\" content=\"https:\/\/www.kark.de\/cms\/walzwerkstechnik\/pm-material-walzringe\/\" \/>\n<meta property=\"og:site_name\" content=\"Kark GmbH\" \/>\n<meta property=\"article:modified_time\" content=\"2021-12-14T13:33:36+00:00\" \/>\n<meta name=\"twitter:card\" content=\"summary_large_image\" \/>\n<meta name=\"twitter:label1\" content=\"Gesch\u00e4tzte Lesezeit\" \/>\n\t<meta name=\"twitter:data1\" content=\"1\u00a0Minute\" \/>\n<script type=\"application\/ld+json\" class=\"yoast-schema-graph\">{\"@context\":\"https:\\\/\\\/schema.org\",\"@graph\":[{\"@type\":\"WebPage\",\"@id\":\"https:\\\/\\\/www.kark.de\\\/cms\\\/walzwerkstechnik\\\/pm-material-walzringe\\\/\",\"url\":\"https:\\\/\\\/www.kark.de\\\/cms\\\/walzwerkstechnik\\\/pm-material-walzringe\\\/\",\"name\":\"PM-Walzringe - Kark GmbH\",\"isPartOf\":{\"@id\":\"https:\\\/\\\/www.kark.de\\\/cms\\\/#website\"},\"datePublished\":\"2010-12-21T12:12:32+00:00\",\"dateModified\":\"2021-12-14T13:33:36+00:00\",\"breadcrumb\":{\"@id\":\"https:\\\/\\\/www.kark.de\\\/cms\\\/walzwerkstechnik\\\/pm-material-walzringe\\\/#breadcrumb\"},\"inLanguage\":\"de\",\"potentialAction\":[{\"@type\":\"ReadAction\",\"target\":[\"https:\\\/\\\/www.kark.de\\\/cms\\\/walzwerkstechnik\\\/pm-material-walzringe\\\/\"]}]},{\"@type\":\"BreadcrumbList\",\"@id\":\"https:\\\/\\\/www.kark.de\\\/cms\\\/walzwerkstechnik\\\/pm-material-walzringe\\\/#breadcrumb\",\"itemListElement\":[{\"@type\":\"ListItem\",\"position\":1,\"name\":\"Startseite\",\"item\":\"https:\\\/\\\/www.kark.de\\\/cms\\\/\"},{\"@type\":\"ListItem\",\"position\":2,\"name\":\"Walzwerkstechnik\",\"item\":\"https:\\\/\\\/www.kark.de\\\/cms\\\/walzwerkstechnik\\\/\"},{\"@type\":\"ListItem\",\"position\":3,\"name\":\"PM-Walzringe\"}]},{\"@type\":\"WebSite\",\"@id\":\"https:\\\/\\\/www.kark.de\\\/cms\\\/#website\",\"url\":\"https:\\\/\\\/www.kark.de\\\/cms\\\/\",\"name\":\"Kark GmbH\",\"description\":\"Eine Website der Kark GmbH\",\"potentialAction\":[{\"@type\":\"SearchAction\",\"target\":{\"@type\":\"EntryPoint\",\"urlTemplate\":\"https:\\\/\\\/www.kark.de\\\/cms\\\/?s={search_term_string}\"},\"query-input\":{\"@type\":\"PropertyValueSpecification\",\"valueRequired\":true,\"valueName\":\"search_term_string\"}}],\"inLanguage\":\"de\"}]}<\/script>\n<!-- \/ Yoast SEO plugin. -->","yoast_head_json":{"title":"PM-Walzringe - Kark GmbH","robots":{"index":"index","follow":"follow","max-snippet":"max-snippet:-1","max-image-preview":"max-image-preview:large","max-video-preview":"max-video-preview:-1"},"canonical":"https:\/\/www.kark.de\/cms\/walzwerkstechnik\/pm-material-walzringe\/","og_locale":"de_DE","og_type":"article","og_title":"PM-Walzringe - Kark GmbH","og_description":"Pulvermetalurgische Walzringe PM (Pulvermetalurgischer) Stahl ist eine hervorragende Alternative zu Hartmetall bei kleinen Kampagnen oder zum Walzen gro\u00dfer Durchmesser. Wir bieten eine breite Auswahl an Standard G\u00fcten, um nahezu jeder Anforderung gerecht zu werden. Spezielle Sonderqualit\u00e4ten sind ebenfalls erh\u00e4ltlich. Unsere PM Walzringe sind in Durchmessern bis zu 1.200mm (47\u201c), geschliffen, mit und ohne Kaliber, einsatzfertig [&hellip;]","og_url":"https:\/\/www.kark.de\/cms\/walzwerkstechnik\/pm-material-walzringe\/","og_site_name":"Kark GmbH","article_modified_time":"2021-12-14T13:33:36+00:00","twitter_card":"summary_large_image","twitter_misc":{"Gesch\u00e4tzte Lesezeit":"1\u00a0Minute"},"schema":{"@context":"https:\/\/schema.org","@graph":[{"@type":"WebPage","@id":"https:\/\/www.kark.de\/cms\/walzwerkstechnik\/pm-material-walzringe\/","url":"https:\/\/www.kark.de\/cms\/walzwerkstechnik\/pm-material-walzringe\/","name":"PM-Walzringe - Kark GmbH","isPartOf":{"@id":"https:\/\/www.kark.de\/cms\/#website"},"datePublished":"2010-12-21T12:12:32+00:00","dateModified":"2021-12-14T13:33:36+00:00","breadcrumb":{"@id":"https:\/\/www.kark.de\/cms\/walzwerkstechnik\/pm-material-walzringe\/#breadcrumb"},"inLanguage":"de","potentialAction":[{"@type":"ReadAction","target":["https:\/\/www.kark.de\/cms\/walzwerkstechnik\/pm-material-walzringe\/"]}]},{"@type":"BreadcrumbList","@id":"https:\/\/www.kark.de\/cms\/walzwerkstechnik\/pm-material-walzringe\/#breadcrumb","itemListElement":[{"@type":"ListItem","position":1,"name":"Startseite","item":"https:\/\/www.kark.de\/cms\/"},{"@type":"ListItem","position":2,"name":"Walzwerkstechnik","item":"https:\/\/www.kark.de\/cms\/walzwerkstechnik\/"},{"@type":"ListItem","position":3,"name":"PM-Walzringe"}]},{"@type":"WebSite","@id":"https:\/\/www.kark.de\/cms\/#website","url":"https:\/\/www.kark.de\/cms\/","name":"Kark GmbH","description":"Eine Website der Kark GmbH","potentialAction":[{"@type":"SearchAction","target":{"@type":"EntryPoint","urlTemplate":"https:\/\/www.kark.de\/cms\/?s={search_term_string}"},"query-input":{"@type":"PropertyValueSpecification","valueRequired":true,"valueName":"search_term_string"}}],"inLanguage":"de"}]}},"_links":{"self":[{"href":"https:\/\/www.kark.de\/cms\/wp-json\/wp\/v2\/pages\/20","targetHints":{"allow":["GET"]}}],"collection":[{"href":"https:\/\/www.kark.de\/cms\/wp-json\/wp\/v2\/pages"}],"about":[{"href":"https:\/\/www.kark.de\/cms\/wp-json\/wp\/v2\/types\/page"}],"author":[{"embeddable":true,"href":"https:\/\/www.kark.de\/cms\/wp-json\/wp\/v2\/users\/1"}],"replies":[{"embeddable":true,"href":"https:\/\/www.kark.de\/cms\/wp-json\/wp\/v2\/comments?post=20"}],"version-history":[{"count":7,"href":"https:\/\/www.kark.de\/cms\/wp-json\/wp\/v2\/pages\/20\/revisions"}],"predecessor-version":[{"id":2435,"href":"https:\/\/www.kark.de\/cms\/wp-json\/wp\/v2\/pages\/20\/revisions\/2435"}],"up":[{"embeddable":true,"href":"https:\/\/www.kark.de\/cms\/wp-json\/wp\/v2\/pages\/1604"}],"wp:attachment":[{"href":"https:\/\/www.kark.de\/cms\/wp-json\/wp\/v2\/media?parent=20"}],"curies":[{"name":"wp","href":"https:\/\/api.w.org\/{rel}","templated":true}]}}