{"id":1928,"date":"2021-10-01T11:24:17","date_gmt":"2021-10-01T09:24:17","guid":{"rendered":"http:\/\/dev.kark.de\/?page_id=1928"},"modified":"2021-10-01T11:24:17","modified_gmt":"2021-10-01T09:24:17","slug":"ueber-uns","status":"publish","type":"page","link":"https:\/\/www.kark.de\/cms\/ueber-uns\/","title":{"rendered":"\u00dcber uns"},"content":{"rendered":"<p>Die Erfolgsgeschichte von Kark begann 1945 mit der Gr\u00fcndung einer kleinen Schlosserei durch Hugo Kark. Aus dieser wurde im Laufe der folgenden Jahrzehnte durch stetige Investitionen und neue Kontakte ein fortschrittlicher, mittelst\u00e4ndischer Maschinenbaubetrieb.<br \/>\nHeute steht der Name KARK bei unseren Kunden weltweit als Begriff f\u00fcr Qualit\u00e4t und Zuverl\u00e4ssigkeit.<\/p>\n","protected":false},"excerpt":{"rendered":"<p>Die Erfolgsgeschichte von Kark begann 1945 mit der Gr\u00fcndung einer kleinen Schlosserei durch Hugo Kark. Aus dieser wurde im Laufe der folgenden Jahrzehnte durch stetige Investitionen und neue Kontakte ein fortschrittlicher, mittelst\u00e4ndischer Maschinenbaubetrieb. Heute steht der Name KARK bei unseren Kunden weltweit als Begriff f\u00fcr Qualit\u00e4t und Zuverl\u00e4ssigkeit.<\/p>\n","protected":false},"author":1,"featured_media":0,"parent":0,"menu_order":0,"comment_status":"closed","ping_status":"closed","template":"","meta":{"_acf_changed":false,"site-sidebar-layout":"default","site-content-layout":"default","ast-site-content-layout":"","site-content-style":"default","site-sidebar-style":"default","ast-global-header-display":"","ast-banner-title-visibility":"","ast-main-header-display":"","ast-hfb-above-header-display":"","ast-hfb-below-header-display":"","ast-hfb-mobile-header-display":"","site-post-title":"","ast-breadcrumbs-content":"","ast-featured-img":"","footer-sml-layout":"","theme-transparent-header-meta":"default","adv-header-id-meta":"","stick-header-meta":"","header-above-stick-meta":"","header-main-stick-meta":"","header-below-stick-meta":"","astra-migrate-meta-layouts":"default","ast-page-background-enabled":"default","ast-page-background-meta":{"desktop":{"background-color":"","background-image":"","background-repeat":"repeat","background-position":"center center","background-size":"auto","background-attachment":"scroll","background-type":"","background-media":"","overlay-type":"","overlay-color":"","overlay-gradient":""},"tablet":{"background-color":"","background-image":"","background-repeat":"repeat","background-position":"center center","background-size":"auto","background-attachment":"scroll","background-type":"","background-media":"","overlay-type":"","overlay-color":"","overlay-gradient":""},"mobile":{"background-color":"","background-image":"","background-repeat":"repeat","background-position":"center center","background-size":"auto","background-attachment":"scroll","background-type":"","background-media":"","overlay-type":"","overlay-color":"","overlay-gradient":""}},"ast-content-background-meta":{"desktop":{"background-color":"var(--ast-global-color-5)","background-image":"","background-repeat":"repeat","background-position":"center center","background-size":"auto","background-attachment":"scroll","background-type":"","background-media":"","overlay-type":"","overlay-color":"","overlay-gradient":""},"tablet":{"background-color":"var(--ast-global-color-5)","background-image":"","background-repeat":"repeat","background-position":"center center","background-size":"auto","background-attachment":"scroll","background-type":"","background-media":"","overlay-type":"","overlay-color":"","overlay-gradient":""},"mobile":{"background-color":"var(--ast-global-color-5)","background-image":"","background-repeat":"repeat","background-position":"center center","background-size":"auto","background-attachment":"scroll","background-type":"","background-media":"","overlay-type":"","overlay-color":"","overlay-gradient":""}},"footnotes":""},"class_list":["post-1928","page","type-page","status-publish","hentry"],"acf":[],"yoast_head":"<!-- This site is optimized with the Yoast SEO plugin v27.5 - https:\/\/yoast.com\/product\/yoast-seo-wordpress\/ -->\n<title>\u00dcber uns - Kark GmbH<\/title>\n<meta name=\"robots\" content=\"index, follow, max-snippet:-1, max-image-preview:large, max-video-preview:-1\" \/>\n<link rel=\"canonical\" href=\"https:\/\/www.kark.de\/cms\/ueber-uns\/\" \/>\n<meta property=\"og:locale\" content=\"de_DE\" \/>\n<meta property=\"og:type\" content=\"article\" \/>\n<meta property=\"og:title\" content=\"\u00dcber uns - Kark GmbH\" \/>\n<meta property=\"og:description\" content=\"Die Erfolgsgeschichte von Kark begann 1945 mit der Gr\u00fcndung einer kleinen Schlosserei durch Hugo Kark. Aus dieser wurde im Laufe der folgenden Jahrzehnte durch stetige Investitionen und neue Kontakte ein fortschrittlicher, mittelst\u00e4ndischer Maschinenbaubetrieb. Heute steht der Name KARK bei unseren Kunden weltweit als Begriff f\u00fcr Qualit\u00e4t und Zuverl\u00e4ssigkeit.\" \/>\n<meta property=\"og:url\" content=\"https:\/\/www.kark.de\/cms\/ueber-uns\/\" \/>\n<meta property=\"og:site_name\" content=\"Kark GmbH\" \/>\n<meta name=\"twitter:card\" content=\"summary_large_image\" \/>\n<meta name=\"twitter:label1\" content=\"Gesch\u00e4tzte Lesezeit\" \/>\n\t<meta name=\"twitter:data1\" content=\"1\u00a0Minute\" \/>\n<script type=\"application\/ld+json\" class=\"yoast-schema-graph\">{\"@context\":\"https:\\\/\\\/schema.org\",\"@graph\":[{\"@type\":\"WebPage\",\"@id\":\"https:\\\/\\\/www.kark.de\\\/cms\\\/ueber-uns\\\/\",\"url\":\"https:\\\/\\\/www.kark.de\\\/cms\\\/ueber-uns\\\/\",\"name\":\"\u00dcber uns - Kark GmbH\",\"isPartOf\":{\"@id\":\"https:\\\/\\\/www.kark.de\\\/cms\\\/#website\"},\"datePublished\":\"2021-10-01T09:24:17+00:00\",\"breadcrumb\":{\"@id\":\"https:\\\/\\\/www.kark.de\\\/cms\\\/ueber-uns\\\/#breadcrumb\"},\"inLanguage\":\"de\",\"potentialAction\":[{\"@type\":\"ReadAction\",\"target\":[\"https:\\\/\\\/www.kark.de\\\/cms\\\/ueber-uns\\\/\"]}]},{\"@type\":\"BreadcrumbList\",\"@id\":\"https:\\\/\\\/www.kark.de\\\/cms\\\/ueber-uns\\\/#breadcrumb\",\"itemListElement\":[{\"@type\":\"ListItem\",\"position\":1,\"name\":\"Startseite\",\"item\":\"https:\\\/\\\/www.kark.de\\\/cms\\\/\"},{\"@type\":\"ListItem\",\"position\":2,\"name\":\"\u00dcber uns\"}]},{\"@type\":\"WebSite\",\"@id\":\"https:\\\/\\\/www.kark.de\\\/cms\\\/#website\",\"url\":\"https:\\\/\\\/www.kark.de\\\/cms\\\/\",\"name\":\"Kark GmbH\",\"description\":\"Eine Website der Kark GmbH\",\"potentialAction\":[{\"@type\":\"SearchAction\",\"target\":{\"@type\":\"EntryPoint\",\"urlTemplate\":\"https:\\\/\\\/www.kark.de\\\/cms\\\/?s={search_term_string}\"},\"query-input\":{\"@type\":\"PropertyValueSpecification\",\"valueRequired\":true,\"valueName\":\"search_term_string\"}}],\"inLanguage\":\"de\"}]}<\/script>\n<!-- \/ Yoast SEO plugin. -->","yoast_head_json":{"title":"\u00dcber uns - Kark GmbH","robots":{"index":"index","follow":"follow","max-snippet":"max-snippet:-1","max-image-preview":"max-image-preview:large","max-video-preview":"max-video-preview:-1"},"canonical":"https:\/\/www.kark.de\/cms\/ueber-uns\/","og_locale":"de_DE","og_type":"article","og_title":"\u00dcber uns - Kark GmbH","og_description":"Die Erfolgsgeschichte von Kark begann 1945 mit der Gr\u00fcndung einer kleinen Schlosserei durch Hugo Kark. Aus dieser wurde im Laufe der folgenden Jahrzehnte durch stetige Investitionen und neue Kontakte ein fortschrittlicher, mittelst\u00e4ndischer Maschinenbaubetrieb. Heute steht der Name KARK bei unseren Kunden weltweit als Begriff f\u00fcr Qualit\u00e4t und Zuverl\u00e4ssigkeit.","og_url":"https:\/\/www.kark.de\/cms\/ueber-uns\/","og_site_name":"Kark GmbH","twitter_card":"summary_large_image","twitter_misc":{"Gesch\u00e4tzte Lesezeit":"1\u00a0Minute"},"schema":{"@context":"https:\/\/schema.org","@graph":[{"@type":"WebPage","@id":"https:\/\/www.kark.de\/cms\/ueber-uns\/","url":"https:\/\/www.kark.de\/cms\/ueber-uns\/","name":"\u00dcber uns - Kark GmbH","isPartOf":{"@id":"https:\/\/www.kark.de\/cms\/#website"},"datePublished":"2021-10-01T09:24:17+00:00","breadcrumb":{"@id":"https:\/\/www.kark.de\/cms\/ueber-uns\/#breadcrumb"},"inLanguage":"de","potentialAction":[{"@type":"ReadAction","target":["https:\/\/www.kark.de\/cms\/ueber-uns\/"]}]},{"@type":"BreadcrumbList","@id":"https:\/\/www.kark.de\/cms\/ueber-uns\/#breadcrumb","itemListElement":[{"@type":"ListItem","position":1,"name":"Startseite","item":"https:\/\/www.kark.de\/cms\/"},{"@type":"ListItem","position":2,"name":"\u00dcber uns"}]},{"@type":"WebSite","@id":"https:\/\/www.kark.de\/cms\/#website","url":"https:\/\/www.kark.de\/cms\/","name":"Kark GmbH","description":"Eine Website der Kark GmbH","potentialAction":[{"@type":"SearchAction","target":{"@type":"EntryPoint","urlTemplate":"https:\/\/www.kark.de\/cms\/?s={search_term_string}"},"query-input":{"@type":"PropertyValueSpecification","valueRequired":true,"valueName":"search_term_string"}}],"inLanguage":"de"}]}},"_links":{"self":[{"href":"https:\/\/www.kark.de\/cms\/wp-json\/wp\/v2\/pages\/1928","targetHints":{"allow":["GET"]}}],"collection":[{"href":"https:\/\/www.kark.de\/cms\/wp-json\/wp\/v2\/pages"}],"about":[{"href":"https:\/\/www.kark.de\/cms\/wp-json\/wp\/v2\/types\/page"}],"author":[{"embeddable":true,"href":"https:\/\/www.kark.de\/cms\/wp-json\/wp\/v2\/users\/1"}],"replies":[{"embeddable":true,"href":"https:\/\/www.kark.de\/cms\/wp-json\/wp\/v2\/comments?post=1928"}],"version-history":[{"count":1,"href":"https:\/\/www.kark.de\/cms\/wp-json\/wp\/v2\/pages\/1928\/revisions"}],"predecessor-version":[{"id":1929,"href":"https:\/\/www.kark.de\/cms\/wp-json\/wp\/v2\/pages\/1928\/revisions\/1929"}],"wp:attachment":[{"href":"https:\/\/www.kark.de\/cms\/wp-json\/wp\/v2\/media?parent=1928"}],"curies":[{"name":"wp","href":"https:\/\/api.w.org\/{rel}","templated":true}]}}