{"id":17,"date":"2010-12-21T13:09:08","date_gmt":"2010-12-21T12:09:08","guid":{"rendered":"http:\/\/kark.de\/wordpress\/axial-gespannte-blockwalzen\/"},"modified":"2021-12-13T12:09:05","modified_gmt":"2021-12-13T11:09:05","slug":"axial-gespannte-blockwalzen","status":"publish","type":"page","link":"https:\/\/www.kark.de\/cms\/walzwerkstechnik\/axial-gespannte-blockwalzen\/","title":{"rendered":"Axial gespannte Blockwalzen"},"content":{"rendered":"<p>KAFIX AF f\u00fcr fliegende Ger\u00fcste setzt einen neuen Standard bei Spannsystemen f\u00fcr Block- und Cantileverger\u00fcste. Bew\u00e4hrte Vorteile wie einfache Handhabung, verbesserte Performance und reduzierte Walzringkosten machen unsere Cantilever Wellen zur ersten Wahl f\u00fcr Ihre Walzstra\u00dfe.<\/p>\n<ul>\n<li>Walzringbreite um bis zu 40% geringer als bei anderen Systemen<\/li>\n<li>bedienerfreundlicher, sicherer und schneller Walzringwechsel<\/li>\n<li>verbesserte Ma\u00dfhaltigkeit und Oberfl\u00e4cheng\u00fcte des Walzproduktes<\/li>\n<li>gesamtes Spannsystem aus Edelstahl<\/li>\n<li>ausschlie\u00dflich axiale Walzringspannung, KEINE Radialkr\u00e4fte<\/li>\n<li>Spitzenqualit\u00e4t von KARK<\/li>\n<\/ul>\n","protected":false},"excerpt":{"rendered":"<p>KAFIX AF f\u00fcr fliegende Ger\u00fcste setzt einen neuen Standard bei Spannsystemen f\u00fcr Block- und Cantileverger\u00fcste. Bew\u00e4hrte Vorteile wie einfache Handhabung, verbesserte Performance und reduzierte Walzringkosten machen unsere Cantilever Wellen zur ersten Wahl f\u00fcr Ihre Walzstra\u00dfe. Walzringbreite um bis zu 40% geringer als bei anderen Systemen bedienerfreundlicher, sicherer und schneller Walzringwechsel verbesserte Ma\u00dfhaltigkeit und Oberfl\u00e4cheng\u00fcte des [&hellip;]<\/p>\n","protected":false},"author":1,"featured_media":0,"parent":1604,"menu_order":7,"comment_status":"closed","ping_status":"closed","template":"","meta":{"_acf_changed":false,"site-sidebar-layout":"default","site-content-layout":"default","ast-site-content-layout":"","site-content-style":"default","site-sidebar-style":"default","ast-global-header-display":"","ast-banner-title-visibility":"","ast-main-header-display":"","ast-hfb-above-header-display":"","ast-hfb-below-header-display":"","ast-hfb-mobile-header-display":"","site-post-title":"","ast-breadcrumbs-content":"","ast-featured-img":"","footer-sml-layout":"","theme-transparent-header-meta":"default","adv-header-id-meta":"","stick-header-meta":"","header-above-stick-meta":"","header-main-stick-meta":"","header-below-stick-meta":"","astra-migrate-meta-layouts":"default","ast-page-background-enabled":"default","ast-page-background-meta":{"desktop":{"background-color":"","background-image":"","background-repeat":"repeat","background-position":"center center","background-size":"auto","background-attachment":"scroll","background-type":"","background-media":"","overlay-type":"","overlay-color":"","overlay-gradient":""},"tablet":{"background-color":"","background-image":"","background-repeat":"repeat","background-position":"center center","background-size":"auto","background-attachment":"scroll","background-type":"","background-media":"","overlay-type":"","overlay-color":"","overlay-gradient":""},"mobile":{"background-color":"","background-image":"","background-repeat":"repeat","background-position":"center center","background-size":"auto","background-attachment":"scroll","background-type":"","background-media":"","overlay-type":"","overlay-color":"","overlay-gradient":""}},"ast-content-background-meta":{"desktop":{"background-color":"var(--ast-global-color-5)","background-image":"","background-repeat":"repeat","background-position":"center center","background-size":"auto","background-attachment":"scroll","background-type":"","background-media":"","overlay-type":"","overlay-color":"","overlay-gradient":""},"tablet":{"background-color":"var(--ast-global-color-5)","background-image":"","background-repeat":"repeat","background-position":"center center","background-size":"auto","background-attachment":"scroll","background-type":"","background-media":"","overlay-type":"","overlay-color":"","overlay-gradient":""},"mobile":{"background-color":"var(--ast-global-color-5)","background-image":"","background-repeat":"repeat","background-position":"center center","background-size":"auto","background-attachment":"scroll","background-type":"","background-media":"","overlay-type":"","overlay-color":"","overlay-gradient":""}},"footnotes":""},"class_list":["post-17","page","type-page","status-publish","hentry"],"acf":[],"yoast_head":"<!-- This site is optimized with the Yoast SEO plugin v27.5 - https:\/\/yoast.com\/product\/yoast-seo-wordpress\/ -->\n<title>Axial gespannte Blockwalzen - Kark GmbH<\/title>\n<meta name=\"robots\" content=\"index, follow, max-snippet:-1, max-image-preview:large, max-video-preview:-1\" \/>\n<link rel=\"canonical\" href=\"https:\/\/www.kark.de\/cms\/walzwerkstechnik\/axial-gespannte-blockwalzen\/\" \/>\n<meta property=\"og:locale\" content=\"de_DE\" \/>\n<meta property=\"og:type\" content=\"article\" \/>\n<meta property=\"og:title\" content=\"Axial gespannte Blockwalzen - Kark GmbH\" \/>\n<meta property=\"og:description\" content=\"KAFIX AF f\u00fcr fliegende Ger\u00fcste setzt einen neuen Standard bei Spannsystemen f\u00fcr Block- und Cantileverger\u00fcste. Bew\u00e4hrte Vorteile wie einfache Handhabung, verbesserte Performance und reduzierte Walzringkosten machen unsere Cantilever Wellen zur ersten Wahl f\u00fcr Ihre Walzstra\u00dfe. Walzringbreite um bis zu 40% geringer als bei anderen Systemen bedienerfreundlicher, sicherer und schneller Walzringwechsel verbesserte Ma\u00dfhaltigkeit und Oberfl\u00e4cheng\u00fcte des [&hellip;]\" \/>\n<meta property=\"og:url\" content=\"https:\/\/www.kark.de\/cms\/walzwerkstechnik\/axial-gespannte-blockwalzen\/\" \/>\n<meta property=\"og:site_name\" content=\"Kark GmbH\" \/>\n<meta property=\"article:modified_time\" content=\"2021-12-13T11:09:05+00:00\" \/>\n<meta name=\"twitter:card\" content=\"summary_large_image\" \/>\n<script type=\"application\/ld+json\" class=\"yoast-schema-graph\">{\"@context\":\"https:\\\/\\\/schema.org\",\"@graph\":[{\"@type\":\"WebPage\",\"@id\":\"https:\\\/\\\/www.kark.de\\\/cms\\\/walzwerkstechnik\\\/axial-gespannte-blockwalzen\\\/\",\"url\":\"https:\\\/\\\/www.kark.de\\\/cms\\\/walzwerkstechnik\\\/axial-gespannte-blockwalzen\\\/\",\"name\":\"Axial gespannte Blockwalzen - Kark GmbH\",\"isPartOf\":{\"@id\":\"https:\\\/\\\/www.kark.de\\\/cms\\\/#website\"},\"datePublished\":\"2010-12-21T12:09:08+00:00\",\"dateModified\":\"2021-12-13T11:09:05+00:00\",\"breadcrumb\":{\"@id\":\"https:\\\/\\\/www.kark.de\\\/cms\\\/walzwerkstechnik\\\/axial-gespannte-blockwalzen\\\/#breadcrumb\"},\"inLanguage\":\"de\",\"potentialAction\":[{\"@type\":\"ReadAction\",\"target\":[\"https:\\\/\\\/www.kark.de\\\/cms\\\/walzwerkstechnik\\\/axial-gespannte-blockwalzen\\\/\"]}]},{\"@type\":\"BreadcrumbList\",\"@id\":\"https:\\\/\\\/www.kark.de\\\/cms\\\/walzwerkstechnik\\\/axial-gespannte-blockwalzen\\\/#breadcrumb\",\"itemListElement\":[{\"@type\":\"ListItem\",\"position\":1,\"name\":\"Startseite\",\"item\":\"https:\\\/\\\/www.kark.de\\\/cms\\\/\"},{\"@type\":\"ListItem\",\"position\":2,\"name\":\"Walzwerkstechnik\",\"item\":\"https:\\\/\\\/www.kark.de\\\/cms\\\/walzwerkstechnik\\\/\"},{\"@type\":\"ListItem\",\"position\":3,\"name\":\"Axial gespannte Blockwalzen\"}]},{\"@type\":\"WebSite\",\"@id\":\"https:\\\/\\\/www.kark.de\\\/cms\\\/#website\",\"url\":\"https:\\\/\\\/www.kark.de\\\/cms\\\/\",\"name\":\"Kark GmbH\",\"description\":\"Eine Website der Kark GmbH\",\"potentialAction\":[{\"@type\":\"SearchAction\",\"target\":{\"@type\":\"EntryPoint\",\"urlTemplate\":\"https:\\\/\\\/www.kark.de\\\/cms\\\/?s={search_term_string}\"},\"query-input\":{\"@type\":\"PropertyValueSpecification\",\"valueRequired\":true,\"valueName\":\"search_term_string\"}}],\"inLanguage\":\"de\"}]}<\/script>\n<!-- \/ Yoast SEO plugin. -->","yoast_head_json":{"title":"Axial gespannte Blockwalzen - Kark GmbH","robots":{"index":"index","follow":"follow","max-snippet":"max-snippet:-1","max-image-preview":"max-image-preview:large","max-video-preview":"max-video-preview:-1"},"canonical":"https:\/\/www.kark.de\/cms\/walzwerkstechnik\/axial-gespannte-blockwalzen\/","og_locale":"de_DE","og_type":"article","og_title":"Axial gespannte Blockwalzen - Kark GmbH","og_description":"KAFIX AF f\u00fcr fliegende Ger\u00fcste setzt einen neuen Standard bei Spannsystemen f\u00fcr Block- und Cantileverger\u00fcste. Bew\u00e4hrte Vorteile wie einfache Handhabung, verbesserte Performance und reduzierte Walzringkosten machen unsere Cantilever Wellen zur ersten Wahl f\u00fcr Ihre Walzstra\u00dfe. Walzringbreite um bis zu 40% geringer als bei anderen Systemen bedienerfreundlicher, sicherer und schneller Walzringwechsel verbesserte Ma\u00dfhaltigkeit und Oberfl\u00e4cheng\u00fcte des [&hellip;]","og_url":"https:\/\/www.kark.de\/cms\/walzwerkstechnik\/axial-gespannte-blockwalzen\/","og_site_name":"Kark GmbH","article_modified_time":"2021-12-13T11:09:05+00:00","twitter_card":"summary_large_image","schema":{"@context":"https:\/\/schema.org","@graph":[{"@type":"WebPage","@id":"https:\/\/www.kark.de\/cms\/walzwerkstechnik\/axial-gespannte-blockwalzen\/","url":"https:\/\/www.kark.de\/cms\/walzwerkstechnik\/axial-gespannte-blockwalzen\/","name":"Axial gespannte Blockwalzen - Kark GmbH","isPartOf":{"@id":"https:\/\/www.kark.de\/cms\/#website"},"datePublished":"2010-12-21T12:09:08+00:00","dateModified":"2021-12-13T11:09:05+00:00","breadcrumb":{"@id":"https:\/\/www.kark.de\/cms\/walzwerkstechnik\/axial-gespannte-blockwalzen\/#breadcrumb"},"inLanguage":"de","potentialAction":[{"@type":"ReadAction","target":["https:\/\/www.kark.de\/cms\/walzwerkstechnik\/axial-gespannte-blockwalzen\/"]}]},{"@type":"BreadcrumbList","@id":"https:\/\/www.kark.de\/cms\/walzwerkstechnik\/axial-gespannte-blockwalzen\/#breadcrumb","itemListElement":[{"@type":"ListItem","position":1,"name":"Startseite","item":"https:\/\/www.kark.de\/cms\/"},{"@type":"ListItem","position":2,"name":"Walzwerkstechnik","item":"https:\/\/www.kark.de\/cms\/walzwerkstechnik\/"},{"@type":"ListItem","position":3,"name":"Axial gespannte Blockwalzen"}]},{"@type":"WebSite","@id":"https:\/\/www.kark.de\/cms\/#website","url":"https:\/\/www.kark.de\/cms\/","name":"Kark GmbH","description":"Eine Website der Kark GmbH","potentialAction":[{"@type":"SearchAction","target":{"@type":"EntryPoint","urlTemplate":"https:\/\/www.kark.de\/cms\/?s={search_term_string}"},"query-input":{"@type":"PropertyValueSpecification","valueRequired":true,"valueName":"search_term_string"}}],"inLanguage":"de"}]}},"_links":{"self":[{"href":"https:\/\/www.kark.de\/cms\/wp-json\/wp\/v2\/pages\/17","targetHints":{"allow":["GET"]}}],"collection":[{"href":"https:\/\/www.kark.de\/cms\/wp-json\/wp\/v2\/pages"}],"about":[{"href":"https:\/\/www.kark.de\/cms\/wp-json\/wp\/v2\/types\/page"}],"author":[{"embeddable":true,"href":"https:\/\/www.kark.de\/cms\/wp-json\/wp\/v2\/users\/1"}],"replies":[{"embeddable":true,"href":"https:\/\/www.kark.de\/cms\/wp-json\/wp\/v2\/comments?post=17"}],"version-history":[{"count":5,"href":"https:\/\/www.kark.de\/cms\/wp-json\/wp\/v2\/pages\/17\/revisions"}],"predecessor-version":[{"id":2290,"href":"https:\/\/www.kark.de\/cms\/wp-json\/wp\/v2\/pages\/17\/revisions\/2290"}],"up":[{"embeddable":true,"href":"https:\/\/www.kark.de\/cms\/wp-json\/wp\/v2\/pages\/1604"}],"wp:attachment":[{"href":"https:\/\/www.kark.de\/cms\/wp-json\/wp\/v2\/media?parent=17"}],"curies":[{"name":"wp","href":"https:\/\/api.w.org\/{rel}","templated":true}]}}