{"id":16,"date":"2010-12-21T13:07:51","date_gmt":"2010-12-21T12:07:51","guid":{"rendered":"http:\/\/kark.de\/wordpress\/verbundwalzen-fuer-warmwalzwerke\/"},"modified":"2021-12-14T14:36:17","modified_gmt":"2021-12-14T13:36:17","slug":"verbundwalzen-fuer-warmwalzwerke","status":"publish","type":"page","link":"https:\/\/www.kark.de\/cms\/walzwerkstechnik\/verbundwalzen-fuer-warmwalzwerke\/","title":{"rendered":"Verbundwalzen f\u00fcr Warmwalzwerke"},"content":{"rendered":"<p>Mit \u00fcber tausend verkauften Spannsystemen und 40Jahren Erfahrung, ist Kark einer der weltweit f\u00fchrenden Hersteller von Verbundwalzwellen. Unser Ziel ist es, mit einem der zuverl\u00e4ssigsten Spannsysteme, die Verf\u00fcgbarkeit Ihrer Walzstra\u00dfe zu maximieren. Da wir kein Hersteller von Hartmetallwalzringen sind, reduzieren wir die Walzringma\u00dfe auf eine wirtschaftlich sinnvolle Gr\u00f6\u00dfe. Unsere Spannsysteme werden individuell nach Ihren Produktionsanforderungen und den Bedingungen Ihrer Walzstra\u00dfe konstruiert und bei uns in Hamburg gefertigt. Wir verwenden ausschlie\u00dflich hochwertige Materialien und Fertigungstechnologien.<\/p>\n<ul>\n<li>erhebliche Reduzierung der Stillstandszeiten (Kaliberwechselzeiten)<\/li>\n<li>bis zu 20-fache Standzeit gegen\u00fcber Gusswalzen<\/li>\n<li>ausschlie\u00dflich axiale Walzringspannung, KEINE Radialkr\u00e4fte<\/li>\n<li>verf\u00fcgbar f\u00fcr ein- und mehradrige Walzstra\u00dfen<\/li>\n<li>schnelle und einfache Montage und Demontage der Walzen in Ihrer Walzenwerkstatt<\/li>\n<li>deutlich verbesserte Ma\u00dfhaltigkeit und Oberfl\u00e4cheng\u00fcte des Walzproduktes<\/li>\n<li>das gesamte Spannsystem ist aus Edelstahl gefertigt<\/li>\n<li>ISO 9001-zertifizierter Herstellungsprozess<\/li>\n<\/ul>\n<p><a href=\"\/cms\/wp-content\/uploads\/KAFIX_Composite_Roll-1.pdf\" target=\"_blank\" rel=\"noopener\">Flyer herunterladen<\/a><\/p>\n","protected":false},"excerpt":{"rendered":"<p>Mit \u00fcber tausend verkauften Spannsystemen und 40Jahren Erfahrung, ist Kark einer der weltweit f\u00fchrenden Hersteller von Verbundwalzwellen. Unser Ziel ist es, mit einem der zuverl\u00e4ssigsten Spannsysteme, die Verf\u00fcgbarkeit Ihrer Walzstra\u00dfe zu maximieren. Da wir kein Hersteller von Hartmetallwalzringen sind, reduzieren wir die Walzringma\u00dfe auf eine wirtschaftlich sinnvolle Gr\u00f6\u00dfe. Unsere Spannsysteme werden individuell nach Ihren Produktionsanforderungen [&hellip;]<\/p>\n","protected":false},"author":1,"featured_media":0,"parent":1604,"menu_order":8,"comment_status":"closed","ping_status":"closed","template":"","meta":{"_acf_changed":false,"site-sidebar-layout":"default","site-content-layout":"default","ast-site-content-layout":"","site-content-style":"default","site-sidebar-style":"default","ast-global-header-display":"","ast-banner-title-visibility":"","ast-main-header-display":"","ast-hfb-above-header-display":"","ast-hfb-below-header-display":"","ast-hfb-mobile-header-display":"","site-post-title":"","ast-breadcrumbs-content":"","ast-featured-img":"","footer-sml-layout":"","theme-transparent-header-meta":"default","adv-header-id-meta":"","stick-header-meta":"","header-above-stick-meta":"","header-main-stick-meta":"","header-below-stick-meta":"","astra-migrate-meta-layouts":"default","ast-page-background-enabled":"default","ast-page-background-meta":{"desktop":{"background-color":"","background-image":"","background-repeat":"repeat","background-position":"center center","background-size":"auto","background-attachment":"scroll","background-type":"","background-media":"","overlay-type":"","overlay-color":"","overlay-gradient":""},"tablet":{"background-color":"","background-image":"","background-repeat":"repeat","background-position":"center center","background-size":"auto","background-attachment":"scroll","background-type":"","background-media":"","overlay-type":"","overlay-color":"","overlay-gradient":""},"mobile":{"background-color":"","background-image":"","background-repeat":"repeat","background-position":"center center","background-size":"auto","background-attachment":"scroll","background-type":"","background-media":"","overlay-type":"","overlay-color":"","overlay-gradient":""}},"ast-content-background-meta":{"desktop":{"background-color":"var(--ast-global-color-5)","background-image":"","background-repeat":"repeat","background-position":"center center","background-size":"auto","background-attachment":"scroll","background-type":"","background-media":"","overlay-type":"","overlay-color":"","overlay-gradient":""},"tablet":{"background-color":"var(--ast-global-color-5)","background-image":"","background-repeat":"repeat","background-position":"center center","background-size":"auto","background-attachment":"scroll","background-type":"","background-media":"","overlay-type":"","overlay-color":"","overlay-gradient":""},"mobile":{"background-color":"var(--ast-global-color-5)","background-image":"","background-repeat":"repeat","background-position":"center center","background-size":"auto","background-attachment":"scroll","background-type":"","background-media":"","overlay-type":"","overlay-color":"","overlay-gradient":""}},"footnotes":""},"class_list":["post-16","page","type-page","status-publish","hentry"],"acf":[],"yoast_head":"<!-- This site is optimized with the Yoast SEO plugin v27.5 - https:\/\/yoast.com\/product\/yoast-seo-wordpress\/ -->\n<title>Verbundwalzen f\u00fcr Warmwalzwerke - Kark GmbH<\/title>\n<meta name=\"robots\" content=\"index, follow, max-snippet:-1, max-image-preview:large, max-video-preview:-1\" \/>\n<link rel=\"canonical\" href=\"https:\/\/www.kark.de\/cms\/walzwerkstechnik\/verbundwalzen-fuer-warmwalzwerke\/\" \/>\n<meta property=\"og:locale\" content=\"de_DE\" \/>\n<meta property=\"og:type\" content=\"article\" \/>\n<meta property=\"og:title\" content=\"Verbundwalzen f\u00fcr Warmwalzwerke - Kark GmbH\" \/>\n<meta property=\"og:description\" content=\"Mit \u00fcber tausend verkauften Spannsystemen und 40Jahren Erfahrung, ist Kark einer der weltweit f\u00fchrenden Hersteller von Verbundwalzwellen. Unser Ziel ist es, mit einem der zuverl\u00e4ssigsten Spannsysteme, die Verf\u00fcgbarkeit Ihrer Walzstra\u00dfe zu maximieren. Da wir kein Hersteller von Hartmetallwalzringen sind, reduzieren wir die Walzringma\u00dfe auf eine wirtschaftlich sinnvolle Gr\u00f6\u00dfe. Unsere Spannsysteme werden individuell nach Ihren Produktionsanforderungen [&hellip;]\" \/>\n<meta property=\"og:url\" content=\"https:\/\/www.kark.de\/cms\/walzwerkstechnik\/verbundwalzen-fuer-warmwalzwerke\/\" \/>\n<meta property=\"og:site_name\" content=\"Kark GmbH\" \/>\n<meta property=\"article:modified_time\" content=\"2021-12-14T13:36:17+00:00\" \/>\n<meta name=\"twitter:card\" content=\"summary_large_image\" \/>\n<meta name=\"twitter:label1\" content=\"Gesch\u00e4tzte Lesezeit\" \/>\n\t<meta name=\"twitter:data1\" content=\"1\u00a0Minute\" \/>\n<script type=\"application\/ld+json\" class=\"yoast-schema-graph\">{\"@context\":\"https:\\\/\\\/schema.org\",\"@graph\":[{\"@type\":\"WebPage\",\"@id\":\"https:\\\/\\\/www.kark.de\\\/cms\\\/walzwerkstechnik\\\/verbundwalzen-fuer-warmwalzwerke\\\/\",\"url\":\"https:\\\/\\\/www.kark.de\\\/cms\\\/walzwerkstechnik\\\/verbundwalzen-fuer-warmwalzwerke\\\/\",\"name\":\"Verbundwalzen f\u00fcr Warmwalzwerke - Kark GmbH\",\"isPartOf\":{\"@id\":\"https:\\\/\\\/www.kark.de\\\/cms\\\/#website\"},\"datePublished\":\"2010-12-21T12:07:51+00:00\",\"dateModified\":\"2021-12-14T13:36:17+00:00\",\"breadcrumb\":{\"@id\":\"https:\\\/\\\/www.kark.de\\\/cms\\\/walzwerkstechnik\\\/verbundwalzen-fuer-warmwalzwerke\\\/#breadcrumb\"},\"inLanguage\":\"de\",\"potentialAction\":[{\"@type\":\"ReadAction\",\"target\":[\"https:\\\/\\\/www.kark.de\\\/cms\\\/walzwerkstechnik\\\/verbundwalzen-fuer-warmwalzwerke\\\/\"]}]},{\"@type\":\"BreadcrumbList\",\"@id\":\"https:\\\/\\\/www.kark.de\\\/cms\\\/walzwerkstechnik\\\/verbundwalzen-fuer-warmwalzwerke\\\/#breadcrumb\",\"itemListElement\":[{\"@type\":\"ListItem\",\"position\":1,\"name\":\"Startseite\",\"item\":\"https:\\\/\\\/www.kark.de\\\/cms\\\/\"},{\"@type\":\"ListItem\",\"position\":2,\"name\":\"Walzwerkstechnik\",\"item\":\"https:\\\/\\\/www.kark.de\\\/cms\\\/walzwerkstechnik\\\/\"},{\"@type\":\"ListItem\",\"position\":3,\"name\":\"Verbundwalzen f\u00fcr Warmwalzwerke\"}]},{\"@type\":\"WebSite\",\"@id\":\"https:\\\/\\\/www.kark.de\\\/cms\\\/#website\",\"url\":\"https:\\\/\\\/www.kark.de\\\/cms\\\/\",\"name\":\"Kark GmbH\",\"description\":\"Eine Website der Kark GmbH\",\"potentialAction\":[{\"@type\":\"SearchAction\",\"target\":{\"@type\":\"EntryPoint\",\"urlTemplate\":\"https:\\\/\\\/www.kark.de\\\/cms\\\/?s={search_term_string}\"},\"query-input\":{\"@type\":\"PropertyValueSpecification\",\"valueRequired\":true,\"valueName\":\"search_term_string\"}}],\"inLanguage\":\"de\"}]}<\/script>\n<!-- \/ Yoast SEO plugin. -->","yoast_head_json":{"title":"Verbundwalzen f\u00fcr Warmwalzwerke - Kark GmbH","robots":{"index":"index","follow":"follow","max-snippet":"max-snippet:-1","max-image-preview":"max-image-preview:large","max-video-preview":"max-video-preview:-1"},"canonical":"https:\/\/www.kark.de\/cms\/walzwerkstechnik\/verbundwalzen-fuer-warmwalzwerke\/","og_locale":"de_DE","og_type":"article","og_title":"Verbundwalzen f\u00fcr Warmwalzwerke - Kark GmbH","og_description":"Mit \u00fcber tausend verkauften Spannsystemen und 40Jahren Erfahrung, ist Kark einer der weltweit f\u00fchrenden Hersteller von Verbundwalzwellen. Unser Ziel ist es, mit einem der zuverl\u00e4ssigsten Spannsysteme, die Verf\u00fcgbarkeit Ihrer Walzstra\u00dfe zu maximieren. Da wir kein Hersteller von Hartmetallwalzringen sind, reduzieren wir die Walzringma\u00dfe auf eine wirtschaftlich sinnvolle Gr\u00f6\u00dfe. Unsere Spannsysteme werden individuell nach Ihren Produktionsanforderungen [&hellip;]","og_url":"https:\/\/www.kark.de\/cms\/walzwerkstechnik\/verbundwalzen-fuer-warmwalzwerke\/","og_site_name":"Kark GmbH","article_modified_time":"2021-12-14T13:36:17+00:00","twitter_card":"summary_large_image","twitter_misc":{"Gesch\u00e4tzte Lesezeit":"1\u00a0Minute"},"schema":{"@context":"https:\/\/schema.org","@graph":[{"@type":"WebPage","@id":"https:\/\/www.kark.de\/cms\/walzwerkstechnik\/verbundwalzen-fuer-warmwalzwerke\/","url":"https:\/\/www.kark.de\/cms\/walzwerkstechnik\/verbundwalzen-fuer-warmwalzwerke\/","name":"Verbundwalzen f\u00fcr Warmwalzwerke - Kark GmbH","isPartOf":{"@id":"https:\/\/www.kark.de\/cms\/#website"},"datePublished":"2010-12-21T12:07:51+00:00","dateModified":"2021-12-14T13:36:17+00:00","breadcrumb":{"@id":"https:\/\/www.kark.de\/cms\/walzwerkstechnik\/verbundwalzen-fuer-warmwalzwerke\/#breadcrumb"},"inLanguage":"de","potentialAction":[{"@type":"ReadAction","target":["https:\/\/www.kark.de\/cms\/walzwerkstechnik\/verbundwalzen-fuer-warmwalzwerke\/"]}]},{"@type":"BreadcrumbList","@id":"https:\/\/www.kark.de\/cms\/walzwerkstechnik\/verbundwalzen-fuer-warmwalzwerke\/#breadcrumb","itemListElement":[{"@type":"ListItem","position":1,"name":"Startseite","item":"https:\/\/www.kark.de\/cms\/"},{"@type":"ListItem","position":2,"name":"Walzwerkstechnik","item":"https:\/\/www.kark.de\/cms\/walzwerkstechnik\/"},{"@type":"ListItem","position":3,"name":"Verbundwalzen f\u00fcr Warmwalzwerke"}]},{"@type":"WebSite","@id":"https:\/\/www.kark.de\/cms\/#website","url":"https:\/\/www.kark.de\/cms\/","name":"Kark GmbH","description":"Eine Website der Kark GmbH","potentialAction":[{"@type":"SearchAction","target":{"@type":"EntryPoint","urlTemplate":"https:\/\/www.kark.de\/cms\/?s={search_term_string}"},"query-input":{"@type":"PropertyValueSpecification","valueRequired":true,"valueName":"search_term_string"}}],"inLanguage":"de"}]}},"_links":{"self":[{"href":"https:\/\/www.kark.de\/cms\/wp-json\/wp\/v2\/pages\/16","targetHints":{"allow":["GET"]}}],"collection":[{"href":"https:\/\/www.kark.de\/cms\/wp-json\/wp\/v2\/pages"}],"about":[{"href":"https:\/\/www.kark.de\/cms\/wp-json\/wp\/v2\/types\/page"}],"author":[{"embeddable":true,"href":"https:\/\/www.kark.de\/cms\/wp-json\/wp\/v2\/users\/1"}],"replies":[{"embeddable":true,"href":"https:\/\/www.kark.de\/cms\/wp-json\/wp\/v2\/comments?post=16"}],"version-history":[{"count":10,"href":"https:\/\/www.kark.de\/cms\/wp-json\/wp\/v2\/pages\/16\/revisions"}],"predecessor-version":[{"id":2443,"href":"https:\/\/www.kark.de\/cms\/wp-json\/wp\/v2\/pages\/16\/revisions\/2443"}],"up":[{"embeddable":true,"href":"https:\/\/www.kark.de\/cms\/wp-json\/wp\/v2\/pages\/1604"}],"wp:attachment":[{"href":"https:\/\/www.kark.de\/cms\/wp-json\/wp\/v2\/media?parent=16"}],"curies":[{"name":"wp","href":"https:\/\/api.w.org\/{rel}","templated":true}]}}