{"id":14,"date":"2010-12-16T16:17:30","date_gmt":"2010-12-16T15:17:30","guid":{"rendered":"http:\/\/kark.de\/wordpress\/aluminium-elektrodentragarme\/"},"modified":"2021-12-13T12:06:14","modified_gmt":"2021-12-13T11:06:14","slug":"aluminium-elektrodentragarme","status":"publish","type":"page","link":"https:\/\/www.kark.de\/cms\/stahlwerkstechnik\/aluminium-elektrodentragarme\/","title":{"rendered":"Stromf\u00fchrende Aluminium-Elektrodentragarme"},"content":{"rendered":"<p>Wir haben den ersten Aluminiumtragarm f\u00fcr einen UHP Elektroofen entwickelt und gebaut. Mit der abnehmbaren Elektrodenfassung haben wir einen wichtigen Schritt zur Senkung der Wartungskosten und Ausfallzeiten gemacht. Mit mehr als 90 hergestellten und ausgelieferten S\u00e4tzen sind wir einer der Marktf\u00fchrer.<\/p>\n<p>Unsere Aluminiumtragarme werden speziell f\u00fcr Ihren Ofen konstruiert, in Deutschland entwickelt und gebaut.<\/p>\n<ul>\n<li style=\"list-style-type: none;\">\n<ul>\n<li>verf\u00fcgbar f\u00fcr Gleich- und Wechselstrom\u00f6fen<\/li>\n<li>standardisierte auswechselbare Elektrodenfassung<\/li>\n<li>deutliche Reduzierung der Magnetfelder, stabilerer Lichtbogen<\/li>\n<li>erheblich reduzierte Unterhalts- und Wartungskosten<\/li>\n<li>reduzierter Strom- und Elektrodenverbrauch pro Tonne<\/li>\n<li>schnelleres und leichteres Ansprechen des Elektrodenhubsystems<\/li>\n<li>Gewichtsreduzierung gegen\u00fcber herk\u00f6mmlichen Elektrodentragarmen um bis zu 50%<\/li>\n<li>wirkungsvolle integrierte Wasserk\u00fchlung mit je einem Zu- und Ablauf<\/li>\n<li>keine besonderen Anforderungen an das K\u00fchlwasser<\/li>\n<li>kurze Kapitalr\u00fccklaufzeit<\/li>\n<li>zukunftsweisende Technologie von KARK<\/li>\n<\/ul>\n<\/li>\n<\/ul>\n","protected":false},"excerpt":{"rendered":"<p>Wir haben den ersten Aluminiumtragarm f\u00fcr einen UHP Elektroofen entwickelt und gebaut. Mit der abnehmbaren Elektrodenfassung haben wir einen wichtigen Schritt zur Senkung der Wartungskosten und Ausfallzeiten gemacht. Mit mehr als 90 hergestellten und ausgelieferten S\u00e4tzen sind wir einer der Marktf\u00fchrer. Unsere Aluminiumtragarme werden speziell f\u00fcr Ihren Ofen konstruiert, in Deutschland entwickelt und gebaut. verf\u00fcgbar [&hellip;]<\/p>\n","protected":false},"author":1,"featured_media":0,"parent":48,"menu_order":10,"comment_status":"closed","ping_status":"closed","template":"","meta":{"_acf_changed":false,"site-sidebar-layout":"default","site-content-layout":"default","ast-site-content-layout":"","site-content-style":"default","site-sidebar-style":"default","ast-global-header-display":"","ast-banner-title-visibility":"","ast-main-header-display":"","ast-hfb-above-header-display":"","ast-hfb-below-header-display":"","ast-hfb-mobile-header-display":"","site-post-title":"","ast-breadcrumbs-content":"","ast-featured-img":"","footer-sml-layout":"","theme-transparent-header-meta":"default","adv-header-id-meta":"","stick-header-meta":"","header-above-stick-meta":"","header-main-stick-meta":"","header-below-stick-meta":"","astra-migrate-meta-layouts":"default","ast-page-background-enabled":"default","ast-page-background-meta":{"desktop":{"background-color":"","background-image":"","background-repeat":"repeat","background-position":"center center","background-size":"auto","background-attachment":"scroll","background-type":"","background-media":"","overlay-type":"","overlay-color":"","overlay-gradient":""},"tablet":{"background-color":"","background-image":"","background-repeat":"repeat","background-position":"center center","background-size":"auto","background-attachment":"scroll","background-type":"","background-media":"","overlay-type":"","overlay-color":"","overlay-gradient":""},"mobile":{"background-color":"","background-image":"","background-repeat":"repeat","background-position":"center center","background-size":"auto","background-attachment":"scroll","background-type":"","background-media":"","overlay-type":"","overlay-color":"","overlay-gradient":""}},"ast-content-background-meta":{"desktop":{"background-color":"var(--ast-global-color-5)","background-image":"","background-repeat":"repeat","background-position":"center center","background-size":"auto","background-attachment":"scroll","background-type":"","background-media":"","overlay-type":"","overlay-color":"","overlay-gradient":""},"tablet":{"background-color":"var(--ast-global-color-5)","background-image":"","background-repeat":"repeat","background-position":"center center","background-size":"auto","background-attachment":"scroll","background-type":"","background-media":"","overlay-type":"","overlay-color":"","overlay-gradient":""},"mobile":{"background-color":"var(--ast-global-color-5)","background-image":"","background-repeat":"repeat","background-position":"center center","background-size":"auto","background-attachment":"scroll","background-type":"","background-media":"","overlay-type":"","overlay-color":"","overlay-gradient":""}},"footnotes":""},"class_list":["post-14","page","type-page","status-publish","hentry"],"acf":[],"yoast_head":"<!-- This site is optimized with the Yoast SEO plugin v27.5 - https:\/\/yoast.com\/product\/yoast-seo-wordpress\/ -->\n<title>Stromf\u00fchrende Aluminium-Elektrodentragarme - Kark GmbH<\/title>\n<meta name=\"robots\" content=\"index, follow, max-snippet:-1, max-image-preview:large, max-video-preview:-1\" \/>\n<link rel=\"canonical\" href=\"https:\/\/www.kark.de\/cms\/stahlwerkstechnik\/aluminium-elektrodentragarme\/\" \/>\n<meta property=\"og:locale\" content=\"de_DE\" \/>\n<meta property=\"og:type\" content=\"article\" \/>\n<meta property=\"og:title\" content=\"Stromf\u00fchrende Aluminium-Elektrodentragarme - Kark GmbH\" \/>\n<meta property=\"og:description\" content=\"Wir haben den ersten Aluminiumtragarm f\u00fcr einen UHP Elektroofen entwickelt und gebaut. Mit der abnehmbaren Elektrodenfassung haben wir einen wichtigen Schritt zur Senkung der Wartungskosten und Ausfallzeiten gemacht. Mit mehr als 90 hergestellten und ausgelieferten S\u00e4tzen sind wir einer der Marktf\u00fchrer. Unsere Aluminiumtragarme werden speziell f\u00fcr Ihren Ofen konstruiert, in Deutschland entwickelt und gebaut. verf\u00fcgbar [&hellip;]\" \/>\n<meta property=\"og:url\" content=\"https:\/\/www.kark.de\/cms\/stahlwerkstechnik\/aluminium-elektrodentragarme\/\" \/>\n<meta property=\"og:site_name\" content=\"Kark GmbH\" \/>\n<meta property=\"article:modified_time\" content=\"2021-12-13T11:06:14+00:00\" \/>\n<meta name=\"twitter:card\" content=\"summary_large_image\" \/>\n<meta name=\"twitter:label1\" content=\"Gesch\u00e4tzte Lesezeit\" \/>\n\t<meta name=\"twitter:data1\" content=\"1\u00a0Minute\" \/>\n<script type=\"application\/ld+json\" class=\"yoast-schema-graph\">{\"@context\":\"https:\\\/\\\/schema.org\",\"@graph\":[{\"@type\":\"WebPage\",\"@id\":\"https:\\\/\\\/www.kark.de\\\/cms\\\/stahlwerkstechnik\\\/aluminium-elektrodentragarme\\\/\",\"url\":\"https:\\\/\\\/www.kark.de\\\/cms\\\/stahlwerkstechnik\\\/aluminium-elektrodentragarme\\\/\",\"name\":\"Stromf\u00fchrende Aluminium-Elektrodentragarme - Kark GmbH\",\"isPartOf\":{\"@id\":\"https:\\\/\\\/www.kark.de\\\/cms\\\/#website\"},\"datePublished\":\"2010-12-16T15:17:30+00:00\",\"dateModified\":\"2021-12-13T11:06:14+00:00\",\"breadcrumb\":{\"@id\":\"https:\\\/\\\/www.kark.de\\\/cms\\\/stahlwerkstechnik\\\/aluminium-elektrodentragarme\\\/#breadcrumb\"},\"inLanguage\":\"de\",\"potentialAction\":[{\"@type\":\"ReadAction\",\"target\":[\"https:\\\/\\\/www.kark.de\\\/cms\\\/stahlwerkstechnik\\\/aluminium-elektrodentragarme\\\/\"]}]},{\"@type\":\"BreadcrumbList\",\"@id\":\"https:\\\/\\\/www.kark.de\\\/cms\\\/stahlwerkstechnik\\\/aluminium-elektrodentragarme\\\/#breadcrumb\",\"itemListElement\":[{\"@type\":\"ListItem\",\"position\":1,\"name\":\"Startseite\",\"item\":\"https:\\\/\\\/www.kark.de\\\/cms\\\/\"},{\"@type\":\"ListItem\",\"position\":2,\"name\":\"Stahlwerkstechnik\",\"item\":\"https:\\\/\\\/www.kark.de\\\/cms\\\/stahlwerkstechnik\\\/\"},{\"@type\":\"ListItem\",\"position\":3,\"name\":\"Stromf\u00fchrende Aluminium-Elektrodentragarme\"}]},{\"@type\":\"WebSite\",\"@id\":\"https:\\\/\\\/www.kark.de\\\/cms\\\/#website\",\"url\":\"https:\\\/\\\/www.kark.de\\\/cms\\\/\",\"name\":\"Kark GmbH\",\"description\":\"Eine Website der Kark GmbH\",\"potentialAction\":[{\"@type\":\"SearchAction\",\"target\":{\"@type\":\"EntryPoint\",\"urlTemplate\":\"https:\\\/\\\/www.kark.de\\\/cms\\\/?s={search_term_string}\"},\"query-input\":{\"@type\":\"PropertyValueSpecification\",\"valueRequired\":true,\"valueName\":\"search_term_string\"}}],\"inLanguage\":\"de\"}]}<\/script>\n<!-- \/ Yoast SEO plugin. -->","yoast_head_json":{"title":"Stromf\u00fchrende Aluminium-Elektrodentragarme - Kark GmbH","robots":{"index":"index","follow":"follow","max-snippet":"max-snippet:-1","max-image-preview":"max-image-preview:large","max-video-preview":"max-video-preview:-1"},"canonical":"https:\/\/www.kark.de\/cms\/stahlwerkstechnik\/aluminium-elektrodentragarme\/","og_locale":"de_DE","og_type":"article","og_title":"Stromf\u00fchrende Aluminium-Elektrodentragarme - Kark GmbH","og_description":"Wir haben den ersten Aluminiumtragarm f\u00fcr einen UHP Elektroofen entwickelt und gebaut. Mit der abnehmbaren Elektrodenfassung haben wir einen wichtigen Schritt zur Senkung der Wartungskosten und Ausfallzeiten gemacht. Mit mehr als 90 hergestellten und ausgelieferten S\u00e4tzen sind wir einer der Marktf\u00fchrer. Unsere Aluminiumtragarme werden speziell f\u00fcr Ihren Ofen konstruiert, in Deutschland entwickelt und gebaut. verf\u00fcgbar [&hellip;]","og_url":"https:\/\/www.kark.de\/cms\/stahlwerkstechnik\/aluminium-elektrodentragarme\/","og_site_name":"Kark GmbH","article_modified_time":"2021-12-13T11:06:14+00:00","twitter_card":"summary_large_image","twitter_misc":{"Gesch\u00e4tzte Lesezeit":"1\u00a0Minute"},"schema":{"@context":"https:\/\/schema.org","@graph":[{"@type":"WebPage","@id":"https:\/\/www.kark.de\/cms\/stahlwerkstechnik\/aluminium-elektrodentragarme\/","url":"https:\/\/www.kark.de\/cms\/stahlwerkstechnik\/aluminium-elektrodentragarme\/","name":"Stromf\u00fchrende Aluminium-Elektrodentragarme - Kark GmbH","isPartOf":{"@id":"https:\/\/www.kark.de\/cms\/#website"},"datePublished":"2010-12-16T15:17:30+00:00","dateModified":"2021-12-13T11:06:14+00:00","breadcrumb":{"@id":"https:\/\/www.kark.de\/cms\/stahlwerkstechnik\/aluminium-elektrodentragarme\/#breadcrumb"},"inLanguage":"de","potentialAction":[{"@type":"ReadAction","target":["https:\/\/www.kark.de\/cms\/stahlwerkstechnik\/aluminium-elektrodentragarme\/"]}]},{"@type":"BreadcrumbList","@id":"https:\/\/www.kark.de\/cms\/stahlwerkstechnik\/aluminium-elektrodentragarme\/#breadcrumb","itemListElement":[{"@type":"ListItem","position":1,"name":"Startseite","item":"https:\/\/www.kark.de\/cms\/"},{"@type":"ListItem","position":2,"name":"Stahlwerkstechnik","item":"https:\/\/www.kark.de\/cms\/stahlwerkstechnik\/"},{"@type":"ListItem","position":3,"name":"Stromf\u00fchrende Aluminium-Elektrodentragarme"}]},{"@type":"WebSite","@id":"https:\/\/www.kark.de\/cms\/#website","url":"https:\/\/www.kark.de\/cms\/","name":"Kark GmbH","description":"Eine Website der Kark GmbH","potentialAction":[{"@type":"SearchAction","target":{"@type":"EntryPoint","urlTemplate":"https:\/\/www.kark.de\/cms\/?s={search_term_string}"},"query-input":{"@type":"PropertyValueSpecification","valueRequired":true,"valueName":"search_term_string"}}],"inLanguage":"de"}]}},"_links":{"self":[{"href":"https:\/\/www.kark.de\/cms\/wp-json\/wp\/v2\/pages\/14","targetHints":{"allow":["GET"]}}],"collection":[{"href":"https:\/\/www.kark.de\/cms\/wp-json\/wp\/v2\/pages"}],"about":[{"href":"https:\/\/www.kark.de\/cms\/wp-json\/wp\/v2\/types\/page"}],"author":[{"embeddable":true,"href":"https:\/\/www.kark.de\/cms\/wp-json\/wp\/v2\/users\/1"}],"replies":[{"embeddable":true,"href":"https:\/\/www.kark.de\/cms\/wp-json\/wp\/v2\/comments?post=14"}],"version-history":[{"count":3,"href":"https:\/\/www.kark.de\/cms\/wp-json\/wp\/v2\/pages\/14\/revisions"}],"predecessor-version":[{"id":2286,"href":"https:\/\/www.kark.de\/cms\/wp-json\/wp\/v2\/pages\/14\/revisions\/2286"}],"up":[{"embeddable":true,"href":"https:\/\/www.kark.de\/cms\/wp-json\/wp\/v2\/pages\/48"}],"wp:attachment":[{"href":"https:\/\/www.kark.de\/cms\/wp-json\/wp\/v2\/media?parent=14"}],"curies":[{"name":"wp","href":"https:\/\/api.w.org\/{rel}","templated":true}]}}