{"id":13,"date":"2010-12-16T16:16:54","date_gmt":"2010-12-16T15:16:54","guid":{"rendered":"http:\/\/kark.de\/wordpress\/qualitaet\/"},"modified":"2019-09-12T11:46:23","modified_gmt":"2019-09-12T09:46:23","slug":"qualitaet","status":"publish","type":"page","link":"https:\/\/www.kark.de\/cms\/maschinenbau-engineering\/qualitaet\/","title":{"rendered":"Qualit\u00e4t"},"content":{"rendered":"<p>Unsere Fertigungsqualit\u00e4t genie\u00dft in den verschiedensten Branchen einen hervorragenden Ruf. Sicher nicht ohne Grund.<br \/>\nUm unseren Kunden h\u00f6chste Pr\u00e4zision zu gew\u00e4hrleisten, nutzen wir alle M\u00f6glichkeiten moderner Messtechnik.<br \/>\nMit unseren CNC-gesteuerten 3D-Messzentren ermitteln wir Toleranzen im \u00b5-Bereich. Das sind Messbereiche, die bereits ein kontrolliertes Raumklima erfordern.<\/p>\n<p>Alle Messdaten unserer Qualit\u00e4tspr\u00fcfungen werden in Protokollen erfasst. So l\u00e4\u00dft sich jeder Produktionsschritt exakt dokumentieren, zuordnen und auswerten, bevor das Werkst\u00fcck den n\u00e4chsten Arbeitsgang durchl\u00e4uft oder zur Auslieferung kommt. Diese Protokolle haben auch gegen\u00fcber Dritten Dokumentencharakter. Zur Sicherheit des Produzenten und des Kunden.<\/p>\n<p>Wir arbeiten nach ISO 9001-Standard und bieten auf Wunsch Leistungen z. B. nach DIN EN ISO 3834-2 oder DIN EN 1090-2 an.<\/p>\n","protected":false},"excerpt":{"rendered":"<p>Unsere Fertigungsqualit\u00e4t genie\u00dft in den verschiedensten Branchen einen hervorragenden Ruf. Sicher nicht ohne Grund. Um unseren Kunden h\u00f6chste Pr\u00e4zision zu gew\u00e4hrleisten, nutzen wir alle M\u00f6glichkeiten moderner Messtechnik. Mit unseren CNC-gesteuerten 3D-Messzentren ermitteln wir Toleranzen im \u00b5-Bereich. Das sind Messbereiche, die bereits ein kontrolliertes Raumklima erfordern. Alle Messdaten unserer Qualit\u00e4tspr\u00fcfungen werden in Protokollen erfasst. So l\u00e4\u00dft [&hellip;]<\/p>\n","protected":false},"author":1,"featured_media":0,"parent":50,"menu_order":1,"comment_status":"closed","ping_status":"closed","template":"","meta":{"_acf_changed":false,"site-sidebar-layout":"default","site-content-layout":"default","ast-site-content-layout":"","site-content-style":"default","site-sidebar-style":"default","ast-global-header-display":"","ast-banner-title-visibility":"","ast-main-header-display":"","ast-hfb-above-header-display":"","ast-hfb-below-header-display":"","ast-hfb-mobile-header-display":"","site-post-title":"","ast-breadcrumbs-content":"","ast-featured-img":"","footer-sml-layout":"","theme-transparent-header-meta":"default","adv-header-id-meta":"","stick-header-meta":"","header-above-stick-meta":"","header-main-stick-meta":"","header-below-stick-meta":"","astra-migrate-meta-layouts":"default","ast-page-background-enabled":"default","ast-page-background-meta":{"desktop":{"background-color":"","background-image":"","background-repeat":"repeat","background-position":"center center","background-size":"auto","background-attachment":"scroll","background-type":"","background-media":"","overlay-type":"","overlay-color":"","overlay-gradient":""},"tablet":{"background-color":"","background-image":"","background-repeat":"repeat","background-position":"center center","background-size":"auto","background-attachment":"scroll","background-type":"","background-media":"","overlay-type":"","overlay-color":"","overlay-gradient":""},"mobile":{"background-color":"","background-image":"","background-repeat":"repeat","background-position":"center center","background-size":"auto","background-attachment":"scroll","background-type":"","background-media":"","overlay-type":"","overlay-color":"","overlay-gradient":""}},"ast-content-background-meta":{"desktop":{"background-color":"var(--ast-global-color-5)","background-image":"","background-repeat":"repeat","background-position":"center center","background-size":"auto","background-attachment":"scroll","background-type":"","background-media":"","overlay-type":"","overlay-color":"","overlay-gradient":""},"tablet":{"background-color":"var(--ast-global-color-5)","background-image":"","background-repeat":"repeat","background-position":"center center","background-size":"auto","background-attachment":"scroll","background-type":"","background-media":"","overlay-type":"","overlay-color":"","overlay-gradient":""},"mobile":{"background-color":"var(--ast-global-color-5)","background-image":"","background-repeat":"repeat","background-position":"center center","background-size":"auto","background-attachment":"scroll","background-type":"","background-media":"","overlay-type":"","overlay-color":"","overlay-gradient":""}},"footnotes":""},"class_list":["post-13","page","type-page","status-publish","hentry"],"acf":[],"yoast_head":"<!-- This site is optimized with the Yoast SEO plugin v27.5 - https:\/\/yoast.com\/product\/yoast-seo-wordpress\/ -->\n<title>Qualit\u00e4t - Kark GmbH<\/title>\n<meta name=\"robots\" content=\"index, follow, max-snippet:-1, max-image-preview:large, max-video-preview:-1\" \/>\n<link rel=\"canonical\" href=\"https:\/\/www.kark.de\/cms\/maschinenbau-engineering\/qualitaet\/\" \/>\n<meta property=\"og:locale\" content=\"de_DE\" \/>\n<meta property=\"og:type\" content=\"article\" \/>\n<meta property=\"og:title\" content=\"Qualit\u00e4t - Kark GmbH\" \/>\n<meta property=\"og:description\" content=\"Unsere Fertigungsqualit\u00e4t genie\u00dft in den verschiedensten Branchen einen hervorragenden Ruf. Sicher nicht ohne Grund. Um unseren Kunden h\u00f6chste Pr\u00e4zision zu gew\u00e4hrleisten, nutzen wir alle M\u00f6glichkeiten moderner Messtechnik. Mit unseren CNC-gesteuerten 3D-Messzentren ermitteln wir Toleranzen im \u00b5-Bereich. Das sind Messbereiche, die bereits ein kontrolliertes Raumklima erfordern. Alle Messdaten unserer Qualit\u00e4tspr\u00fcfungen werden in Protokollen erfasst. So l\u00e4\u00dft [&hellip;]\" \/>\n<meta property=\"og:url\" content=\"https:\/\/www.kark.de\/cms\/maschinenbau-engineering\/qualitaet\/\" \/>\n<meta property=\"og:site_name\" content=\"Kark GmbH\" \/>\n<meta property=\"article:modified_time\" content=\"2019-09-12T09:46:23+00:00\" \/>\n<meta name=\"twitter:card\" content=\"summary_large_image\" \/>\n<meta name=\"twitter:label1\" content=\"Gesch\u00e4tzte Lesezeit\" \/>\n\t<meta name=\"twitter:data1\" content=\"1\u00a0Minute\" \/>\n<script type=\"application\/ld+json\" class=\"yoast-schema-graph\">{\"@context\":\"https:\\\/\\\/schema.org\",\"@graph\":[{\"@type\":\"WebPage\",\"@id\":\"https:\\\/\\\/www.kark.de\\\/cms\\\/maschinenbau-engineering\\\/qualitaet\\\/\",\"url\":\"https:\\\/\\\/www.kark.de\\\/cms\\\/maschinenbau-engineering\\\/qualitaet\\\/\",\"name\":\"Qualit\u00e4t - Kark GmbH\",\"isPartOf\":{\"@id\":\"https:\\\/\\\/www.kark.de\\\/cms\\\/#website\"},\"datePublished\":\"2010-12-16T15:16:54+00:00\",\"dateModified\":\"2019-09-12T09:46:23+00:00\",\"breadcrumb\":{\"@id\":\"https:\\\/\\\/www.kark.de\\\/cms\\\/maschinenbau-engineering\\\/qualitaet\\\/#breadcrumb\"},\"inLanguage\":\"de\",\"potentialAction\":[{\"@type\":\"ReadAction\",\"target\":[\"https:\\\/\\\/www.kark.de\\\/cms\\\/maschinenbau-engineering\\\/qualitaet\\\/\"]}]},{\"@type\":\"BreadcrumbList\",\"@id\":\"https:\\\/\\\/www.kark.de\\\/cms\\\/maschinenbau-engineering\\\/qualitaet\\\/#breadcrumb\",\"itemListElement\":[{\"@type\":\"ListItem\",\"position\":1,\"name\":\"Startseite\",\"item\":\"https:\\\/\\\/www.kark.de\\\/cms\\\/\"},{\"@type\":\"ListItem\",\"position\":2,\"name\":\"Maschinenbau &#038; Engineering\",\"item\":\"https:\\\/\\\/www.kark.de\\\/cms\\\/maschinenbau-engineering\\\/\"},{\"@type\":\"ListItem\",\"position\":3,\"name\":\"Qualit\u00e4t\"}]},{\"@type\":\"WebSite\",\"@id\":\"https:\\\/\\\/www.kark.de\\\/cms\\\/#website\",\"url\":\"https:\\\/\\\/www.kark.de\\\/cms\\\/\",\"name\":\"Kark GmbH\",\"description\":\"Eine Website der Kark GmbH\",\"potentialAction\":[{\"@type\":\"SearchAction\",\"target\":{\"@type\":\"EntryPoint\",\"urlTemplate\":\"https:\\\/\\\/www.kark.de\\\/cms\\\/?s={search_term_string}\"},\"query-input\":{\"@type\":\"PropertyValueSpecification\",\"valueRequired\":true,\"valueName\":\"search_term_string\"}}],\"inLanguage\":\"de\"}]}<\/script>\n<!-- \/ Yoast SEO plugin. -->","yoast_head_json":{"title":"Qualit\u00e4t - Kark GmbH","robots":{"index":"index","follow":"follow","max-snippet":"max-snippet:-1","max-image-preview":"max-image-preview:large","max-video-preview":"max-video-preview:-1"},"canonical":"https:\/\/www.kark.de\/cms\/maschinenbau-engineering\/qualitaet\/","og_locale":"de_DE","og_type":"article","og_title":"Qualit\u00e4t - Kark GmbH","og_description":"Unsere Fertigungsqualit\u00e4t genie\u00dft in den verschiedensten Branchen einen hervorragenden Ruf. Sicher nicht ohne Grund. Um unseren Kunden h\u00f6chste Pr\u00e4zision zu gew\u00e4hrleisten, nutzen wir alle M\u00f6glichkeiten moderner Messtechnik. Mit unseren CNC-gesteuerten 3D-Messzentren ermitteln wir Toleranzen im \u00b5-Bereich. Das sind Messbereiche, die bereits ein kontrolliertes Raumklima erfordern. Alle Messdaten unserer Qualit\u00e4tspr\u00fcfungen werden in Protokollen erfasst. So l\u00e4\u00dft [&hellip;]","og_url":"https:\/\/www.kark.de\/cms\/maschinenbau-engineering\/qualitaet\/","og_site_name":"Kark GmbH","article_modified_time":"2019-09-12T09:46:23+00:00","twitter_card":"summary_large_image","twitter_misc":{"Gesch\u00e4tzte Lesezeit":"1\u00a0Minute"},"schema":{"@context":"https:\/\/schema.org","@graph":[{"@type":"WebPage","@id":"https:\/\/www.kark.de\/cms\/maschinenbau-engineering\/qualitaet\/","url":"https:\/\/www.kark.de\/cms\/maschinenbau-engineering\/qualitaet\/","name":"Qualit\u00e4t - Kark GmbH","isPartOf":{"@id":"https:\/\/www.kark.de\/cms\/#website"},"datePublished":"2010-12-16T15:16:54+00:00","dateModified":"2019-09-12T09:46:23+00:00","breadcrumb":{"@id":"https:\/\/www.kark.de\/cms\/maschinenbau-engineering\/qualitaet\/#breadcrumb"},"inLanguage":"de","potentialAction":[{"@type":"ReadAction","target":["https:\/\/www.kark.de\/cms\/maschinenbau-engineering\/qualitaet\/"]}]},{"@type":"BreadcrumbList","@id":"https:\/\/www.kark.de\/cms\/maschinenbau-engineering\/qualitaet\/#breadcrumb","itemListElement":[{"@type":"ListItem","position":1,"name":"Startseite","item":"https:\/\/www.kark.de\/cms\/"},{"@type":"ListItem","position":2,"name":"Maschinenbau &#038; Engineering","item":"https:\/\/www.kark.de\/cms\/maschinenbau-engineering\/"},{"@type":"ListItem","position":3,"name":"Qualit\u00e4t"}]},{"@type":"WebSite","@id":"https:\/\/www.kark.de\/cms\/#website","url":"https:\/\/www.kark.de\/cms\/","name":"Kark GmbH","description":"Eine Website der Kark GmbH","potentialAction":[{"@type":"SearchAction","target":{"@type":"EntryPoint","urlTemplate":"https:\/\/www.kark.de\/cms\/?s={search_term_string}"},"query-input":{"@type":"PropertyValueSpecification","valueRequired":true,"valueName":"search_term_string"}}],"inLanguage":"de"}]}},"_links":{"self":[{"href":"https:\/\/www.kark.de\/cms\/wp-json\/wp\/v2\/pages\/13","targetHints":{"allow":["GET"]}}],"collection":[{"href":"https:\/\/www.kark.de\/cms\/wp-json\/wp\/v2\/pages"}],"about":[{"href":"https:\/\/www.kark.de\/cms\/wp-json\/wp\/v2\/types\/page"}],"author":[{"embeddable":true,"href":"https:\/\/www.kark.de\/cms\/wp-json\/wp\/v2\/users\/1"}],"replies":[{"embeddable":true,"href":"https:\/\/www.kark.de\/cms\/wp-json\/wp\/v2\/comments?post=13"}],"version-history":[{"count":2,"href":"https:\/\/www.kark.de\/cms\/wp-json\/wp\/v2\/pages\/13\/revisions"}],"predecessor-version":[{"id":337,"href":"https:\/\/www.kark.de\/cms\/wp-json\/wp\/v2\/pages\/13\/revisions\/337"}],"up":[{"embeddable":true,"href":"https:\/\/www.kark.de\/cms\/wp-json\/wp\/v2\/pages\/50"}],"wp:attachment":[{"href":"https:\/\/www.kark.de\/cms\/wp-json\/wp\/v2\/media?parent=13"}],"curies":[{"name":"wp","href":"https:\/\/api.w.org\/{rel}","templated":true}]}}